{"id":986,"date":"2017-07-07T08:29:12","date_gmt":"2017-07-07T07:29:12","guid":{"rendered":"http:\/\/www.lemasdesfontaines.com\/?page_id=986\/"},"modified":"2026-02-06T13:45:22","modified_gmt":"2026-02-06T12:45:22","slug":"la-chambre-foret","status":"publish","type":"page","link":"https:\/\/www.lemasdesfontaines.com\/nl\/gastenkamer\/la-chambre-foret\/","title":{"rendered":"De Boskamer"},"content":{"rendered":"<div class=\"vc_row wpb_row vc_row-fluid\"  >\n\t<div class=\"vc_col-sm-12 wpb_column vc_column_container \">\n\t\t<div class=\"wpb_wrapper\">\n\t\t\t\n\t<div class=\"wpb_text_column wpb_content_element \">\n\t\t<div class=\"wpb_wrapper\">\n\t\t\t<p>Grote slaapkamer met airconditioning op de begane grond van het landhuis Mas des Fontaines.<br \/>U zult dol zijn op de frisse kleuren in een groene omgeving. Eigen doucheruimte en toilet.<br \/>Flatscreen-tv, dvd-speler, hifi-installatie, bibliotheek. Het huis heeft een gratis ADSL-verbinding.  <\/p>\n<p>Open de erker en u bevindt zich op uw eigen priv\u00e9terras, waar u kunt ontspannen, bijpraten over vroeger en genieten van een glas van onze Languedocwijnen (\u00e9\u00e9n of meer, u hoeft niet naar boven). Ga in de schaduw zitten in de lounge die voor u gereserveerd is, met directe toegang tot de tuinen van de Mas, het sierzwembad (en andere terrassen) of geniet gewoon van het kaarslicht&#8230; Een heel programma&#8230;  <\/p>\n<p>Als u ook de keuken naast uw suite wilt gebruiken, bent u volledig zelfvoorzienend voor een self-catering verblijf.<\/p>\n<p>Of u hier nu voor een kort of langer verblijf bent, u zult zich in elk seizoen thuis voelen.<\/p>\n<p>De ligging op de begane grond maakt het ideaal voor geliefden op zoek naar rust, stellen met kleine kinderen, senioren en mensen met beperkte mobiliteit.<\/p>\n<p>Het is een win-winsituatie.<\/p>\n<p>We heten u van harte welkom en leiden u rond door onze prachtige regio, en als u wilt, kunnen we u helpen bij het samenstellen van uw eigen toeristische programma.<\/p>\n\n\t\t<\/div> \n\t<\/div> \n\t\t<\/div> \n\t<\/div> \n<\/div>\t<div class=\"vc_row wpb_row vc_row-fluid\"  >\n\t<div class=\"vc_col-sm-6 wpb_column vc_column_container \">\n\t\t<div class=\"wpb_wrapper\">\n\t\t\t\n\t<div class=\"wpb_text_column wpb_content_element \">\n\t\t<div class=\"wpb_wrapper\">\n\t\t\t<h3>Prijzen per nacht voor \u00e9\u00e9n of twee personen :<\/h3>\n<ul>\n<li><span class=\"stars\">Ontbijt inbegrepen van \u20ac95 tot \u20ac115, afhankelijk van het seizoen.<\/span><\/li>\n<li><span class=\"stars\">Extra persoon 35 euro.<\/span><\/li>\n<li><span class=\"stars\">Baby&#8217;s gratis, uitleen van bed afhankelijk van beschikbaarheid, keuken beschikbaar<br \/>Neem contact met ons op via e-mail of telefoon voor beschikbaarheid van kamers.<\/span><\/li>\n<li><span class=\"stars\">Degressieve tarieven voor lange perioden.<\/span><\/li>\n<li><span class=\"stars\">Toeristenbelasting: \u20ac1,15 per dag per persoon ouder dan 18.<\/span><\/li>\n<\/ul>\n<p>De self-catering versie kost tussen de \u20ac100 en \u20ac120, afhankelijk van het seizoen en de duur van het verblijf.<\/p>\n\n\t\t<\/div> \n\t<\/div> \n\t\t<\/div> \n\t<\/div> \n\n\t<div class=\"vc_col-sm-6 wpb_column vc_column_container \">\n\t\t<div class=\"wpb_wrapper\">\n\t\t\t\n\t<div class=\"wpb_text_column wpb_content_element \">\n\t\t<div class=\"wpb_wrapper\">\n\t\t\t<h3>Extra voordelen<\/h3>\n<p>Extra diensten ter plaatse beschikbaar tegen extra kosten:<\/p>\n<ul>\n<li>Babysitten<\/li>\n<li>Wijn- en streekproductenproefavonden afhankelijk van het seizoen en het aantal gasten<\/li>\n<li>Bezoeken aan wijndomeinen<\/li>\n<li>Consumptie ter plaatse of ijs<\/li>\n<li>Paella-avonden, tapas, tajines, mediterrane keuken met Languedoc-wijn (alleen op reservering)<\/li>\n<li>Table d&#8217;h\u00f4tes (alleen op reservering)<\/li>\n<li>Ontdek lokale producten<\/li>\n<\/ul>\n\n\t\t<\/div> \n\t<\/div> \n\t\t<\/div> \n\t<\/div> \n<\/div>\t<div class=\"vc_row wpb_row vc_row-fluid\"  ><\/div>\n\t<div class=\"vc_col-sm-12 wpb_column vc_column_container \">\n\t\t<div class=\"wpb_wrapper\">\n\t\t\t\n\t\t<\/div> \n\t<\/div>\n<\/p>\n\n\n<h3 class=\"wp-block-heading\">Voor lange verblijven<\/h3>\n\n\n\n<p><p>Langetermijnverhuur kan beschikbaar zijn voor mensen die op zoek zijn naar een aangename plek om een paar maanden in optimale omstandigheden te wonen.<\/p>\n<p>\n \n<\/p><\/p>\n\n\n\n<p><p>Of u nu :<\/p>\n<p>\n \n<\/p><\/p>\n\n\n\n<ul class=\"wp-block-list\">\n<li>Tijdens de overdrachtsperiode<\/li>\n\n\n\n<li>In afwachting van een handtekening op een woning<\/li>\n\n\n\n<li>Op zoek naar een woning<\/li>\n\n\n\n<li>Op zoek naar een verblijfplaats terwijl er aan uw eigen huis gewerkt wordt<\/li>\n\n\n\n<li>Een bedrijf op zoek naar accommodatie voor zijn team of teams<\/li>\n\n\n\n<li>Een buitenlandse leraar op zoek naar een leuke plek voor zijn leerlingen<\/li>\n\n\n\n<li>Buitenlanders op zoek naar een gezin om Frans te leren en in Zuid-Frankrijk te wonen<\/li>\n\n\n\n<li>Heel eenvoudig, iemand die op zoek is naar wat rust en stilte&#8230;<\/li>\n<\/ul>\n\n\n\n<p><p>U bent meer dan welkom om contact met mij op te nemen voor meer informatie!<\/p><br><\/p>\n\n\n\n<div class=\"wp-block-ftg-gallery\"><!-- Final Tiles Grid Gallery for WordPress v3.6.11 free --><style>#ftg-44 .tile .icon { color:#ffffff; }#ftg-44 .ftg-items .loading-bar i { background:#666; }#ftg-44 .ftg-items .loading-bar { background:#fff; }#ftg-44 .tile .icon { font-size:12px; }#ftg-44 .tile .icon { margin: -6px 0 0 -6px; }#ftg-44 .tile .caption-block .text-wrapper span.text { font-size:12px; }#ftg-44 .tile .caption-outside .text-wrapper span.text { font-size:12px; }#ftg-44 .tile .caption-block .text-wrapper span.title { font-size:14px; }#ftg-44 .tile .caption-outside .text-wrapper span.title { font-size:14px; }#ftg-44 .tile { background-color: transparent; }#ftg-44 .tile .caption-block .text-wrapper span.text { color: #ffffff; }#ftg-44 .tile .caption-block .text-wrapper span.title { color: #ffffff; }#ftg-44 .tile .caption-outside .text-wrapper span.text { color: #ffffff; }#ftg-44 .tile .caption-outside .text-wrapper span.title { color: #ffffff; }#ftg-44 .tile .ftg-social a { color: #ffffff; }#ftg-44 .tile .caption-block { transition-duration:0.25s; }#ftg-44 .tile .tile-inner:before { background-color: #000000; }#ftg-44 .tile .tile-inner:before { background-color: rgba(0, 0, 0, 0.8); }#ftg-44 .tile .caption-block, #ftg-44 .tile .caption-outside { border-color: #ffffff; }#ftg-44 .tile:hover img {-moz-transform: ;-webkit-transform: ;-o-transform: ;-ms-transform: ;transform: ;}<\/style><a name=\"4\"><\/a><div class=\"final-tiles-gallery  ftg-hover-enabled caption-inside caption-frame caption-none caption-middle caption-center\" id=\"ftg-44\" style=\"width: 100%\"><div class='ftg-items'><div class='loading-bar'><i><\/i><\/div><div  class='tile ftg-preload  '><a title=\"Cuisine\" data-lightbox='ftg-44' rel='ftg-44'  class=' tile-inner  ftg-lightbox' href='' ><img alt='Cuisine' class='item skip-lazy' data-class='item' data-ftg-source='https:\/\/www.lemasdesfontaines.com\/wp-content\/uploads\/2017\/07\/Chambre-For\u00eat-5-768x1024.jpg' src='https:\/\/www.lemasdesfontaines.com\/wp-content\/uploads\/2017\/07\/Chambre-For\u00eat-5-768x1024.jpg' width='auto' height='auto' \/><div class='caption-block'><div class='text-wrapper'><span class='title'>Cuisine<\/span><\/div><\/div><\/a><div class='ftg-social'><\/div><\/div><div  class='tile ftg-preload  '><a title=\"Chambre For\u00eat\" data-lightbox='ftg-44' rel='ftg-44'  class=' tile-inner  ftg-lightbox' href='' ><img alt='Chambre For\u00eat' class='item skip-lazy' data-class='item' data-ftg-source='https:\/\/www.lemasdesfontaines.com\/wp-content\/uploads\/2017\/07\/Chambre-For\u00eat-4-1024x768.jpg' src='https:\/\/www.lemasdesfontaines.com\/wp-content\/uploads\/2017\/07\/Chambre-For\u00eat-4-1024x768.jpg' width='auto' height='auto' \/><div class='caption-block'><div class='text-wrapper'><span class='title'>Chambre For\u00eat<\/span><\/div><\/div><\/a><div class='ftg-social'><\/div><\/div><div  class='tile ftg-preload  '><a title=\"Chambre For\u00eat\" data-lightbox='ftg-44' rel='ftg-44'  class=' tile-inner  ftg-lightbox' href='' ><img alt='Chambre For\u00eat' class='item skip-lazy' data-class='item' data-ftg-source='https:\/\/www.lemasdesfontaines.com\/wp-content\/uploads\/2017\/07\/Chambre-For\u00eat-2-1024x767.jpg' src='https:\/\/www.lemasdesfontaines.com\/wp-content\/uploads\/2017\/07\/Chambre-For\u00eat-2-1024x767.jpg' width='auto' height='auto' \/><div class='caption-block'><div class='text-wrapper'><span class='title'>Chambre For\u00eat<\/span><\/div><\/div><\/a><div class='ftg-social'><\/div><\/div><div  class='tile ftg-preload  '><a title=\"Chambre For\u00eat\" data-lightbox='ftg-44' rel='ftg-44'  class=' tile-inner  ftg-lightbox' href='' ><img alt='Chambre For\u00eat' class='item skip-lazy' data-class='item' data-ftg-source='https:\/\/www.lemasdesfontaines.com\/wp-content\/uploads\/2017\/07\/Chambre-For\u00eat-1-1024x768.jpg' src='https:\/\/www.lemasdesfontaines.com\/wp-content\/uploads\/2017\/07\/Chambre-For\u00eat-1-1024x768.jpg' width='auto' height='auto' \/><div class='caption-block'><div class='text-wrapper'><span class='title'>Chambre For\u00eat<\/span><\/div><\/div><\/a><div class='ftg-social'><\/div><\/div><div  class='tile ftg-preload  '><a title=\"Terrasse\" data-lightbox='ftg-44' rel='ftg-44'  class=' tile-inner  ftg-lightbox' href='' ><img alt='Terrasse' class='item skip-lazy' data-class='item' data-ftg-source='https:\/\/www.lemasdesfontaines.com\/wp-content\/uploads\/2017\/07\/bandeau-chambre-foret-1024x267.jpg' src='https:\/\/www.lemasdesfontaines.com\/wp-content\/uploads\/2017\/07\/bandeau-chambre-foret-1024x267.jpg' width='auto' height='auto' \/><div class='caption-block'><div class='text-wrapper'><span class='title'>Terrasse<\/span><\/div><\/div><\/a><div class='ftg-social'><\/div><\/div><div  class='tile ftg-preload  '><a title=\"Terrasse\" data-lightbox='ftg-44' rel='ftg-44'  class=' tile-inner  ftg-lightbox' href='' ><img alt='Terrasse' class='item skip-lazy' data-class='item' data-ftg-source='https:\/\/www.lemasdesfontaines.com\/wp-content\/uploads\/2017\/07\/Chambre-For\u00eat-3-1024x768.jpg' src='https:\/\/www.lemasdesfontaines.com\/wp-content\/uploads\/2017\/07\/Chambre-For\u00eat-3-1024x768.jpg' width='auto' height='auto' \/><div class='caption-block'><div class='text-wrapper'><span class='title'>Terrasse<\/span><\/div><\/div><\/a><div class='ftg-social'><\/div><\/div><div  class='tile ftg-preload  '><a title=\"Salle d\u2019eau\" data-lightbox='ftg-44' rel='ftg-44'  class=' tile-inner  ftg-lightbox' href='' ><img alt='Salle d\u2019eau' class='item skip-lazy' data-class='item' data-ftg-source='https:\/\/www.lemasdesfontaines.com\/wp-content\/uploads\/2017\/07\/Chambre-For\u00eat-7-1024x768.jpg' src='https:\/\/www.lemasdesfontaines.com\/wp-content\/uploads\/2017\/07\/Chambre-For\u00eat-7-1024x768.jpg' width='auto' height='auto' \/><div class='caption-block'><div class='text-wrapper'><span class='title'>Salle d\u2019eau<\/span><\/div><\/div><\/a><div class='ftg-social'><\/div><\/div><div  class='tile ftg-preload  '><a title=\"Couloir\" data-lightbox='ftg-44' rel='ftg-44'  class=' tile-inner  ftg-lightbox' href='' ><img alt='Couloir' class='item skip-lazy' data-class='item' data-ftg-source='https:\/\/www.lemasdesfontaines.com\/wp-content\/uploads\/2017\/07\/Chambre-For\u00eat-6-768x1024.jpg' src='https:\/\/www.lemasdesfontaines.com\/wp-content\/uploads\/2017\/07\/Chambre-For\u00eat-6-768x1024.jpg' width='auto' height='auto' \/><div class='caption-block'><div class='text-wrapper'><span class='title'>Couloir<\/span><\/div><\/div><\/a><div class='ftg-social'><\/div><\/div><\/div><\/div><\/div>\n","protected":false},"excerpt":{"rendered":"<p>Voor lange verblijven Langetermijnverhuur kan beschikbaar zijn voor mensen die op zoek zijn naar een aangename plek om een paar maanden in optimale omstandigheden te wonen. Of u nu : U bent meer dan welkom om contact met mij op te nemen voor meer informatie!<\/p>\n","protected":false},"author":1,"featured_media":935,"parent":1633,"menu_order":0,"comment_status":"closed","ping_status":"closed","template":"page-templates\/full-width-page.php","meta":{"om_disable_all_campaigns":false,"_monsterinsights_skip_tracking":false,"_monsterinsights_sitenote_active":false,"_monsterinsights_sitenote_note":"","_monsterinsights_sitenote_category":0,"_uf_show_specific_survey":0,"_uf_disable_surveys":false,"footnotes":""},"class_list":["post-986","page","type-page","status-publish","has-post-thumbnail","hentry"],"aioseo_notices":[],"_links":{"self":[{"href":"https:\/\/www.lemasdesfontaines.com\/nl\/wp-json\/wp\/v2\/pages\/986","targetHints":{"allow":["GET"]}}],"collection":[{"href":"https:\/\/www.lemasdesfontaines.com\/nl\/wp-json\/wp\/v2\/pages"}],"about":[{"href":"https:\/\/www.lemasdesfontaines.com\/nl\/wp-json\/wp\/v2\/types\/page"}],"author":[{"embeddable":true,"href":"https:\/\/www.lemasdesfontaines.com\/nl\/wp-json\/wp\/v2\/users\/1"}],"replies":[{"embeddable":true,"href":"https:\/\/www.lemasdesfontaines.com\/nl\/wp-json\/wp\/v2\/comments?post=986"}],"version-history":[{"count":6,"href":"https:\/\/www.lemasdesfontaines.com\/nl\/wp-json\/wp\/v2\/pages\/986\/revisions"}],"predecessor-version":[{"id":1773,"href":"https:\/\/www.lemasdesfontaines.com\/nl\/wp-json\/wp\/v2\/pages\/986\/revisions\/1773"}],"up":[{"embeddable":true,"href":"https:\/\/www.lemasdesfontaines.com\/nl\/wp-json\/wp\/v2\/pages\/1633"}],"wp:featuredmedia":[{"embeddable":true,"href":"https:\/\/www.lemasdesfontaines.com\/nl\/wp-json\/wp\/v2\/media\/935"}],"wp:attachment":[{"href":"https:\/\/www.lemasdesfontaines.com\/nl\/wp-json\/wp\/v2\/media?parent=986"}],"curies":[{"name":"wp","href":"https:\/\/api.w.org\/{rel}","templated":true}]}}