{"id":1664,"date":"2026-02-06T10:28:49","date_gmt":"2026-02-06T09:28:49","guid":{"rendered":"https:\/\/www.lemasdesfontaines.com\/pleziervijver-en-tuinen\/"},"modified":"2026-02-06T11:34:53","modified_gmt":"2026-02-06T10:34:53","slug":"pleziervijver-en-tuinen","status":"publish","type":"page","link":"https:\/\/www.lemasdesfontaines.com\/nl\/pleziervijver-en-tuinen\/","title":{"rendered":"Pleziervijver en tuinen"},"content":{"rendered":"<h2 style=\"text-align: center;\">\u2022 Un espace reposant\u2022<\/h2>\n<p><img loading=\"lazy\" decoding=\"async\" class=\"alignright wp-image-1177\" src=\"http:\/\/www.lemasdesfontaines.com\/wp-content\/uploads\/2019\/06\/bassin-1-766x1024.jpg\" alt=\"\" width=\"621\" height=\"830\" srcset=\"https:\/\/www.lemasdesfontaines.com\/wp-content\/uploads\/2019\/06\/bassin-1-766x1024.jpg 766w, https:\/\/www.lemasdesfontaines.com\/wp-content\/uploads\/2019\/06\/bassin-1-112x150.jpg 112w, https:\/\/www.lemasdesfontaines.com\/wp-content\/uploads\/2019\/06\/bassin-1-224x300.jpg 224w, https:\/\/www.lemasdesfontaines.com\/wp-content\/uploads\/2019\/06\/bassin-1-768x1026.jpg 768w, https:\/\/www.lemasdesfontaines.com\/wp-content\/uploads\/2019\/06\/bassin-1.jpg 823w\" sizes=\"auto, (max-width: 621px) 100vw, 621px\" \/><\/p>\n<p>Le bassin d&#8217;agr\u00e9ment, aux allures de bassin ancien, accentue encore l\u2019esprit du jardin m\u00e9diterran\u00e9en \u00e0 l\u2019ambiance calme et reposante.<\/p>\n<p>Dans un \u00e9crin de verdure, entre la maison de ma\u00eetre et la cuisine d\u2019\u00e9t\u00e9, venez vous d\u00e9tendre sur une des banquettes dans l\u2019eau chaude sal\u00e9e pour des massages relaxants.<\/p>\n<p>L\u2019esprit du bassin est mis en valeur par une bordure \u00e9pur\u00e9e avec l\u2019aspect brut de la pierre, pos\u00e9e sans plage dans l\u2019environnement de la pelouse sauf pour la terrasse agr\u00e9ment\u00e9e des transats en fer forg\u00e9. Les petits carreaux verts iris\u00e9s donnent un effet miroir qui efface l\u2019id\u00e9e m\u00eame de la piscine.<\/p>\n<p style=\"text-align: center;\">\n<p>Pour une installation aussi discr\u00e8te qu\u2019esth\u00e9tique \u2013 sans oublier la s\u00e9curit\u00e9 -, le bassin accueille la fosse de la couverture automatique dont le caillebotis fait office de plage immerg\u00e9e. Avec le m\u00eame souci de discr\u00e9tion, les marches d\u2019acc\u00e8s au bassin sont \u00e9galement partiellement immerg\u00e9es et permettent une assise confortable.<\/p>\n<p>Les dalles de la terrasse qui m\u00e8ne \u00e0 la piscine sont en pierre permettant ainsi \u00e0 la pelouse de trouver son chemin entre les diff\u00e9rents espaces.<\/p>\n<p>Bien qu\u2019elle soit de taille modeste, vous n\u2019y verrez que des avantages, puisqu\u2019elle est agr\u00e9ment\u00e9e de toutes sortes d\u2019options\u00a0: ses buses de massage, ses \u00e9clairages particuliers, ses escaliers, ses assises, ses banquettes, sa temp\u00e9rature id\u00e9ale, sa couverture de s\u00e9curit\u00e9, etc. Vous b\u00e9n\u00e9ficierez de tout le confort d\u2019une grande piscine et la convivialit\u00e9 d\u2019un tr\u00e8s tr\u00e8s grand jaccuzi.<\/p>\n<p style=\"text-align: center;\">\n<p>Venez d\u00e9couvrir un espace de d\u00e9tente \u00e0 la fois d\u00e9paysant, tendance et rafra\u00eechissant.\u00a0 Les am\u00e9nagements et les \u00e9l\u00e9ments de d\u00e9coration sont aux accents franchement orientaux et vous voil\u00e0 transport\u00e9s au-del\u00e0 de la M\u00e9diterran\u00e9e.<\/p>\n<p>Les murs de pierres contribuent par leur couleur \u00e0 la douceur de l\u2019ambiance.\u00a0Dans une palette allant du gr\u00e8ge au jaune en passant par l\u2019orang\u00e9 et l\u2019ocre, le vert olive P\u00e9zenas des volets compl\u00e8te par sa luminosit\u00e9 les autres tons verts du jardin et des plantes et celui des carreaux de la piscine pour une tonalit\u00e9 orientale o\u00f9 la fra\u00eecheur domine.<\/p>\n<p style=\"text-align: center;\">\n<p>Un mobilier de caract\u00e8re en fer forg\u00e9, pr\u00e9sent dans tout le domaine, rappelle nos racines m\u00e9diterran\u00e9ennes. Tables avec plateaux en zellige, chaises, fauteuils et transats ainsi que leurs coussins douillets vous appellent au repos. \u00c0 moins que vous ne pr\u00e9f\u00e9riez des bancs, chaises et tables en pierre, aux lignes pures. Vous n\u2019aurez que le choix en fonction des diff\u00e9rentes terrasses \u00e0 tous les niveaux de la propri\u00e9t\u00e9 pour vous retrouver \u00e0 refaire le monde entre amis ou vous ressourcer, seul.<\/p>\n<p style=\"text-align: center;\">\n<p style=\"text-align: center;\"><!-- Final Tiles Grid Gallery for WordPress v3.6.11 free --><style>#ftg-88 .tile .icon { color:#ffffff; }#ftg-88 .ftg-items .loading-bar i { background:#666; }#ftg-88 .ftg-items .loading-bar { background:#fff; }#ftg-88 .tile .icon { font-size:12px; }#ftg-88 .tile .icon { margin: -6px 0 0 -6px; }#ftg-88 .tile .caption-block .text-wrapper span.text { font-size:12px; }#ftg-88 .tile .caption-outside .text-wrapper span.text { font-size:12px; }#ftg-88 .tile .caption-block .text-wrapper span.title { font-size:14px; }#ftg-88 .tile .caption-outside .text-wrapper span.title { font-size:14px; }#ftg-88 .tile { background-color: transparent; }#ftg-88 .tile .caption-block .text-wrapper span.text { color: #ffffff; }#ftg-88 .tile .caption-block .text-wrapper span.title { color: #ffffff; }#ftg-88 .tile .caption-outside .text-wrapper span.text { color: #ffffff; }#ftg-88 .tile .caption-outside .text-wrapper span.title { color: #ffffff; }#ftg-88 .tile .ftg-social a { color: #ffffff; }#ftg-88 .tile .caption-block { transition-duration:0.25s; }#ftg-88 .tile .tile-inner:before { background-color: #000000; }#ftg-88 .tile .tile-inner:before { background-color: rgba(0, 0, 0, 0.8); }#ftg-88 .tile .caption-block, #ftg-88 .tile .caption-outside { border-color: #ffffff; }#ftg-88 .tile:hover img {-moz-transform: ;-webkit-transform: ;-o-transform: ;-ms-transform: ;transform: ;}<\/style><a name=\"8\"><\/a><div class=\"final-tiles-gallery  ftg-hover-enabled caption-inside caption-frame caption-none caption-middle caption-center\" id=\"ftg-88\" style=\"width: 100%\"><div class='ftg-items'><div class='loading-bar'><i><\/i><\/div><div  class='tile ftg-preload  '><a title=\"Bassin d\\&#039;agr\u00e9ment\" data-lightbox='ftg-88' rel='ftg-88'  class=' tile-inner  ftg-lightbox' href='' ><img alt='Bassin d\\&#039;agr\u00e9ment' class='item skip-lazy' data-class='item' data-ftg-source='https:\/\/www.lemasdesfontaines.com\/wp-content\/uploads\/2019\/06\/bassin-8-1024x679.jpg' src='https:\/\/www.lemasdesfontaines.com\/wp-content\/uploads\/2019\/06\/bassin-8-1024x679.jpg' width='auto' height='auto' \/><div class='caption-block'><div class='text-wrapper'><span class='title'>Bassin d\\'agr\u00e9ment<\/span><\/div><\/div><\/a><div class='ftg-social'><\/div><\/div><div  class='tile ftg-preload  '><a title=\"Bassin d\\&#039;agr\u00e9ment\" data-lightbox='ftg-88' rel='ftg-88'  class=' tile-inner  ftg-lightbox' href='' ><img alt='Bassin d\\&#039;agr\u00e9ment' class='item skip-lazy' data-class='item' data-ftg-source='https:\/\/www.lemasdesfontaines.com\/wp-content\/uploads\/2019\/06\/bassin-7-1024x765.jpg' src='https:\/\/www.lemasdesfontaines.com\/wp-content\/uploads\/2019\/06\/bassin-7-1024x765.jpg' width='auto' height='auto' \/><div class='caption-block'><div class='text-wrapper'><span class='title'>Bassin d\\'agr\u00e9ment<\/span><\/div><\/div><\/a><div class='ftg-social'><\/div><\/div><div  class='tile ftg-preload  '><a title=\"Bassin d\\&#039;agr\u00e9ment\" data-lightbox='ftg-88' rel='ftg-88'  class=' tile-inner  ftg-lightbox' href='' ><img alt='Bassin d\\&#039;agr\u00e9ment' class='item skip-lazy' data-class='item' data-ftg-source='https:\/\/www.lemasdesfontaines.com\/wp-content\/uploads\/2019\/06\/bassin-6-1024x769.jpg' src='https:\/\/www.lemasdesfontaines.com\/wp-content\/uploads\/2019\/06\/bassin-6-1024x769.jpg' width='auto' height='auto' \/><div class='caption-block'><div class='text-wrapper'><span class='title'>Bassin d\\'agr\u00e9ment<\/span><\/div><\/div><\/a><div class='ftg-social'><\/div><\/div><div  class='tile ftg-preload  '><a title=\"Bassin d\\&#039;agr\u00e9ment\" data-lightbox='ftg-88' rel='ftg-88'  class=' tile-inner  ftg-lightbox' href='' ><img alt='Bassin d\\&#039;agr\u00e9ment' class='item skip-lazy' data-class='item' data-ftg-source='https:\/\/www.lemasdesfontaines.com\/wp-content\/uploads\/2019\/06\/bassin-5-766x1024.jpg' src='https:\/\/www.lemasdesfontaines.com\/wp-content\/uploads\/2019\/06\/bassin-5-766x1024.jpg' width='auto' height='auto' \/><div class='caption-block'><div class='text-wrapper'><span class='title'>Bassin d\\'agr\u00e9ment<\/span><\/div><\/div><\/a><div class='ftg-social'><\/div><\/div><div  class='tile ftg-preload  '><a title=\"Bassin d\\&#039;agr\u00e9ment\" data-lightbox='ftg-88' rel='ftg-88'  class=' tile-inner  ftg-lightbox' href='' ><img alt='Bassin d\\&#039;agr\u00e9ment' class='item skip-lazy' data-class='item' data-ftg-source='https:\/\/www.lemasdesfontaines.com\/wp-content\/uploads\/2019\/06\/bassin-4-1024x685.jpg' src='https:\/\/www.lemasdesfontaines.com\/wp-content\/uploads\/2019\/06\/bassin-4-1024x685.jpg' width='auto' height='auto' \/><div class='caption-block'><div class='text-wrapper'><span class='title'>Bassin d\\'agr\u00e9ment<\/span><\/div><\/div><\/a><div class='ftg-social'><\/div><\/div><div  class='tile ftg-preload  '><a title=\"Bassin d\\&#039;agr\u00e9ment\" data-lightbox='ftg-88' rel='ftg-88'  class=' tile-inner  ftg-lightbox' href='' ><img alt='Bassin d\\&#039;agr\u00e9ment' class='item skip-lazy' data-class='item' data-ftg-source='https:\/\/www.lemasdesfontaines.com\/wp-content\/uploads\/2019\/06\/bassin-3-1024x680.jpg' src='https:\/\/www.lemasdesfontaines.com\/wp-content\/uploads\/2019\/06\/bassin-3-1024x680.jpg' width='auto' height='auto' \/><div class='caption-block'><div class='text-wrapper'><span class='title'>Bassin d\\'agr\u00e9ment<\/span><\/div><\/div><\/a><div class='ftg-social'><\/div><\/div><div  class='tile ftg-preload  '><a title=\"Bassin d\\&#039;agr\u00e9ment\" data-lightbox='ftg-88' rel='ftg-88'  class=' tile-inner  ftg-lightbox' href='' ><img alt='Bassin d\\&#039;agr\u00e9ment' class='item skip-lazy' data-class='item' data-ftg-source='https:\/\/www.lemasdesfontaines.com\/wp-content\/uploads\/2019\/06\/bassin-2-1024x681.jpg' src='https:\/\/www.lemasdesfontaines.com\/wp-content\/uploads\/2019\/06\/bassin-2-1024x681.jpg' width='auto' height='auto' \/><div class='caption-block'><div class='text-wrapper'><span class='title'>Bassin d\\'agr\u00e9ment<\/span><\/div><\/div><\/a><div class='ftg-social'><\/div><\/div><div  class='tile ftg-preload  '><a title=\"Bassin d\\&#039;agr\u00e9ment\" data-lightbox='ftg-88' rel='ftg-88'  class=' tile-inner  ftg-lightbox' href='' ><img alt='Bassin d\\&#039;agr\u00e9ment' class='item skip-lazy' data-class='item' data-ftg-source='https:\/\/www.lemasdesfontaines.com\/wp-content\/uploads\/2019\/06\/fontaine-piscine-1024x767.jpg' src='https:\/\/www.lemasdesfontaines.com\/wp-content\/uploads\/2019\/06\/fontaine-piscine-1024x767.jpg' width='auto' height='auto' \/><div class='caption-block'><div class='text-wrapper'><span class='title'>Bassin d\\'agr\u00e9ment<\/span><\/div><\/div><\/a><div class='ftg-social'><\/div><\/div><div  class='tile ftg-preload  '><a title=\"Bassin d\\&#039;agr\u00e9ment\" data-lightbox='ftg-88' rel='ftg-88'  class=' tile-inner  ftg-lightbox' href='' ><img alt='Bassin d\\&#039;agr\u00e9ment' class='item skip-lazy' data-class='item' data-ftg-source='https:\/\/www.lemasdesfontaines.com\/wp-content\/uploads\/2019\/06\/bassin-bandeau-1024x267.jpg' src='https:\/\/www.lemasdesfontaines.com\/wp-content\/uploads\/2019\/06\/bassin-bandeau-1024x267.jpg' width='auto' height='auto' \/><div class='caption-block'><div class='text-wrapper'><span class='title'>Bassin d\\'agr\u00e9ment<\/span><\/div><\/div><\/a><div class='ftg-social'><\/div><\/div><div  class='tile ftg-preload  '><a title=\"Bassin d\\&#039;agr\u00e9ment\" data-lightbox='ftg-88' rel='ftg-88'  class=' tile-inner  ftg-lightbox' href='' ><img alt='Le Bassin' class='item skip-lazy' data-class='item' data-ftg-source='https:\/\/www.lemasdesfontaines.com\/wp-content\/uploads\/2019\/06\/bassin-1-766x1024.jpg' src='https:\/\/www.lemasdesfontaines.com\/wp-content\/uploads\/2019\/06\/bassin-1-766x1024.jpg' width='auto' height='auto' \/><div class='caption-block'><div class='text-wrapper'><span class='title'>Bassin d\\'agr\u00e9ment<\/span><\/div><\/div><\/a><div class='ftg-social'><\/div><\/div><div  class='tile ftg-preload  '><a title=\"bassin agr\u00e9ment\" data-lightbox='ftg-88' rel='ftg-88'  class=' tile-inner  ftg-lightbox' href='' ><img alt='bassin agr\u00e9ment' class='item skip-lazy' data-class='item' data-ftg-source='https:\/\/www.lemasdesfontaines.com\/wp-content\/uploads\/2023\/06\/bassin1-1024x768.jpg' src='https:\/\/www.lemasdesfontaines.com\/wp-content\/uploads\/2023\/06\/bassin1-1024x768.jpg' width='auto' height='auto' \/><div class='caption-block'><div class='text-wrapper'><span class='title'>bassin agr\u00e9ment<\/span><\/div><\/div><\/a><div class='ftg-social'><\/div><\/div><div  class='tile ftg-preload  '><a title=\"bassin agr\u00e9ment\" data-lightbox='ftg-88' rel='ftg-88'  class=' tile-inner  ftg-lightbox' href='' ><img alt='bassin agr\u00e9ment' class='item skip-lazy' data-class='item' data-ftg-source='https:\/\/www.lemasdesfontaines.com\/wp-content\/uploads\/2023\/06\/bassin2-1024x768.jpg' src='https:\/\/www.lemasdesfontaines.com\/wp-content\/uploads\/2023\/06\/bassin2-1024x768.jpg' width='auto' height='auto' \/><div class='caption-block'><div class='text-wrapper'><span class='title'>bassin agr\u00e9ment<\/span><\/div><\/div><\/a><div class='ftg-social'><\/div><\/div><div  class='tile ftg-preload  '><a title=\"jardins\" data-lightbox='ftg-88' rel='ftg-88'  class=' tile-inner  ftg-lightbox' href='' ><img alt='jardins' class='item skip-lazy' data-class='item' data-ftg-source='https:\/\/www.lemasdesfontaines.com\/wp-content\/uploads\/2023\/06\/jardin5-1024x768.jpg' src='https:\/\/www.lemasdesfontaines.com\/wp-content\/uploads\/2023\/06\/jardin5-1024x768.jpg' width='auto' height='auto' \/><div class='caption-block'><div class='text-wrapper'><span class='title'>jardins<\/span><\/div><\/div><\/a><div class='ftg-social'><\/div><\/div><div  class='tile ftg-preload  '><a title=\"jardins\" data-lightbox='ftg-88' rel='ftg-88'  class=' tile-inner  ftg-lightbox' href='' ><img alt='jardins' class='item skip-lazy' data-class='item' data-ftg-source='https:\/\/www.lemasdesfontaines.com\/wp-content\/uploads\/2023\/06\/jardin-765x1024.jpg' src='https:\/\/www.lemasdesfontaines.com\/wp-content\/uploads\/2023\/06\/jardin-765x1024.jpg' width='auto' height='auto' \/><div class='caption-block'><div class='text-wrapper'><span class='title'>jardins<\/span><\/div><\/div><\/a><div class='ftg-social'><\/div><\/div><div  class='tile ftg-preload  '><a title=\"jardins\" data-lightbox='ftg-88' rel='ftg-88'  class=' tile-inner  ftg-lightbox' href='' ><img alt='jardins' class='item skip-lazy' data-class='item' data-ftg-source='https:\/\/www.lemasdesfontaines.com\/wp-content\/uploads\/2023\/06\/jardin2-1024x765.jpg' src='https:\/\/www.lemasdesfontaines.com\/wp-content\/uploads\/2023\/06\/jardin2-1024x765.jpg' width='auto' height='auto' \/><div class='caption-block'><div class='text-wrapper'><span class='title'>jardins<\/span><\/div><\/div><\/a><div class='ftg-social'><\/div><\/div><div  class='tile ftg-preload  '><a title=\"jardins\" data-lightbox='ftg-88' rel='ftg-88'  class=' tile-inner  ftg-lightbox' href='' ><img alt='jardins' class='item skip-lazy' data-class='item' data-ftg-source='https:\/\/www.lemasdesfontaines.com\/wp-content\/uploads\/2023\/06\/jardin3-765x1024.jpg' src='https:\/\/www.lemasdesfontaines.com\/wp-content\/uploads\/2023\/06\/jardin3-765x1024.jpg' width='auto' height='auto' \/><div class='caption-block'><div class='text-wrapper'><span class='title'>jardins<\/span><\/div><\/div><\/a><div class='ftg-social'><\/div><\/div><div  class='tile ftg-preload  '><a title=\"jardins\" data-lightbox='ftg-88' rel='ftg-88'  class=' tile-inner  ftg-lightbox' href='' ><img alt='jardins' class='item skip-lazy' data-class='item' data-ftg-source='https:\/\/www.lemasdesfontaines.com\/wp-content\/uploads\/2023\/06\/jardin4-1024x768.jpg' src='https:\/\/www.lemasdesfontaines.com\/wp-content\/uploads\/2023\/06\/jardin4-1024x768.jpg' width='auto' height='auto' \/><div class='caption-block'><div class='text-wrapper'><span class='title'>jardins<\/span><\/div><\/div><\/a><div class='ftg-social'><\/div><\/div><\/div><\/div>\n<p>Pour parfaire l\u2019atmosph\u00e8re, quoi de mieux qu\u2019une fontaine de plus au Mas des Fontaines\u00a0? Et quelle fontaine\u00a0! Une superbe t\u00eate de lion que j\u2019ai eu le plaisir de d\u00e9couvrir jour apr\u00e8s jour et na\u00eetre d\u2019un bloc de pierre sous les coups de burin des mains expertes d\u2019un sculpteur d\u2019exception\u00a0: Jean-Pierre\u00a0Giraud de Montagnac.<\/p>\n<p>L\u2019eau canalis\u00e9e s\u2019\u00e9coule de sa gueule dans le bassin rectangulaire et le chant des cigales l\u2019accompagne.<\/p>\n<p>Quant aux plantes des jardins\u2026, nous cultivons l\u2019esprit du Sud avec oliviers, jasmins, orangers, palmiers et autres fruitiers, sans oublier romarins, agapanthes, lavandes, oiseaux du paradis, papyrus, glycines, hortensias et rosiers.<\/p>\n<p>Le\u00a0<strong>jardin m\u00e9diterran\u00e9en<\/strong>, dans sa diversit\u00e9, joue un r\u00f4le important dans nos vies et celle des h\u00f4tes du Mas des Fontaines.\u00a0Davantage consid\u00e9r\u00e9 comme un lieu sacr\u00e9 de partage, d\u2019accueil, il\u00a0est am\u00e9nag\u00e9 pour votre plaisir,\u00a0afin de vous accueillir comme des amis. Climat m\u00e9diterran\u00e9en oblige, on y passera un temps cons\u00e9quent,\u00a0\u00e0 l\u2019abris de la chaleur. Une v\u00e9g\u00e9tation luxuriante s\u2019y \u00e9panouira sous les rayons du soleil, \u00e0 l\u2019ombre de la pergola de glycine, on y d\u00e9gustera le th\u00e9 ou la citronnade ou \u2026<\/p>\n<p>Vous \u00eates les bienvenus\u00a0!<\/p>\n","protected":false},"excerpt":{"rendered":"<p>\u2022 Un espace reposant\u2022 Le bassin d&#8217;agr\u00e9ment, aux allures de bassin ancien, accentue encore l\u2019esprit du jardin m\u00e9diterran\u00e9en \u00e0 l\u2019ambiance calme et reposante. Dans un \u00e9crin de verdure, entre la maison de ma\u00eetre et la cuisine d\u2019\u00e9t\u00e9, venez vous d\u00e9tendre sur une des banquettes dans l\u2019eau chaude sal\u00e9e pour des massages relaxants. L\u2019esprit du bassin &hellip; <a href=\"https:\/\/www.lemasdesfontaines.com\/nl\/pleziervijver-en-tuinen\/\" class=\"excerpt-link\">Read More<\/a><\/p>\n","protected":false},"author":2,"featured_media":1186,"parent":0,"menu_order":0,"comment_status":"closed","ping_status":"closed","template":"page-templates\/full-width-page.php","meta":{"om_disable_all_campaigns":false,"_monsterinsights_skip_tracking":false,"_monsterinsights_sitenote_active":false,"_monsterinsights_sitenote_note":"","_monsterinsights_sitenote_category":0,"_uf_show_specific_survey":0,"_uf_disable_surveys":false,"footnotes":""},"class_list":["post-1664","page","type-page","status-publish","has-post-thumbnail","hentry"],"aioseo_notices":[],"_links":{"self":[{"href":"https:\/\/www.lemasdesfontaines.com\/nl\/wp-json\/wp\/v2\/pages\/1664","targetHints":{"allow":["GET"]}}],"collection":[{"href":"https:\/\/www.lemasdesfontaines.com\/nl\/wp-json\/wp\/v2\/pages"}],"about":[{"href":"https:\/\/www.lemasdesfontaines.com\/nl\/wp-json\/wp\/v2\/types\/page"}],"author":[{"embeddable":true,"href":"https:\/\/www.lemasdesfontaines.com\/nl\/wp-json\/wp\/v2\/users\/2"}],"replies":[{"embeddable":true,"href":"https:\/\/www.lemasdesfontaines.com\/nl\/wp-json\/wp\/v2\/comments?post=1664"}],"version-history":[{"count":4,"href":"https:\/\/www.lemasdesfontaines.com\/nl\/wp-json\/wp\/v2\/pages\/1664\/revisions"}],"predecessor-version":[{"id":1705,"href":"https:\/\/www.lemasdesfontaines.com\/nl\/wp-json\/wp\/v2\/pages\/1664\/revisions\/1705"}],"wp:featuredmedia":[{"embeddable":true,"href":"https:\/\/www.lemasdesfontaines.com\/nl\/wp-json\/wp\/v2\/media\/1186"}],"wp:attachment":[{"href":"https:\/\/www.lemasdesfontaines.com\/nl\/wp-json\/wp\/v2\/media?parent=1664"}],"curies":[{"name":"wp","href":"https:\/\/api.w.org\/{rel}","templated":true}]}}