{"id":1039,"date":"2017-07-10T08:43:33","date_gmt":"2017-07-10T07:43:33","guid":{"rendered":"http:\/\/www.lemasdesfontaines.com\/?page_id=1039\/"},"modified":"2026-02-06T12:41:43","modified_gmt":"2026-02-06T11:41:43","slug":"accueil","status":"publish","type":"page","link":"https:\/\/www.lemasdesfontaines.com\/nl\/","title":{"rendered":"Home"},"content":{"rendered":"<link href=\"https:\/\/fonts.googleapis.com\/css?family=Open+Sans%3A800\" rel=\"stylesheet\" property=\"stylesheet\" type=\"text\/css\" media=\"all\" \/>\n<div id=\"rev_slider_1_1_wrapper\" class=\"rev_slider_wrapper fullwidthbanner-container\" style=\"margin:0px auto;background-color:#E9E9E9;padding:0px;margin-top:0px;margin-bottom:0px;\">\n<!-- START REVOLUTION SLIDER 5.2.6 fullwidth mode -->\n\t<div id=\"rev_slider_1_1\" class=\"rev_slider fullwidthabanner tp-overflow-hidden\" style=\"display:none;\" data-version=\"5.2.6\">\n<ul>\t<!-- SLIDE  -->\n\t<li data-index=\"rs-2\" data-transition=\"boxfade\" data-slotamount=\"7\" data-hideafterloop=\"0\" data-hideslideonmobile=\"off\"  data-easein=\"default\" data-easeout=\"default\" data-masterspeed=\"300\"  data-thumb=\"https:\/\/www.lemasdesfontaines.com\/wp-content\/uploads\/2015\/03\/mas-fontaines-montagnac-100x50.jpg\"  data-rotate=\"0\"  data-saveperformance=\"off\"  data-title=\"Slide\" data-param1=\"\" data-param2=\"\" data-param3=\"\" data-param4=\"\" data-param5=\"\" data-param6=\"\" data-param7=\"\" data-param8=\"\" data-param9=\"\" data-param10=\"\" data-description=\"\">\n\t\t<!-- MAIN IMAGE -->\n\t\t<img loading=\"lazy\" decoding=\"async\" src=\"https:\/\/www.lemasdesfontaines.com\/wp-content\/uploads\/2015\/03\/mas-fontaines-montagnac.jpg\"  alt=\"mas fontaines montagnac\" title=\"mas-fontaines-montagnac\"  width=\"1920\" height=\"500\" data-bgposition=\"center top\" data-bgfit=\"cover\" data-bgrepeat=\"no-repeat\" class=\"rev-slidebg\" data-no-retina>\n\t\t<!-- LAYERS -->\n\n\t\t<!-- LAYER NR. 1 -->\n\t\t<div class=\"tp-caption mas-titre   tp-resizeme\" \n\t\t\t id=\"slide-2-layer-1\" \n\t\t\t data-x=\"50\" \n\t\t\t data-y=\"230\" \n\t\t\t\t\t\tdata-width=\"auto\"\n\t\t\tdata-height=\"auto\"\n\t\t\tdata-transform_idle=\"\"\n \n\t\t\t data-transform_in=\"y:50px;opacity:0;s:300;e:Power3.easeInOut;\" \n\t\t\t data-transform_out=\"auto:auto;s:300;\" \n\t\t\tdata-start=\"500\" \n\t\t\tdata-splitin=\"none\" \n\t\t\tdata-splitout=\"none\" \n\t\t\tdata-responsive_offset=\"on\" \n\n\t\t\t\n\t\t\tstyle=\"z-index: 5; white-space: nowrap; color: rgba(255, 255, 255, 1.00);text-transform:left;border-color:rgba(255, 255, 255, 1.00);\">Gites & Chambres d'h\u00f4tes de charme <\/div>\n\n\t\t<!-- LAYER NR. 2 -->\n\t\t<div class=\"tp-caption mas   tp-resizeme\" \n\t\t\t id=\"slide-2-layer-2\" \n\t\t\t data-x=\"50\" \n\t\t\t data-y=\"273\" \n\t\t\t\t\t\tdata-width=\"auto\"\n\t\t\tdata-height=\"auto\"\n\t\t\tdata-transform_idle=\"\"\n \n\t\t\t data-transform_in=\"y:50px;opacity:0;s:300;e:Power3.easeInOut;\" \n\t\t\t data-transform_out=\"auto:auto;s:300;\" \n\t\t\tdata-start=\"500\" \n\t\t\tdata-splitin=\"none\" \n\t\t\tdata-splitout=\"none\" \n\t\t\tdata-responsive_offset=\"on\" \n\n\t\t\t\n\t\t\tstyle=\"z-index: 6; white-space: nowrap; color: rgba(255, 255, 255, 1.00);text-transform:left;background-color:rgba(50, 50, 52, 100.00);padding:10px 20px 15px 20px;border-color:rgba(255, 214, 88, 1.00);\">D\u00c9COUVREZ UNE AUTRE FA\u00c7ON DE SE LOGER <\/div>\n\t<\/li>\n\t<!-- SLIDE  -->\n\t<li data-index=\"rs-3\" data-transition=\"boxfade\" data-slotamount=\"7\" data-hideafterloop=\"0\" data-hideslideonmobile=\"off\"  data-easein=\"default\" data-easeout=\"default\" data-masterspeed=\"300\"  data-link=\"gites-avec-piscine\"   data-thumb=\"https:\/\/www.lemasdesfontaines.com\/wp-content\/uploads\/2017\/07\/bandeau-chambre-foret-100x50.jpg\"  data-rotate=\"0\"  data-saveperformance=\"off\"  data-title=\"Slide\" data-param1=\"\" data-param2=\"\" data-param3=\"\" data-param4=\"\" data-param5=\"\" data-param6=\"\" data-param7=\"\" data-param8=\"\" data-param9=\"\" data-param10=\"\" data-description=\"\">\n\t\t<!-- MAIN IMAGE -->\n\t\t<img loading=\"lazy\" decoding=\"async\" src=\"https:\/\/www.lemasdesfontaines.com\/wp-content\/uploads\/2017\/07\/bandeau-chambre-foret.jpg\"  alt=\"\" title=\"bandeau-chambre-foret\"  width=\"1920\" height=\"500\" data-bgposition=\"center top\" data-bgfit=\"cover\" data-bgrepeat=\"no-repeat\" class=\"rev-slidebg\" data-no-retina>\n\t\t<!-- LAYERS -->\n\n\t\t<!-- LAYER NR. 1 -->\n\t\t<div class=\"tp-caption mas-titre   tp-resizeme\" \n\t\t\t id=\"slide-3-layer-1\" \n\t\t\t data-x=\"50\" \n\t\t\t data-y=\"230\" \n\t\t\t\t\t\tdata-width=\"auto\"\n\t\t\tdata-height=\"auto\"\n\t\t\tdata-transform_idle=\"\"\n \n\t\t\t data-transform_in=\"y:50px;opacity:0;s:300;e:Power3.easeInOut;\" \n\t\t\t data-transform_out=\"auto:auto;s:300;\" \n\t\t\tdata-start=\"500\" \n\t\t\tdata-splitin=\"none\" \n\t\t\tdata-splitout=\"none\" \n\t\t\tdata-responsive_offset=\"on\" \n\n\t\t\t\n\t\t\tstyle=\"z-index: 5; white-space: nowrap; color: rgba(255, 255, 255, 1.00);text-transform:left;border-color:rgba(255, 255, 255, 1.00);\">Le cadre <\/div>\n\n\t\t<!-- LAYER NR. 2 -->\n\t\t<div class=\"tp-caption mas   tp-resizeme\" \n\t\t\t id=\"slide-3-layer-2\" \n\t\t\t data-x=\"50\" \n\t\t\t data-y=\"273\" \n\t\t\t\t\t\tdata-width=\"auto\"\n\t\t\tdata-height=\"auto\"\n\t\t\tdata-transform_idle=\"\"\n \n\t\t\t data-transform_in=\"y:50px;opacity:0;s:300;e:Power3.easeInOut;\" \n\t\t\t data-transform_out=\"auto:auto;s:300;\" \n\t\t\tdata-start=\"500\" \n\t\t\tdata-splitin=\"none\" \n\t\t\tdata-splitout=\"none\" \n\t\t\tdata-responsive_offset=\"on\" \n\n\t\t\t\n\t\t\tstyle=\"z-index: 6; white-space: nowrap; color: rgba(255, 255, 255, 1.00);text-transform:left;background-color:rgba(50, 50, 52, 100.00);padding:10px 20px 15px 20px;border-color:rgba(255, 214, 88, 1.00);\">ESPACE D\u00c9TENTE \/ CUISINE \u00c9T\u00c9 <\/div>\n\t<\/li>\n\t<!-- SLIDE  -->\n\t<li data-index=\"rs-4\" data-transition=\"boxfade\" data-slotamount=\"7\" data-hideafterloop=\"0\" data-hideslideonmobile=\"off\"  data-easein=\"default\" data-easeout=\"default\" data-masterspeed=\"300\"  data-thumb=\"https:\/\/www.lemasdesfontaines.com\/wp-content\/uploads\/2015\/03\/slide-chambre-hotes-100x50.jpg\"  data-rotate=\"0\"  data-saveperformance=\"off\"  data-title=\"Slide\" data-param1=\"\" data-param2=\"\" data-param3=\"\" data-param4=\"\" data-param5=\"\" data-param6=\"\" data-param7=\"\" data-param8=\"\" data-param9=\"\" data-param10=\"\" data-description=\"\">\n\t\t<!-- MAIN IMAGE -->\n\t\t<img loading=\"lazy\" decoding=\"async\" src=\"https:\/\/www.lemasdesfontaines.com\/wp-content\/uploads\/2015\/03\/slide-chambre-hotes.jpg\"  alt=\"jardin mas des fontaines\" title=\"slide-chambre-hotes\"  width=\"1920\" height=\"500\" data-bgposition=\"center top\" data-bgfit=\"cover\" data-bgrepeat=\"no-repeat\" class=\"rev-slidebg\" data-no-retina>\n\t\t<!-- LAYERS -->\n\n\t\t<!-- LAYER NR. 1 -->\n\t\t<div class=\"tp-caption mas   tp-resizeme\" \n\t\t\t id=\"slide-4-layer-1\" \n\t\t\t data-x=\"50\" \n\t\t\t data-y=\"273\" \n\t\t\t\t\t\tdata-width=\"auto\"\n\t\t\tdata-height=\"auto\"\n\t\t\tdata-transform_idle=\"\"\n \n\t\t\t data-transform_in=\"y:50px;opacity:0;s:300;e:Power3.easeInOut;\" \n\t\t\t data-transform_out=\"auto:auto;s:300;\" \n\t\t\tdata-start=\"500\" \n\t\t\tdata-splitin=\"none\" \n\t\t\tdata-splitout=\"none\" \n\t\t\tdata-responsive_offset=\"on\" \n\n\t\t\t\n\t\t\tstyle=\"z-index: 5; white-space: nowrap; color: rgba(255, 255, 255, 1.00);text-transform:left;background-color:rgba(50, 50, 52, 100.00);padding:10px 20px 15px 20px;border-color:rgba(255, 214, 88, 1.00);\">TERRASSES & OLIVIERS <\/div>\n\n\t\t<!-- LAYER NR. 2 -->\n\t\t<div class=\"tp-caption mas-titre   tp-resizeme\" \n\t\t\t id=\"slide-4-layer-2\" \n\t\t\t data-x=\"50\" \n\t\t\t data-y=\"230\" \n\t\t\t\t\t\tdata-width=\"auto\"\n\t\t\tdata-height=\"auto\"\n\t\t\tdata-transform_idle=\"\"\n \n\t\t\t data-transform_in=\"y:50px;opacity:0;s:300;e:Power3.easeInOut;\" \n\t\t\t data-transform_out=\"auto:auto;s:300;\" \n\t\t\tdata-start=\"500\" \n\t\t\tdata-splitin=\"none\" \n\t\t\tdata-splitout=\"none\" \n\t\t\tdata-responsive_offset=\"on\" \n\n\t\t\t\n\t\t\tstyle=\"z-index: 6; white-space: nowrap; color: rgba(255, 255, 255, 1.00);text-transform:left;border-color:rgba(255, 255, 255, 1.00);\">Le cadre <\/div>\n\t<\/li>\n<\/ul>\n<script>var htmlDiv = document.getElementById(\"rs-plugin-settings-inline-css\"); var htmlDivCss=\"\";\n\t\t\t\t\t\tif(htmlDiv) {\n\t\t\t\t\t\t\thtmlDiv.innerHTML = htmlDiv.innerHTML + htmlDivCss;\n\t\t\t\t\t\t}else{\n\t\t\t\t\t\t\tvar htmlDiv = document.createElement(\"div\");\n\t\t\t\t\t\t\thtmlDiv.innerHTML = \"<style>\" + htmlDivCss + \"<\/style>\";\n\t\t\t\t\t\t\tdocument.getElementsByTagName(\"head\")[0].appendChild(htmlDiv.childNodes[0]);\n\t\t\t\t\t\t}\n\t\t\t\t\t<\/script>\n<div class=\"tp-bannertimer\" style=\"height: 5px; background-color: rgba(0, 0, 0, 0.15);\"><\/div>\t<\/div>\n<script>var htmlDiv = document.getElementById(\"rs-plugin-settings-inline-css\"); var htmlDivCss=\".tp-caption.mas,.mas{font-size:36px;line-height:38px;font-weight:800;font-family:\\\"Open Sans\\\";color:rgb(255,255,255);text-decoration:none;padding:10px 20px 15px;background-color:rgb(50,50,52);border-width:0px;border-color:rgb(255,214,88);border-style:none}.tp-caption.mas-titre,.mas-titre{font-size:28px;line-height:29px;font-weight:800;font-family:\\\"Open Sans\\\",sans-serif;color:rgb(255,255,255);text-decoration:none;background-color:transparent;border-width:0px;border-color:rgb(255,255,255);border-style:none;text-shadow:none;margin:0px;white-space:nowrap}\";\n\t\t\t\tif(htmlDiv) {\n\t\t\t\t\thtmlDiv.innerHTML = htmlDiv.innerHTML + htmlDivCss;\n\t\t\t\t}else{\n\t\t\t\t\tvar htmlDiv = document.createElement(\"div\");\n\t\t\t\t\thtmlDiv.innerHTML = \"<style>\" + htmlDivCss + \"<\/style>\";\n\t\t\t\t\tdocument.getElementsByTagName(\"head\")[0].appendChild(htmlDiv.childNodes[0]);\n\t\t\t\t}\n\t\t\t<\/script>\n\t\t<script type=\"text\/javascript\">\n\t\t\t\t\t\t\/******************************************\n\t\t\t\t-\tPREPARE PLACEHOLDER FOR SLIDER\t-\n\t\t\t******************************************\/\n\n\t\t\tvar setREVStartSize=function(){\n\t\t\t\ttry{var e=new Object,i=jQuery(window).width(),t=9999,r=0,n=0,l=0,f=0,s=0,h=0;\n\t\t\t\t\te.c = jQuery('#rev_slider_1_1');\n\t\t\t\t\te.gridwidth = [960];\n\t\t\t\t\te.gridheight = [500];\n\t\t\t\t\t\t\t\n\t\t\t\t\te.sliderLayout = \"fullwidth\";\n\t\t\t\t\tif(e.responsiveLevels&&(jQuery.each(e.responsiveLevels,function(e,f){f>i&&(t=r=f,l=e),i>f&&f>r&&(r=f,n=e)}),t>r&&(l=n)),f=e.gridheight[l]||e.gridheight[0]||e.gridheight,s=e.gridwidth[l]||e.gridwidth[0]||e.gridwidth,h=i\/s,h=h>1?1:h,f=Math.round(h*f),\"fullscreen\"==e.sliderLayout){var u=(e.c.width(),jQuery(window).height());if(void 0!=e.fullScreenOffsetContainer){var c=e.fullScreenOffsetContainer.split(\",\");if (c) jQuery.each(c,function(e,i){u=jQuery(i).length>0?u-jQuery(i).outerHeight(!0):u}),e.fullScreenOffset.split(\"%\").length>1&&void 0!=e.fullScreenOffset&&e.fullScreenOffset.length>0?u-=jQuery(window).height()*parseInt(e.fullScreenOffset,0)\/100:void 0!=e.fullScreenOffset&&e.fullScreenOffset.length>0&&(u-=parseInt(e.fullScreenOffset,0))}f=u}else void 0!=e.minHeight&&f<e.minHeight&&(f=e.minHeight);e.c.closest(\".rev_slider_wrapper\").css({height:f})\n\t\t\t\t\t\n\t\t\t\t}catch(d){console.log(\"Failure at Presize of Slider:\"+d)}\n\t\t\t};\n\t\t\t\n\t\t\tsetREVStartSize();\n\t\t\t\n\t\t\t\t\t\tvar tpj=jQuery;\n\t\t\ttpj.noConflict();\n\t\t\tvar revapi1;\n\t\t\ttpj(document).ready(function() {\n\t\t\t\tif(tpj(\"#rev_slider_1_1\").revolution == undefined){\n\t\t\t\t\trevslider_showDoubleJqueryError(\"#rev_slider_1_1\");\n\t\t\t\t}else{\n\t\t\t\t\trevapi1 = tpj(\"#rev_slider_1_1\").show().revolution({\n\t\t\t\t\t\tsliderType:\"standard\",\njsFileLocation:\"\/\/www.lemasdesfontaines.com\/wp-content\/plugins\/revslider\/public\/assets\/js\/\",\n\t\t\t\t\t\tsliderLayout:\"fullwidth\",\n\t\t\t\t\t\tdottedOverlay:\"none\",\n\t\t\t\t\t\tdelay:9000,\n\t\t\t\t\t\tnavigation: {\n\t\t\t\t\t\t\tkeyboardNavigation:\"off\",\n\t\t\t\t\t\t\tkeyboard_direction: \"horizontal\",\n\t\t\t\t\t\t\tmouseScrollNavigation:\"off\",\n \t\t\t\t\t\t\tmouseScrollReverse:\"default\",\n\t\t\t\t\t\t\tonHoverStop:\"on\",\n\t\t\t\t\t\t\tarrows: {\n\t\t\t\t\t\t\t\tstyle:\"hesperiden\",\n\t\t\t\t\t\t\t\tenable:true,\n\t\t\t\t\t\t\t\thide_onmobile:false,\n\t\t\t\t\t\t\t\thide_onleave:false,\n\t\t\t\t\t\t\t\ttmp:'',\n\t\t\t\t\t\t\t\tleft: {\n\t\t\t\t\t\t\t\t\th_align:\"left\",\n\t\t\t\t\t\t\t\t\tv_align:\"center\",\n\t\t\t\t\t\t\t\t\th_offset:20,\n\t\t\t\t\t\t\t\t\tv_offset:0\n\t\t\t\t\t\t\t\t},\n\t\t\t\t\t\t\t\tright: {\n\t\t\t\t\t\t\t\t\th_align:\"right\",\n\t\t\t\t\t\t\t\t\tv_align:\"center\",\n\t\t\t\t\t\t\t\t\th_offset:20,\n\t\t\t\t\t\t\t\t\tv_offset:0\n\t\t\t\t\t\t\t\t}\n\t\t\t\t\t\t\t}\n\t\t\t\t\t\t\t,\n\t\t\t\t\t\t\tbullets: {\n\t\t\t\t\t\t\t\tenable:true,\n\t\t\t\t\t\t\t\thide_onmobile:false,\n\t\t\t\t\t\t\t\tstyle:\"hesperiden\",\n\t\t\t\t\t\t\t\thide_onleave:false,\n\t\t\t\t\t\t\t\tdirection:\"horizontal\",\n\t\t\t\t\t\t\t\th_align:\"center\",\n\t\t\t\t\t\t\t\tv_align:\"bottom\",\n\t\t\t\t\t\t\t\th_offset:0,\n\t\t\t\t\t\t\t\tv_offset:20,\n\t\t\t\t\t\t\t\tspace:5,\n\t\t\t\t\t\t\t\ttmp:''\n\t\t\t\t\t\t\t}\n\t\t\t\t\t\t},\n\t\t\t\t\t\tvisibilityLevels:[1240,1024,778,480],\n\t\t\t\t\t\tgridwidth:960,\n\t\t\t\t\t\tgridheight:500,\n\t\t\t\t\t\tlazyType:\"none\",\n\t\t\t\t\t\tshadow:1,\n\t\t\t\t\t\tspinner:\"spinner3\",\n\t\t\t\t\t\tstopLoop:\"off\",\n\t\t\t\t\t\tstopAfterLoops:-1,\n\t\t\t\t\t\tstopAtSlide:-1,\n\t\t\t\t\t\tshuffle:\"off\",\n\t\t\t\t\t\tautoHeight:\"off\",\n\t\t\t\t\t\thideThumbsOnMobile:\"off\",\n\t\t\t\t\t\thideSliderAtLimit:0,\n\t\t\t\t\t\thideCaptionAtLimit:0,\n\t\t\t\t\t\thideAllCaptionAtLilmit:0,\n\t\t\t\t\t\tdebugMode:false,\n\t\t\t\t\t\tfallbacks: {\n\t\t\t\t\t\t\tsimplifyAll:\"off\",\n\t\t\t\t\t\t\tnextSlideOnWindowFocus:\"off\",\n\t\t\t\t\t\t\tdisableFocusListener:false,\n\t\t\t\t\t\t}\n\t\t\t\t\t});\n\t\t\t\t}\n\t\t\t});\t\/*ready*\/\n\t\t<\/script>\n\t\t<script>\n\t\t\t\t\tvar htmlDivCss = '\t#rev_slider_1_1_wrapper .tp-loader.spinner3 div { background-color: #FFFFFF !important; } ';\n\t\t\t\t\tvar htmlDiv = document.getElementById('rs-plugin-settings-inline-css');\n\t\t\t\t\tif(htmlDiv) {\n\t\t\t\t\t\thtmlDiv.innerHTML = htmlDiv.innerHTML + htmlDivCss;\n\t\t\t\t\t}\n\t\t\t\t\telse{\n\t\t\t\t\t\tvar htmlDiv = document.createElement('div');\n\t\t\t\t\t\thtmlDiv.innerHTML = '<style>' + htmlDivCss + '<\/style>';\n\t\t\t\t\t\tdocument.getElementsByTagName('head')[0].appendChild(htmlDiv.childNodes[0]);\n\t\t\t\t\t}\n\t\t\t\t\t<\/script>\n\t\t\t\t\t<script>\n\t\t\t\t\tvar htmlDivCss = unescape(\".hesperiden.tparrows%20%7B%0A%09cursor%3Apointer%3B%0A%09background%3Argba%280%2C0%2C0%2C0.5%29%3B%0A%09width%3A40px%3B%0A%09height%3A40px%3B%0A%09position%3Aabsolute%3B%0A%09display%3Ablock%3B%0A%09z-index%3A100%3B%0A%20%20%20%20border-radius%3A%2050%25%3B%0A%7D%0A.hesperiden.tparrows%3Ahover%20%7B%0A%09background%3Argba%280%2C%200%2C%200%2C%201%29%3B%0A%7D%0A.hesperiden.tparrows%3Abefore%20%7B%0A%09font-family%3A%20%22revicons%22%3B%0A%09font-size%3A20px%3B%0A%09color%3Argb%28255%2C%20255%2C%20255%29%3B%0A%09display%3Ablock%3B%0A%09line-height%3A%2040px%3B%0A%09text-align%3A%20center%3B%0A%7D%0A.hesperiden.tparrows.tp-leftarrow%3Abefore%20%7B%0A%09content%3A%20%22%5Ce82c%22%3B%0A%20%20%20%20margin-left%3A-3px%3B%0A%7D%0A.hesperiden.tparrows.tp-rightarrow%3Abefore%20%7B%0A%09content%3A%20%22%5Ce82d%22%3B%0A%20%20%20%20margin-right%3A-3px%3B%0A%7D%0A.hesperiden.tp-bullets%20%7B%0A%7D%0A.hesperiden.tp-bullets%3Abefore%20%7B%0A%09content%3A%22%20%22%3B%0A%09position%3Aabsolute%3B%0A%09width%3A100%25%3B%0A%09height%3A100%25%3B%0A%09background%3Atransparent%3B%0A%09padding%3A10px%3B%0A%09margin-left%3A-10px%3Bmargin-top%3A-10px%3B%0A%09box-sizing%3Acontent-box%3B%0A%20%20%20border-radius%3A8px%3B%0A%20%20%0A%7D%0A.hesperiden%20.tp-bullet%20%7B%0A%09width%3A12px%3B%0A%09height%3A12px%3B%0A%09position%3Aabsolute%3B%0A%09background%3A%20rgb%28153%2C%20153%2C%20153%29%3B%20%2F%2A%20old%20browsers%20%2A%2F%0A%20%20%20%20background%3A%20-moz-linear-gradient%28top%2C%20%20rgb%28153%2C%20153%2C%20153%29%200%25%2C%20rgb%28225%2C%20225%2C%20225%29%20100%25%29%3B%20%2F%2A%20ff3.6%2B%20%2A%2F%0A%20%20%20%20background%3A%20-webkit-linear-gradient%28top%2C%20%20rgb%28153%2C%20153%2C%20153%29%200%25%2Crgb%28225%2C%20225%2C%20225%29%20100%25%29%3B%20%2F%2A%20chrome10%2B%2Csafari5.1%2B%20%2A%2F%0A%20%20%20%20background%3A%20-o-linear-gradient%28top%2C%20%20rgb%28153%2C%20153%2C%20153%29%200%25%2Crgb%28225%2C%20225%2C%20225%29%20100%25%29%3B%20%2F%2A%20opera%2011.10%2B%20%2A%2F%0A%20%20%20%20background%3A%20-ms-linear-gradient%28top%2C%20%20rgb%28153%2C%20153%2C%20153%29%200%25%2Crgb%28225%2C%20225%2C%20225%29%20100%25%29%3B%20%2F%2A%20ie10%2B%20%2A%2F%0A%20%20%20%20background%3A%20linear-gradient%28to%20bottom%2C%20%20rgb%28153%2C%20153%2C%20153%29%200%25%2Crgb%28225%2C%20225%2C%20225%29%20100%25%29%3B%20%2F%2A%20w3c%20%2A%2F%0A%20%20%20%20filter%3A%20progid%3Adximagetransform.microsoft.gradient%28%20%0A%20%20%20%20startcolorstr%3D%22rgb%28153%2C%20153%2C%20153%29%22%2C%20endcolorstr%3D%22rgb%28225%2C%20225%2C%20225%29%22%2Cgradienttype%3D0%20%29%3B%20%2F%2A%20ie6-9%20%2A%2F%0A%09border%3A3px%20solid%20rgb%28229%2C%20229%2C%20229%29%3B%0A%09border-radius%3A50%25%3B%0A%09cursor%3A%20pointer%3B%0A%09box-sizing%3Acontent-box%3B%0A%7D%0A.hesperiden%20.tp-bullet%3Ahover%2C%0A.hesperiden%20.tp-bullet.selected%20%7B%0A%09background%3Argb%28102%2C%20102%2C%20102%29%3B%0A%7D%0A.hesperiden%20.tp-bullet-image%20%7B%0A%7D%0A.hesperiden%20.tp-bullet-title%20%7B%0A%7D%0A%0A\");\n\t\t\t\t\tvar htmlDiv = document.getElementById('rs-plugin-settings-inline-css');\n\t\t\t\t\tif(htmlDiv) {\n\t\t\t\t\t\thtmlDiv.innerHTML = htmlDiv.innerHTML + htmlDivCss;\n\t\t\t\t\t}\n\t\t\t\t\telse{\n\t\t\t\t\t\tvar htmlDiv = document.createElement('div');\n\t\t\t\t\t\thtmlDiv.innerHTML = '<style>' + htmlDivCss + '<\/style>';\n\t\t\t\t\t\tdocument.getElementsByTagName('head')[0].appendChild(htmlDiv.childNodes[0]);\n\t\t\t\t\t}\n\t\t\t\t  <\/script>\n\t\t\t\t<\/div><!-- END REVOLUTION SLIDER -->\n\n<p><\/p>\n\n<div class=\"wp-block-image\"><figure class=\"alignright is-resized\"><img loading=\"lazy\" decoding=\"async\" src=\"http:\/\/www.lemasdesfontaines.com\/wp-content\/uploads\/2015\/03\/piscine3-683x1024.jpg\" alt=\"gastenkamer montagnac\" class=\"wp-image-559\" width=\"415\" height=\"622\" srcset=\"https:\/\/www.lemasdesfontaines.com\/wp-content\/uploads\/2015\/03\/piscine3-683x1024.jpg 683w, https:\/\/www.lemasdesfontaines.com\/wp-content\/uploads\/2015\/03\/piscine3-100x150.jpg 100w, https:\/\/www.lemasdesfontaines.com\/wp-content\/uploads\/2015\/03\/piscine3-200x300.jpg 200w, https:\/\/www.lemasdesfontaines.com\/wp-content\/uploads\/2015\/03\/piscine3.jpg 2048w\" sizes=\"auto, (max-width: 415px) 100vw, 415px\" \/><\/figure><\/div>\n\n<p>In het centrum van het dorp, gedomineerd door de klokkentoren van de middeleeuwse kerk, koestert de Mas des Fontaines zich in de middagzon van <strong>de Montagnac<\/strong>.<\/p>\n\n<p>Op het landgoed heet Gys u in een familiaire sfeer welkom in het landhuis van dit voormalige wijndomein. Les <a title=\"Gastenkamer\" href=\"https:\/\/www.lemasdesfontaines.com\/nl\/gastenkamer\/\"><strong>gastenkamers<\/strong><\/a>voor korte verblijven, wachten op u in een zeer mediterrane omgeving. <\/p>\n\n<p>Uw gastvrouw zal u rondleiden door dit bijzondere huis, met zijn tuinen en geheime hoekjes, zijn vele terrassen en zijn culinaire specialiteiten, waaronder het niet te missen gebak. U krijgt ook de kans om &#8220;de wereld opnieuw te cre\u00ebren&#8221; onder het genot van een uitstekende <strong>Languedoc Roussillon<\/strong> wijn in een gezellige sfeer. <\/p>\n\n<p>La <strong><a title=\"Zomerkoken\" href=\"https:\/\/www.lemasdesfontaines.com\/nl\/zomerkoken\/\">zomerkeuken<\/a><\/strong> die uitkijkt op de tuin &#8216;boven&#8217;, is een uitnodigende plek om mensen te ontmoeten en soms om lange avonden door te brengen na een table d&#8217;h\u00f4tes&#8230; Pa\u00eblla, gegrilde of brasucade mosselen, originele tapas&#8230; staan vaak op het menu.<\/p>\n\n<p>Dichtbij het landhuis, ontdek de g\u00eete &#8221; <strong><a href=\"https:\/\/www.lemasdesfontaines.com\/nl\/les-fontaines\/\">Les Fontaines<\/a><\/strong> &#8221; met een eigen ingang, zonnig terras en priv\u00e9tuin, allemaal gelegen in weelderig groen.<\/p>\n\n<p>Steen en hout hebben een onmiskenbaar cachet behouden. Voor u: de charme van het verleden en het comfort van het heden&#8230; <\/p>\n\n<p>De stenen ommuring beschermt u tegen nieuwsgierige blikken. Ontspan op de terrassen, in de tuinen of in de schaduw van de half eeuwenoude olijfbomen! <br\/>Voor de meer moedigen zijn er wandelingen, fietstochten, jogging, enz. in de nabijgelegen wijngaarden, waar u ons prachtige terroir kunt ontdekken op het gezang van de krekels.<\/p>\n\n<p>Een ontmoeting met een wijnmaker leert u de namen van de lokale druivensoorten en de wijnen die ervan gemaakt worden. Binnen een straal van 5 tot 25 km bieden P\u00e9zenas, M\u00e8ze, Marseillan, Agde, Cap d&#8217;Adge of La Tamarissi\u00e8re en S\u00e8te stranden en watersportmogelijkheden. Stop bij de oesterbanken in Bouzigues voor een avondje schelpdieren, weggespoeld met een Picpoul de Pinet! Maak &#8217;s avonds een wandeling door P\u00e9zenas, de geboorteplaats van Moli\u00e8re, en dompel u onder in de Middeleeuwen, om vervolgens door de architectuur van de herenhuizen terug te gaan naar de zeventiende en achttiende eeuw. Ontdek de ambachtelijke kraampjes en kleine restaurantjes&#8230; Zullen we de auto pakken voor een excursie niet te ver weg? Bezoek de abdij van Valmagne, de rode aarde van Lac du Salagou, het dorp Saint-Guilhem-le-D\u00e9sert, de waterpoelen aan de oevers van de H\u00e9rault bij de Pont du Diable of het steekspel op de kanalen van S\u00e8te, het unieke eiland! Gaat u verder weg? Carcassonne en zijn stad, een bezoek aan Montpellier, Collioure tussen zee en bergen&#8230; H\u00e9, relax, we zijn op vakantie! Als we niet alles kunnen doen, komen we terug en dat is dat!        <\/p>\n\n<p>Zoals u kunt zien, verwelkomen we u op Mas des Fontaines graag voor een echte vakantie, waar u kunt ontspannen, van het leven kunt genieten en vrienden kunt maken&#8230;<\/p>\n\n<p>Jullie komen niet toevallig naar ons toe, want jullie zijn al vrienden&#8230;<\/p>\n","protected":false},"excerpt":{"rendered":"<p>In het centrum van het dorp, gedomineerd door de klokkentoren van de middeleeuwse kerk, koestert de Mas des Fontaines zich in de middagzon van de Montagnac. Op het landgoed heet Gys u in een familiaire sfeer welkom in het landhuis van dit voormalige wijndomein. Les gastenkamersvoor korte verblijven, wachten op u in een zeer mediterrane &hellip; <a href=\"https:\/\/www.lemasdesfontaines.com\/nl\/\" class=\"excerpt-link\">Read More<\/a><\/p>\n","protected":false},"author":2,"featured_media":0,"parent":0,"menu_order":0,"comment_status":"closed","ping_status":"closed","template":"page-templates\/front-page-three.php","meta":{"om_disable_all_campaigns":false,"_monsterinsights_skip_tracking":false,"_monsterinsights_sitenote_active":false,"_monsterinsights_sitenote_note":"","_monsterinsights_sitenote_category":0,"_uf_show_specific_survey":0,"_uf_disable_surveys":false,"footnotes":""},"class_list":["post-1039","page","type-page","status-publish","hentry"],"aioseo_notices":[],"_links":{"self":[{"href":"https:\/\/www.lemasdesfontaines.com\/nl\/wp-json\/wp\/v2\/pages\/1039","targetHints":{"allow":["GET"]}}],"collection":[{"href":"https:\/\/www.lemasdesfontaines.com\/nl\/wp-json\/wp\/v2\/pages"}],"about":[{"href":"https:\/\/www.lemasdesfontaines.com\/nl\/wp-json\/wp\/v2\/types\/page"}],"author":[{"embeddable":true,"href":"https:\/\/www.lemasdesfontaines.com\/nl\/wp-json\/wp\/v2\/users\/2"}],"replies":[{"embeddable":true,"href":"https:\/\/www.lemasdesfontaines.com\/nl\/wp-json\/wp\/v2\/comments?post=1039"}],"version-history":[{"count":4,"href":"https:\/\/www.lemasdesfontaines.com\/nl\/wp-json\/wp\/v2\/pages\/1039\/revisions"}],"predecessor-version":[{"id":1703,"href":"https:\/\/www.lemasdesfontaines.com\/nl\/wp-json\/wp\/v2\/pages\/1039\/revisions\/1703"}],"wp:attachment":[{"href":"https:\/\/www.lemasdesfontaines.com\/nl\/wp-json\/wp\/v2\/media?parent=1039"}],"curies":[{"name":"wp","href":"https:\/\/api.w.org\/{rel}","templated":true}]}}