{"id":1547,"date":"2026-02-06T09:59:39","date_gmt":"2026-02-06T08:59:39","guid":{"rendered":"https:\/\/www.lemasdesfontaines.com\/summer-cooking\/"},"modified":"2026-02-06T13:53:41","modified_gmt":"2026-02-06T12:53:41","slug":"summer-cooking","status":"publish","type":"page","link":"https:\/\/www.lemasdesfontaines.com\/en\/summer-cooking\/","title":{"rendered":"Summer cooking"},"content":{"rendered":"<div class=\"vc_row wpb_row vc_row-fluid\"  >\n\t<div class=\"vc_col-sm-12 wpb_column vc_column_container \">\n\t\t<div class=\"wpb_wrapper\">\n\t\t\t\n\t<div class=\"wpb_text_column wpb_content_element \">\n\t\t<div class=\"wpb_wrapper\">\n\t\t\t<div style=\"width: 100%;\">\n<div style=\"width: 48%; float: left; min-width: 390px;\">\n<h2>Summer cooking<\/h2>\n<p>The summer kitchen for B&amp;B breakfasts, meals, tapas and wine evenings, and impromptu aperitifs. It&#8217;s a great place to &#8220;remake the world&#8221; with you in a friendly atmosphere! or just between you if you privatize the mansion over several nights:<\/p>\n<p>The rustic kitchen, with its stone walls and imposing framework, welcomes you for breakfasts or table d&#8217;h\u00f4te meals (to order).<br \/>Here, opposite the long country-style table, sits the barbecue chimney, which in the evening can be set alight to roast your made-to-order meals on the spit. You&#8217;ll share the pleasures of the table while trying your hand at linguistic exchanges with our guests of all nationalities, or against a background of background music.<\/p>\n<\/div>\n<div style=\"width: 48%; float: right; min-width: 390px;\">\n<h2>Table d&#8217;h\u00f4tes<\/h2>\n<p>The table d&#8217;h\u00f4tes is reserved for Mas des Fontaines guests staying in a g\u00eete or chambre d&#8217;h\u00f4tes. Gys usually prepares typical Mediterranean recipes for the evening meal. (By reservation only, depending on the number of guests and the availability of local produce).<\/p>\n<p>For seminars and family celebrations (cousinhoods, christenings, small weddings, quiet birthdays): Depending on the number of guests, meals or buffets can be served, or a caterer can handle this service (yours is no problem).<\/p>\n\n\t\t<\/div> \n\t<\/div> \n\t\t<\/div> \n\t<\/div> \n<\/div>\t<div class=\"vc_row wpb_row vc_row-fluid\"  >\n\t<div class=\"vc_col-sm-6 wpb_column vc_column_container \">\n\t\t<div class=\"wpb_wrapper\">\n\t\t\t\n\t<div class=\"wpb_text_column wpb_content_element \">\n\t\t<div class=\"wpb_wrapper\">\n\t\t\t<h3 style=\"text-align: left;\">Rates<\/h3>\n<p>Very good value for money for the meal chosen or requested for quality family cooking, with good wines from local winegrowers. Our wine &#8220;Les 400 coups&#8221; is no longer available, too bad!<\/p>\n\n\t\t<\/div> \n\t<\/div> \n\t\t<\/div> \n\t<\/div> \n<\/div>\n<p>\u00a0<\/p>\n<\/div>\n<\/div>\n<p>\u00a0<\/p>\n\n\n<div class=\"wp-block-ftg-gallery\"><!-- Final Tiles Grid Gallery for WordPress v3.6.11 free --><style>#ftg-77 .tile .icon { color:#ffffff; }#ftg-77 .ftg-items .loading-bar i { background:#666; }#ftg-77 .ftg-items .loading-bar { background:#fff; }#ftg-77 .tile .icon { font-size:12px; }#ftg-77 .tile .icon { margin: -6px 0 0 -6px; }#ftg-77 .tile .caption-block .text-wrapper span.text { font-size:12px; }#ftg-77 .tile .caption-outside .text-wrapper span.text { font-size:12px; }#ftg-77 .tile .caption-block .text-wrapper span.title { font-size:14px; }#ftg-77 .tile .caption-outside .text-wrapper span.title { font-size:14px; }#ftg-77 .tile { background-color: transparent; }#ftg-77 .tile .caption-block .text-wrapper span.text { color: #ffffff; }#ftg-77 .tile .caption-block .text-wrapper span.title { color: #ffffff; }#ftg-77 .tile .caption-outside .text-wrapper span.text { color: #ffffff; }#ftg-77 .tile .caption-outside .text-wrapper span.title { color: #ffffff; }#ftg-77 .tile .ftg-social a { color: #ffffff; }#ftg-77 .tile .caption-block { transition-duration:0.25s; }#ftg-77 .tile .tile-inner:before { background-color: #000000; }#ftg-77 .tile .tile-inner:before { background-color: rgba(0, 0, 0, 0.8); }#ftg-77 .tile .caption-block, #ftg-77 .tile .caption-outside { border-color: #ffffff; }#ftg-77 .tile:hover img {-moz-transform: ;-webkit-transform: ;-o-transform: ;-ms-transform: ;transform: ;}<\/style><a name=\"7\"><\/a><div class=\"final-tiles-gallery  ftg-hover-enabled caption-inside caption-frame caption-none caption-middle caption-center\" id=\"ftg-77\" style=\"width: 100%\"><div class='ftg-items'><div class='loading-bar'><i><\/i><\/div><div  class='tile ftg-preload  '><a title=\"Cuisine \u00e9t\u00e9\" data-lightbox='ftg-77' rel='ftg-77'  class=' tile-inner  ftg-lightbox' href='' ><img alt='Cuisine \u00e9t\u00e9' class='item skip-lazy' data-class='item' data-ftg-source='https:\/\/www.lemasdesfontaines.com\/wp-content\/uploads\/2019\/06\/cuisine-ete-2-1024x683.jpg' src='https:\/\/www.lemasdesfontaines.com\/wp-content\/uploads\/2019\/06\/cuisine-ete-2-1024x683.jpg' width='auto' height='auto' \/><div class='caption-block'><div class='text-wrapper'><span class='title'>Cuisine \u00e9t\u00e9<\/span><\/div><\/div><\/a><div class='ftg-social'><\/div><\/div><div  class='tile ftg-preload  '><a title=\"Cuisine \u00e9t\u00e9\" data-lightbox='ftg-77' rel='ftg-77'  class=' tile-inner  ftg-lightbox' href='' ><img alt='Cuisine \u00e9t\u00e9' class='item skip-lazy' data-class='item' data-ftg-source='https:\/\/www.lemasdesfontaines.com\/wp-content\/uploads\/2019\/06\/cuisine-ete-1-1024x684.jpg' src='https:\/\/www.lemasdesfontaines.com\/wp-content\/uploads\/2019\/06\/cuisine-ete-1-1024x684.jpg' width='auto' height='auto' \/><div class='caption-block'><div class='text-wrapper'><span class='title'>Cuisine \u00e9t\u00e9<\/span><\/div><\/div><\/a><div class='ftg-social'><\/div><\/div><div  class='tile ftg-preload  '><a title=\"Cuisine \u00e9t\u00e9\" data-lightbox='ftg-77' rel='ftg-77'  class=' tile-inner  ftg-lightbox' href='' ><img alt='cuisine \u00e9t\u00e9 montagnac' class='item skip-lazy' data-class='item' data-ftg-source='https:\/\/www.lemasdesfontaines.com\/wp-content\/uploads\/2015\/03\/timthumb-5.jpg' src='https:\/\/www.lemasdesfontaines.com\/wp-content\/uploads\/2015\/03\/timthumb-5.jpg' width='auto' height='auto' \/><div class='caption-block'><div class='text-wrapper'><span class='title'>Cuisine \u00e9t\u00e9<\/span><\/div><\/div><\/a><div class='ftg-social'><\/div><\/div><div  class='tile ftg-preload  '><a title=\"Cuisine \u00e9t\u00e9\" data-lightbox='ftg-77' rel='ftg-77'  class=' tile-inner  ftg-lightbox' href='' ><img alt='table h\u00f4te h\u00e9rault' class='item skip-lazy' data-class='item' data-ftg-source='https:\/\/www.lemasdesfontaines.com\/wp-content\/uploads\/2015\/03\/timthumb-6-768x1024.jpg' src='https:\/\/www.lemasdesfontaines.com\/wp-content\/uploads\/2015\/03\/timthumb-6-768x1024.jpg' width='auto' height='auto' \/><div class='caption-block'><div class='text-wrapper'><span class='title'>Cuisine \u00e9t\u00e9<\/span><\/div><\/div><\/a><div class='ftg-social'><\/div><\/div><\/div><\/div><\/div>\n\n\n\n<p><\/p>\n","protected":false},"excerpt":{"rendered":"<p>\u00a0 \u00a0<\/p>\n","protected":false},"author":2,"featured_media":494,"parent":0,"menu_order":0,"comment_status":"closed","ping_status":"closed","template":"page-templates\/full-width-page.php","meta":{"om_disable_all_campaigns":false,"_monsterinsights_skip_tracking":false,"_monsterinsights_sitenote_active":false,"_monsterinsights_sitenote_note":"","_monsterinsights_sitenote_category":0,"_uf_show_specific_survey":0,"_uf_disable_surveys":false,"footnotes":""},"class_list":["post-1547","page","type-page","status-publish","has-post-thumbnail","hentry"],"aioseo_notices":[],"_links":{"self":[{"href":"https:\/\/www.lemasdesfontaines.com\/en\/wp-json\/wp\/v2\/pages\/1547","targetHints":{"allow":["GET"]}}],"collection":[{"href":"https:\/\/www.lemasdesfontaines.com\/en\/wp-json\/wp\/v2\/pages"}],"about":[{"href":"https:\/\/www.lemasdesfontaines.com\/en\/wp-json\/wp\/v2\/types\/page"}],"author":[{"embeddable":true,"href":"https:\/\/www.lemasdesfontaines.com\/en\/wp-json\/wp\/v2\/users\/2"}],"replies":[{"embeddable":true,"href":"https:\/\/www.lemasdesfontaines.com\/en\/wp-json\/wp\/v2\/comments?post=1547"}],"version-history":[{"count":3,"href":"https:\/\/www.lemasdesfontaines.com\/en\/wp-json\/wp\/v2\/pages\/1547\/revisions"}],"predecessor-version":[{"id":1778,"href":"https:\/\/www.lemasdesfontaines.com\/en\/wp-json\/wp\/v2\/pages\/1547\/revisions\/1778"}],"wp:featuredmedia":[{"embeddable":true,"href":"https:\/\/www.lemasdesfontaines.com\/en\/wp-json\/wp\/v2\/media\/494"}],"wp:attachment":[{"href":"https:\/\/www.lemasdesfontaines.com\/en\/wp-json\/wp\/v2\/media?parent=1547"}],"curies":[{"name":"wp","href":"https:\/\/api.w.org\/{rel}","templated":true}]}}