{"id":927,"date":"2017-07-04T10:47:36","date_gmt":"2017-07-04T09:47:36","guid":{"rendered":"http:\/\/www.lemasdesfontaines.com\/?page_id=927\/"},"modified":"2026-02-06T10:34:21","modified_gmt":"2026-02-06T09:34:21","slug":"les-fontaines","status":"publish","type":"page","link":"https:\/\/www.lemasdesfontaines.com\/de\/les-fontaines\/","title":{"rendered":"Die Brunnen"},"content":{"rendered":"<div class=\"vc_row wpb_row vc_row-fluid\"  >\n\t<div class=\"vc_col-sm-12 wpb_column vc_column_container \">\n\t\t<div class=\"wpb_wrapper\">\n\t\t\t\n\t<div class=\"wpb_text_column wpb_content_element \">\n\t\t<div class=\"wpb_wrapper\">\n\t\t\t<h2 style=\"text-align: center;\">&#8211; Villa von 75 m\u00b2 auf 2 Ebenen f\u00fcr 2 bis 3 Personen.<\/h2>\n<p><strong>&#8211; Private Terrasse und Garten -.<\/strong><\/p>\n<div class=\"media\">\n<div class=\"featured-image\"><img decoding=\"async\" style=\"margin: 15px auto; display: block;\" src=\"http:\/\/www.lemasdesfontaines.com\/images\/timthumb.php?src=http:\/\/www.lemasdesfontaines.com\/wp-content\/uploads\/2015\/03\/gite-fontaine-montagnac-8.jpg&amp;h=310&amp;w=610\" alt=\"\"><\/div>\n<\/div>\n<p>Von der Villa aus haben Sie direkten Zugang zur Terrasse mit Blick auf einen schattigen Garten.<\/p>\n<p>Entdecken Sie ein gro\u00dfes Wohn-\/Esszimmer, eine voll ausgestattete K\u00fcche im Erdgeschoss und ein gro\u00dfes Doppelschlafzimmer, ein Ankleidezimmer, ein gro\u00dfes Badezimmer und ein separates WC im Obergeschoss.<\/p>\n<p><span class=\"stars\"><a class=\"star-1\" href=\"#\">1In<\/a>der K\u00fcche: Schr\u00e4nke, Bar mit Hockern, Waschmaschine, Ceran-Kochfeld und Backofen, Toaster, Senseo Kaffeemaschine, K\u00fchlschrank mit Gefrierfach, Mikrowelle, Dunstabzugshaube&#8230;<\/span><\/p>\n<p><span class=\"stars\"><a class=\"star-1\" href=\"#\">1Das<\/a>Wohn-\/Esszimmer ist mit vielen kleinen Details eingerichtet: Bilder und verschiedene Gegenst\u00e4nde und Nippes. Tische und St\u00fchle f\u00fcr die Mahlzeiten im Innenbereich, gro\u00dfes Geschirr&#8230; Im Wohnzimmer gibt es ein &#8222;Clic Clac&#8220;-Sofa und ein 90cm breites Bett, die eine gro\u00dfe, bequeme Eckgarnitur f\u00fcr die Schlafpl\u00e4tze bilden, sowie einen gro\u00dfen Couchtisch; einen gro\u00dfen Smart-TV sowie CD- und DVD-Player. Umkehrbare Klimaanlage.  <\/span><\/p>\n<p><span class=\"stars\"><a class=\"star-1\" href=\"#\">1Ein<\/a>gro\u00dfes klimatisiertes Schlafzimmer mit zwei Einzelbetten (90 cm), die zu einem 180 cm breiten Bett zusammengestellt werden k\u00f6nnen, Schr\u00e4nken und Dekoration.<\/span><\/p>\n<p><span class=\"stars\"><a class=\"star-1\" href=\"#\">1Das<\/a>Badezimmer ist so gro\u00df, dass es einen kleinen Salon mit einem 90cm breiten Bett f\u00fcr ein Kind in der N\u00e4he des Elternschlafzimmers besitzt. Eine Duschkabine mit Mischbatterie, ein Schrank f\u00fcr Handt\u00fccher und Toilettenartikel (Haartrockner vorhanden) mit grauem Marmorwaschbecken, ein gro\u00dfer Spiegel mit Spots, etc.   <\/span><\/p>\n<p><span class=\"stars\"><a class=\"star-1\" href=\"#\">1Es<\/a>gibt eine separate Toilette.  <\/span><\/p>\n<p><span class=\"stars\"><a class=\"star-1\" href=\"#\">1Dressing<\/a>\/ Abstellraum f\u00fcr Kleidung und Schuhe, B\u00fcgeleisen mit B\u00fcgelbrett, Staubsauger und Reinigungsmaterial.  <\/span><\/p>\n<p><span class=\"stars\"><a class=\"star-1\" href=\"#\">1Die<\/a>privaten und geschlossenen Au\u00dfenbereiche: eine private Terrasse mit einem Tisch aus Zellige, schmiedeeisernen St\u00fchlen und einem Sonnenschirm&#8230; mit Blick auf einen privaten Garten mit Blumen und B\u00e4umen mit einem weiteren Tisch und St\u00fchlen direkt neben dem Grill und Liegest\u00fchlen unter dem Kirschbaum.<\/span><\/p>\n<h2>Zugang zum Zierfischteich unter bestimmten Bedingungen<\/h2>\n<p>Die Nutzung des Zierteiches ist unter der Bedingung m\u00f6glich, dass keine G\u00e4ste in den G\u00e4stezimmern des Herrenhauses \u00fcbernachten und dass eine Hausordnung f\u00fcr die Sicherheit und Ruhe aller eingehalten wird.<\/p>\n<h2>Swimmingpool<\/h2>\n<p>Die G\u00e4ste des Ferienhauses k\u00f6nnen den Pool benutzen (unterhalb des Anwesens, Pool 7 x 4, gemeinsam mit einem anderen Ferienhaus). Die Nutzung des Pools unterliegt einer Hausordnung, um die Sicherheit und Ruhe aller zu gew\u00e4hrleisten. <\/p>\n<h2>Kostenloser WiFi-Zugang<\/h2>\n\n\t\t<\/div> \n\t<\/div> \n\t\t<\/div> \n\t<\/div> \n<\/div>\t<div class=\"vc_row wpb_row vc_row-fluid\"  >\n\t<div class=\"vc_col-sm-6 wpb_column vc_column_container \">\n\t\t<div class=\"wpb_wrapper\">\n\t\t\t\n\t<div class=\"wpb_text_column wpb_content_element \">\n\t\t<div class=\"wpb_wrapper\">\n\t\t\t<h3>Preise<\/h3>\n<p>Preise pro Woche (in Euro) auf der Basis von 2 Personen, abh\u00e4ngig von der Saison und der Anzahl der zus\u00e4tzlichen Personen (M\u00f6glichkeit von maximal 1 oder 2 zus\u00e4tzlichen Personen (d.h. 2 Erwachsene, 2 Kinder) mit Zustimmung des Eigent\u00fcmers).<\/p>\n<p><span class=\"stars\"><a class=\"star-1\" href=\"#\">1460<\/a>\u20ac (anderer Zeitraum)<br \/><\/span><span class=\"stars\"><a class=\"star-1\" href=\"#\">1560<\/a>\u20ac (Juni und September)<br \/><\/span><span class=\"stars\"><a class=\"star-1\" href=\"#\">1760<\/a>\u20ac (Juli und August) f\u00fcr 2; 880 \u20ac f\u00fcr 3 und 980 \u20ac f\u00fcr 4<br \/><\/span><span class=\"stars\"><a class=\"star-1\" href=\"#\">1Kurtaxe<\/a>: % des Mietpreises, der von der Gemeinde Agde festgelegt wird pro Erwachsener \/ Anzahl der Bewohner<br \/><\/span><span class=\"stars\"><a class=\"star-1\" href=\"#\">1Endreinigung<\/a>(60 \u20ac) oder R\u00fcckgabe im gleichen Zustand wie bei der \u00dcbernahme und Kontrolle.  (\u00dcberstunden werden bezahlt)<br \/><\/span><span class=\"stars\"><a class=\"star-1\" href=\"#\">1Strom\/Wasser<\/a>nach individuellen Z\u00e4hlerst\u00e4nden f\u00fcr l\u00e4ngere Zeit oder au\u00dferhalb der Sommerpauschale bei Missbrauch<br \/><\/span><span class=\"stars\"><a class=\"star-1\" href=\"#\">1Privatparkplatz<\/a>gegen Aufpreis je nach Verf\u00fcgbarkeit oder auf der Stra\u00dfe.<br \/><\/span><span class=\"stars\"><a class=\"star-1\" href=\"#\">1Die<\/a>Bettw\u00e4sche wird kostenlos zur Verf\u00fcgung gestellt: Bettw\u00e4sche \/ Handt\u00fccher \/ Geschirrt\u00fccher f\u00fcr 2 Personen (keine Badet\u00fccher f\u00fcr den Pool oder den Strand, aber es besteht die M\u00f6glichkeit, andere Bettw\u00e4sche vor Ort zu mieten).<br \/><\/span><span class=\"stars\"><a class=\"star-1\" href=\"#\">1Ein<\/a>&#8222;Baby-Set&#8220; wird kostenlos zur Verf\u00fcgung gestellt: Babybett, Kinderwagen, Hochstuhl, Badewanne (je nach Verf\u00fcgbarkeit). Bettw\u00e4sche wird aufgrund von m\u00f6glichen Allergien nicht zur Verf\u00fcgung gestellt. <\/span><\/p>\n<h3>&nbsp;<\/h3>\n\n\t\t<\/div> \n\t<\/div> \n\t\t<\/div> \n\t<\/div> \n\n\t<div class=\"vc_col-sm-6 wpb_column vc_column_container \">\n\t\t<div class=\"wpb_wrapper\">\n\t\t\t\n\t<div class=\"wpb_text_column wpb_content_element \">\n\t\t<div class=\"wpb_wrapper\">\n\t\t\t<h3>Zus\u00e4tzliche Leistungen<\/h3>\n<p>Zus\u00e4tzliche Leistungen, die vor Ort gegen Aufpreis erh\u00e4ltlich sind:<\/p>\n<p><span class=\"stars\"><a class=\"star-1\" href=\"#\">1Baby-Sitting<\/a><br \/><\/span><span class=\"stars\"><a class=\"star-1\" href=\"#\">1Wein-und Produktprobenabende<\/a>je nach Saison und Anzahl der Personen<br \/><\/span><span class=\"stars\"><a class=\"star-1\" href=\"#\">1Besuch<\/a>von Weing\u00fctern<br \/><\/span><span class=\"stars\"><a class=\"star-1\" href=\"#\">1Verzehr<\/a>vor Ort oder Eiscreme<br \/><\/span><span class=\"stars\"><a class=\"star-1\" href=\"#\">1Abend<\/a>Paella, Tapas, Tagines, mediterrane K\u00fcche mit Wein aus dem Languedoc (nur mit Reservierung)<br \/><\/span><span class=\"stars\"><a class=\"star-1\" href=\"#\">1Tables<\/a>d&#8217;h\u00f4tes (nur mit Reservierung)<\/span><\/p>\n\n\t\t<\/div> \n\t<\/div> \n\t\t<\/div> \n\t<\/div> \n<\/div>\t<div class=\"vc_row wpb_row vc_row-fluid\"  ><\/div>\n\t<div class=\"vc_col-sm-12 wpb_column vc_column_container \">\n\t\t<div class=\"wpb_wrapper\">\n\t\t\t\n\t\t<\/div> \n\t<\/div> \n\n\t<div class=\"wpb_text_column wpb_content_element \">\n\t\t<div class=\"wpb_wrapper\">\n\t\t\t\n\t\t<\/div> \n\t<\/div>\n<h3>&nbsp;F\u00fcr l\u00e4ngere Aufenthalte<\/h3>\n<p>F\u00fcr Personen, die f\u00fcr einige Monate einen angenehmen Lebensraum unter optimalen Bedingungen suchen, sind auch Langzeitmieten m\u00f6glich.<\/p>\n<p><span class=\"stars\"><a class=\"star-1\" href=\"#\">1Strom\/Wasser<\/a>nach Ablesung einzelner Z\u00e4hler f\u00fcr l\u00e4ngere Zeitr\u00e4ume<br \/><\/span><span class=\"stars\"><a class=\"star-1\" href=\"#\">1<\/a><\/span>Kurtaxe: % des von der Gemeinde Agde festgelegten Mietpreises pro Erwachsener \/ Anzahl der Bewohner.<br \/><span class=\"stars\"><a class=\"star-1\" href=\"#\">1<\/a><\/span>Endreinigung zum Preis der Anzahl der geleisteten Stunden oder R\u00fcckgabe im gleichen Zustand wie bei Empfang und Kontrolle (\u00dcberstunden bezahlt).<\/p>\n<p>Ob Sie :<\/p>\n<p><span class=\"stars\"><a class=\"star-1\" href=\"#\">1In<\/a>Zeiten des Wandels<br \/><\/span><span class=\"stars\"><a class=\"star-1\" href=\"#\">1Warten<\/a>auf die Unterzeichnung eines Immobilienvertrags<br \/><\/span><span class=\"stars\"><a class=\"star-1\" href=\"#\">1 Auf der<\/a>Suche nach einer Immobilie<br \/><\/span><span class=\"stars\"><a class=\"star-1\" href=\"#\">1 Auf<\/a>der Suche nach einem Ort w\u00e4hrend der Bauarbeiten in Ihrem eigenen Haus<br \/><\/span><span class=\"stars\"><a class=\"star-1\" href=\"#\">1Ein<\/a>Unternehmen auf der Suche nach einer Unterkunft f\u00fcr sein Team oder seine Teams<br \/><\/span><span class=\"stars\"><a class=\"star-1\" href=\"#\">1Ein<\/a>ausl\u00e4ndischer Lehrer auf der Suche nach einem netten Ort f\u00fcr seine Sch\u00fcler<br \/><\/span><span class=\"stars\"><a class=\"star-1\" href=\"#\">1Ausl\u00e4nder<\/a>auf der Suche nach einer Familie, um Franz\u00f6sisch und das Leben in S\u00fcdfrankreich zu \u00fcben<br \/><\/span><span class=\"stars\"><a class=\"star-1\" href=\"#\">1Einfach<\/a>jemand, der Ruhe und Erholung sucht&#8230;<br \/><\/span><\/p>\n<p>Sie sind herzlich willkommen, zu sehr wettbewerbsf\u00e4higen Preisen, kontaktieren Sie mich, um mehr zu erfahren!<\/p>\n<!-- Final Tiles Grid Gallery for WordPress v3.6.11 free --><style>#ftg-11 .tile .icon { color:#ffffff; }#ftg-11 .ftg-items .loading-bar i { background:#666; }#ftg-11 .ftg-items .loading-bar { background:#fff; }#ftg-11 .tile .icon { font-size:12px; }#ftg-11 .tile .icon { margin: -6px 0 0 -6px; }#ftg-11 .tile .caption-block .text-wrapper span.text { font-size:12px; }#ftg-11 .tile .caption-outside .text-wrapper span.text { font-size:12px; }#ftg-11 .tile .caption-block .text-wrapper span.title { font-size:14px; }#ftg-11 .tile .caption-outside .text-wrapper span.title { font-size:14px; }#ftg-11 .tile { background-color: transparent; }#ftg-11 .tile .caption-block .text-wrapper span.text { color: #ffffff; }#ftg-11 .tile .caption-block .text-wrapper span.title { color: #ffffff; }#ftg-11 .tile .caption-outside .text-wrapper span.text { color: #ffffff; }#ftg-11 .tile .caption-outside .text-wrapper span.title { color: #ffffff; }#ftg-11 .tile .ftg-social a { color: #ffffff; }#ftg-11 .tile .caption-block { transition-duration:0.25s; }#ftg-11 .tile .tile-inner:before { background-color: #000000; }#ftg-11 .tile .tile-inner:before { background-color: rgba(0, 0, 0, 0.8); }#ftg-11 .tile .caption-block, #ftg-11 .tile .caption-outside { border-color: #ffffff; }#ftg-11 .tile:hover img {-moz-transform: ;-webkit-transform: ;-o-transform: ;-ms-transform: ;transform: ;}<\/style><a name=\"1\"><\/a><div class=\"final-tiles-gallery  ftg-hover-enabled caption-inside caption-frame caption-none caption-middle caption-center\" id=\"ftg-11\" style=\"width: 100%\"><div class='ftg-items'><div class='loading-bar'><i><\/i><\/div><div  class='tile ftg-preload  '><a title=\"Bassin\" data-lightbox='ftg-11' rel='ftg-11'  class=' tile-inner  ftg-lightbox' href='' ><img alt='Bassin' class='item skip-lazy' data-class='item' data-ftg-source='http:\/\/www.lemasdesfontaines.com\/wp-content\/uploads\/2019\/06\/bassin-1-766x1024.jpg' src='http:\/\/www.lemasdesfontaines.com\/wp-content\/uploads\/2019\/06\/bassin-1-766x1024.jpg' width='auto' height='auto' \/><div class='caption-block'><div class='text-wrapper'><span class='title'>Bassin<\/span><\/div><\/div><\/a><div class='ftg-social'><\/div><\/div><div  class='tile ftg-preload  '><a title=\"Bassin\" data-lightbox='ftg-11' rel='ftg-11'  class=' tile-inner  ftg-lightbox' href='' ><img alt='Bassin' class='item skip-lazy' data-class='item' data-ftg-source='http:\/\/www.lemasdesfontaines.com\/wp-content\/uploads\/2019\/06\/bassin-2-1024x681.jpg' src='http:\/\/www.lemasdesfontaines.com\/wp-content\/uploads\/2019\/06\/bassin-2-1024x681.jpg' width='auto' height='auto' \/><div class='caption-block'><div class='text-wrapper'><span class='title'>Bassin<\/span><\/div><\/div><\/a><div class='ftg-social'><\/div><\/div><div  class='tile ftg-preload  '><a title=\"Terrasse ombrag\u00e9e\" data-lightbox='ftg-11' rel='ftg-11'  class=' tile-inner  ftg-lightbox' href='' ><img alt='gite fontaine montagnac' class='item skip-lazy' data-class='item' data-ftg-source='http:\/\/www.lemasdesfontaines.com\/wp-content\/uploads\/2015\/03\/gite-fontaine-montagnac-2-1024x768.jpg' src='http:\/\/www.lemasdesfontaines.com\/wp-content\/uploads\/2015\/03\/gite-fontaine-montagnac-2-1024x768.jpg' width='auto' height='auto' \/><div class='caption-block'><div class='text-wrapper'><span class='title'>Terrasse ombrag\u00e9e<\/span><\/div><\/div><\/a><div class='ftg-social'><\/div><\/div><div  class='tile ftg-preload  '><a title=\"vue ext\u00e9rieure\" data-lightbox='ftg-11' rel='ftg-11'  class=' tile-inner  ftg-lightbox' href='' ><img alt='gite fontaine montagnac' class='item skip-lazy' data-class='item' data-ftg-source='http:\/\/www.lemasdesfontaines.com\/wp-content\/uploads\/2015\/03\/gite-fontaine-montagnac-3-1024x768.jpg' src='http:\/\/www.lemasdesfontaines.com\/wp-content\/uploads\/2015\/03\/gite-fontaine-montagnac-3-1024x768.jpg' width='auto' height='auto' \/><div class='caption-block'><div class='text-wrapper'><span class='title'>vue ext\u00e9rieure<\/span><\/div><\/div><\/a><div class='ftg-social'><\/div><\/div><div  class='tile ftg-preload  '><a title=\"Terrasse\" data-lightbox='ftg-11' rel='ftg-11'  class=' tile-inner  ftg-lightbox' href='' ><img alt='Terrasse' class='item skip-lazy' data-class='item' data-ftg-source='http:\/\/www.lemasdesfontaines.com\/wp-content\/uploads\/2015\/03\/gite-fontaine-montagnac-8.jpg' src='http:\/\/www.lemasdesfontaines.com\/wp-content\/uploads\/2015\/03\/gite-fontaine-montagnac-8.jpg' width='auto' height='auto' \/><div class='caption-block'><div class='text-wrapper'><span class='title'>Terrasse<\/span><\/div><\/div><\/a><div class='ftg-social'><\/div><\/div><div  class='tile ftg-preload  '><a title=\"Terrasse\" data-lightbox='ftg-11' rel='ftg-11'  class=' tile-inner  ftg-lightbox' href='' ><img alt='Terrasse' class='item skip-lazy' data-class='item' data-ftg-source='https:\/\/www.lemasdesfontaines.com\/wp-content\/uploads\/2023\/07\/fontaines_exterieur1-1024x768.jpg' src='https:\/\/www.lemasdesfontaines.com\/wp-content\/uploads\/2023\/07\/fontaines_exterieur1-1024x768.jpg' width='auto' height='auto' \/><div class='caption-block'><div class='text-wrapper'><span class='title'>Terrasse<\/span><\/div><\/div><\/a><div class='ftg-social'><\/div><\/div><div  class='tile ftg-preload  '><a title=\"Terrasse\" data-lightbox='ftg-11' rel='ftg-11'  class=' tile-inner  ftg-lightbox' href='' ><img alt='Terrasse' class='item skip-lazy' data-class='item' data-ftg-source='https:\/\/www.lemasdesfontaines.com\/wp-content\/uploads\/2023\/07\/fontaines_exterieur2-768x1024.jpg' src='https:\/\/www.lemasdesfontaines.com\/wp-content\/uploads\/2023\/07\/fontaines_exterieur2-768x1024.jpg' width='auto' height='auto' \/><div class='caption-block'><div class='text-wrapper'><span class='title'>Terrasse<\/span><\/div><\/div><\/a><div class='ftg-social'><\/div><\/div><div  class='tile ftg-preload  '><a title=\"Terrasse\" data-lightbox='ftg-11' rel='ftg-11'  class=' tile-inner  ftg-lightbox' href='' ><img alt='Terrasse' class='item skip-lazy' data-class='item' data-ftg-source='https:\/\/www.lemasdesfontaines.com\/wp-content\/uploads\/2023\/07\/fontaines_exterieur3-1024x768.jpg' src='https:\/\/www.lemasdesfontaines.com\/wp-content\/uploads\/2023\/07\/fontaines_exterieur3-1024x768.jpg' width='auto' height='auto' \/><div class='caption-block'><div class='text-wrapper'><span class='title'>Terrasse<\/span><\/div><\/div><\/a><div class='ftg-social'><\/div><\/div><div  class='tile ftg-preload  '><a title=\"Salon Rez-de-chauss\u00e9e\" data-lightbox='ftg-11' rel='ftg-11'  class=' tile-inner  ftg-lightbox' href='' ><img alt='Salon Rez-de-chauss\u00e9e' class='item skip-lazy' data-class='item' data-ftg-source='https:\/\/www.lemasdesfontaines.com\/wp-content\/uploads\/2023\/07\/fontaines_salon-1024x768.jpg' src='https:\/\/www.lemasdesfontaines.com\/wp-content\/uploads\/2023\/07\/fontaines_salon-1024x768.jpg' width='auto' height='auto' \/><div class='caption-block'><div class='text-wrapper'><span class='title'>Salon Rez-de-chauss\u00e9e<\/span><\/div><\/div><\/a><div class='ftg-social'><\/div><\/div><div  class='tile ftg-preload  '><a title=\"Salon Rez-de-chauss\u00e9e\" data-lightbox='ftg-11' rel='ftg-11'  class=' tile-inner  ftg-lightbox' href='' ><img alt='Salon Rez-de-chauss\u00e9e' class='item skip-lazy' data-class='item' data-ftg-source='https:\/\/www.lemasdesfontaines.com\/wp-content\/uploads\/2023\/07\/fontaines_salon2-1024x768.jpg' src='https:\/\/www.lemasdesfontaines.com\/wp-content\/uploads\/2023\/07\/fontaines_salon2-1024x768.jpg' width='auto' height='auto' \/><div class='caption-block'><div class='text-wrapper'><span class='title'>Salon Rez-de-chauss\u00e9e<\/span><\/div><\/div><\/a><div class='ftg-social'><\/div><\/div><div  class='tile ftg-preload  '><a title=\"Salon Rez-de-chauss\u00e9e\" data-lightbox='ftg-11' rel='ftg-11'  class=' tile-inner  ftg-lightbox' href='' ><img alt='Salon Rez-de-chauss\u00e9e' class='item skip-lazy' data-class='item' data-ftg-source='https:\/\/www.lemasdesfontaines.com\/wp-content\/uploads\/2023\/07\/fontaines_salon5-1024x768.jpg' src='https:\/\/www.lemasdesfontaines.com\/wp-content\/uploads\/2023\/07\/fontaines_salon5-1024x768.jpg' width='auto' height='auto' \/><div class='caption-block'><div class='text-wrapper'><span class='title'>Salon Rez-de-chauss\u00e9e<\/span><\/div><\/div><\/a><div class='ftg-social'><\/div><\/div><div  class='tile ftg-preload  '><a title=\"Salon Rez-de-chauss\u00e9e\" data-lightbox='ftg-11' rel='ftg-11'  class=' tile-inner  ftg-lightbox' href='' ><img alt='Salon Rez-de-chauss\u00e9e' class='item skip-lazy' data-class='item' data-ftg-source='https:\/\/www.lemasdesfontaines.com\/wp-content\/uploads\/2023\/07\/fontaines_salon7-1024x768.jpg' src='https:\/\/www.lemasdesfontaines.com\/wp-content\/uploads\/2023\/07\/fontaines_salon7-1024x768.jpg' width='auto' height='auto' \/><div class='caption-block'><div class='text-wrapper'><span class='title'>Salon Rez-de-chauss\u00e9e<\/span><\/div><\/div><\/a><div class='ftg-social'><\/div><\/div><div  class='tile ftg-preload  '><a title=\"Salon Rez-de-chauss\u00e9e\" data-lightbox='ftg-11' rel='ftg-11'  class=' tile-inner  ftg-lightbox' href='' ><img alt='Salon Rez-de-chauss\u00e9e' class='item skip-lazy' data-class='item' data-ftg-source='https:\/\/www.lemasdesfontaines.com\/wp-content\/uploads\/2023\/07\/fontaines_salon9-1024x768.jpg' src='https:\/\/www.lemasdesfontaines.com\/wp-content\/uploads\/2023\/07\/fontaines_salon9-1024x768.jpg' width='auto' height='auto' \/><div class='caption-block'><div class='text-wrapper'><span class='title'>Salon Rez-de-chauss\u00e9e<\/span><\/div><\/div><\/a><div class='ftg-social'><\/div><\/div><div  class='tile ftg-preload  '><a title=\"Salon Rez-de-chauss\u00e9e\" data-lightbox='ftg-11' rel='ftg-11'  class=' tile-inner  ftg-lightbox' href='' ><img alt='Salon Rez-de-chauss\u00e9e' class='item skip-lazy' data-class='item' data-ftg-source='http:\/\/www.lemasdesfontaines.com\/wp-content\/uploads\/2015\/03\/gite-fontaine-montagnac-7-1024x768.jpg' src='http:\/\/www.lemasdesfontaines.com\/wp-content\/uploads\/2015\/03\/gite-fontaine-montagnac-7-1024x768.jpg' width='auto' height='auto' \/><div class='caption-block'><div class='text-wrapper'><span class='title'>Salon Rez-de-chauss\u00e9e<\/span><\/div><\/div><\/a><div class='ftg-social'><\/div><\/div><div  class='tile ftg-preload  '><a title=\"Equipement Hifi video\" data-lightbox='ftg-11' rel='ftg-11'  class=' tile-inner  ftg-lightbox' href='' ><img alt='Equipement Hifi video' class='item skip-lazy' data-class='item' data-ftg-source='https:\/\/www.lemasdesfontaines.com\/wp-content\/uploads\/2023\/07\/fontaines_salon3-768x1024.jpg' src='https:\/\/www.lemasdesfontaines.com\/wp-content\/uploads\/2023\/07\/fontaines_salon3-768x1024.jpg' width='auto' height='auto' \/><div class='caption-block'><div class='text-wrapper'><span class='title'>Equipement Hifi video<\/span><\/div><\/div><\/a><div class='ftg-social'><\/div><\/div><div  class='tile ftg-preload  '><a title=\"Equipement Hifi video\" data-lightbox='ftg-11' rel='ftg-11'  class=' tile-inner  ftg-lightbox' href='' ><img alt='Equipement Hifi video' class='item skip-lazy' data-class='item' data-ftg-source='https:\/\/www.lemasdesfontaines.com\/wp-content\/uploads\/2023\/07\/fontaines_salon4-1024x768.jpg' src='https:\/\/www.lemasdesfontaines.com\/wp-content\/uploads\/2023\/07\/fontaines_salon4-1024x768.jpg' width='auto' height='auto' \/><div class='caption-block'><div class='text-wrapper'><span class='title'>Equipement Hifi video<\/span><\/div><\/div><\/a><div class='ftg-social'><\/div><\/div><div  class='tile ftg-preload  '><a title=\"Cuisine \u00e9quip\u00e9e\" data-lightbox='ftg-11' rel='ftg-11'  class=' tile-inner  ftg-lightbox' href='' ><img alt='Cuisine \u00e9quip\u00e9e' class='item skip-lazy' data-class='item' data-ftg-source='https:\/\/www.lemasdesfontaines.com\/wp-content\/uploads\/2023\/07\/fontaines_cuisine-1024x768.jpg' src='https:\/\/www.lemasdesfontaines.com\/wp-content\/uploads\/2023\/07\/fontaines_cuisine-1024x768.jpg' width='auto' height='auto' \/><div class='caption-block'><div class='text-wrapper'><span class='title'>Cuisine \u00e9quip\u00e9e<\/span><\/div><\/div><\/a><div class='ftg-social'><\/div><\/div><div  class='tile ftg-preload  '><a title=\"Chambre\" data-lightbox='ftg-11' rel='ftg-11'  class=' tile-inner  ftg-lightbox' href='' ><img alt='Chambre' class='item skip-lazy' data-class='item' data-ftg-source='http:\/\/www.lemasdesfontaines.com\/wp-content\/uploads\/2015\/03\/gite-fontaine-montagnac-10.jpg' src='http:\/\/www.lemasdesfontaines.com\/wp-content\/uploads\/2015\/03\/gite-fontaine-montagnac-10.jpg' width='auto' height='auto' \/><div class='caption-block'><div class='text-wrapper'><span class='title'>Chambre<\/span><\/div><\/div><\/a><div class='ftg-social'><\/div><\/div><div  class='tile ftg-preload  '><a title=\"Chambre\" data-lightbox='ftg-11' rel='ftg-11'  class=' tile-inner  ftg-lightbox' href='' ><img alt='gite fontaine montagnac' class='item skip-lazy' data-class='item' data-ftg-source='http:\/\/www.lemasdesfontaines.com\/wp-content\/uploads\/2015\/03\/gite-fontaine-montagnac-1-1024x206.jpg' src='http:\/\/www.lemasdesfontaines.com\/wp-content\/uploads\/2015\/03\/gite-fontaine-montagnac-1-1024x206.jpg' width='auto' height='auto' \/><div class='caption-block'><div class='text-wrapper'><span class='title'>Chambre<\/span><\/div><\/div><\/a><div class='ftg-social'><\/div><\/div><div  class='tile ftg-preload  '><a title=\"Acc\u00e8s aux chambres\" data-lightbox='ftg-11' rel='ftg-11'  class=' tile-inner  ftg-lightbox' href='' ><img alt='Acc\u00e8s aux chambres' class='item skip-lazy' data-class='item' data-ftg-source='https:\/\/www.lemasdesfontaines.com\/wp-content\/uploads\/2023\/07\/fontaines_chambre1-1024x768.jpg' src='https:\/\/www.lemasdesfontaines.com\/wp-content\/uploads\/2023\/07\/fontaines_chambre1-1024x768.jpg' width='auto' height='auto' \/><div class='caption-block'><div class='text-wrapper'><span class='title'>Acc\u00e8s aux chambres<\/span><\/div><\/div><\/a><div class='ftg-social'><\/div><\/div><div  class='tile ftg-preload  '><a title=\"Salle d\u2019eau\" data-lightbox='ftg-11' rel='ftg-11'  class=' tile-inner  ftg-lightbox' href='' ><img alt='Salle d\u2019eau' class='item skip-lazy' data-class='item' data-ftg-source='http:\/\/www.lemasdesfontaines.com\/wp-content\/uploads\/2015\/03\/gite-fontaine-montagnac-11.jpg' src='http:\/\/www.lemasdesfontaines.com\/wp-content\/uploads\/2015\/03\/gite-fontaine-montagnac-11.jpg' width='auto' height='auto' \/><div class='caption-block'><div class='text-wrapper'><span class='title'>Salle d\u2019eau<\/span><\/div><\/div><\/a><div class='ftg-social'><\/div><\/div><\/div><\/div>\n\n<p><\/p>\n","protected":false},"excerpt":{"rendered":"<p>&nbsp;F\u00fcr l\u00e4ngere Aufenthalte F\u00fcr Personen, die f\u00fcr einige Monate einen angenehmen Lebensraum unter optimalen Bedingungen suchen, sind auch Langzeitmieten m\u00f6glich. 1Strom\/Wassernach Ablesung einzelner Z\u00e4hler f\u00fcr l\u00e4ngere Zeitr\u00e4ume1Kurtaxe: % des von der Gemeinde Agde festgelegten Mietpreises pro Erwachsener \/ Anzahl der Bewohner.1Endreinigung zum Preis der Anzahl der geleisteten Stunden oder R\u00fcckgabe im gleichen Zustand wie bei &hellip; <a href=\"https:\/\/www.lemasdesfontaines.com\/de\/les-fontaines\/\" class=\"excerpt-link\">Read More<\/a><\/p>\n","protected":false},"author":2,"featured_media":434,"parent":0,"menu_order":0,"comment_status":"closed","ping_status":"closed","template":"page-templates\/full-with-page-fontaines.php","meta":{"om_disable_all_campaigns":false,"_monsterinsights_skip_tracking":false,"_monsterinsights_sitenote_active":false,"_monsterinsights_sitenote_note":"","_monsterinsights_sitenote_category":0,"_uf_show_specific_survey":0,"_uf_disable_surveys":false,"footnotes":""},"class_list":["post-927","page","type-page","status-publish","has-post-thumbnail","hentry"],"aioseo_notices":[],"_links":{"self":[{"href":"https:\/\/www.lemasdesfontaines.com\/de\/wp-json\/wp\/v2\/pages\/927","targetHints":{"allow":["GET"]}}],"collection":[{"href":"https:\/\/www.lemasdesfontaines.com\/de\/wp-json\/wp\/v2\/pages"}],"about":[{"href":"https:\/\/www.lemasdesfontaines.com\/de\/wp-json\/wp\/v2\/types\/page"}],"author":[{"embeddable":true,"href":"https:\/\/www.lemasdesfontaines.com\/de\/wp-json\/wp\/v2\/users\/2"}],"replies":[{"embeddable":true,"href":"https:\/\/www.lemasdesfontaines.com\/de\/wp-json\/wp\/v2\/comments?post=927"}],"version-history":[{"count":2,"href":"https:\/\/www.lemasdesfontaines.com\/de\/wp-json\/wp\/v2\/pages\/927\/revisions"}],"predecessor-version":[{"id":1677,"href":"https:\/\/www.lemasdesfontaines.com\/de\/wp-json\/wp\/v2\/pages\/927\/revisions\/1677"}],"wp:featuredmedia":[{"embeddable":true,"href":"https:\/\/www.lemasdesfontaines.com\/de\/wp-json\/wp\/v2\/media\/434"}],"wp:attachment":[{"href":"https:\/\/www.lemasdesfontaines.com\/de\/wp-json\/wp\/v2\/media?parent=927"}],"curies":[{"name":"wp","href":"https:\/\/api.w.org\/{rel}","templated":true}]}}