{"id":1621,"date":"2026-02-06T13:38:59","date_gmt":"2026-02-06T12:38:59","guid":{"rendered":"https:\/\/www.lemasdesfontaines.com\/gaestezimmer\/das-zimmer-voyage-reise\/"},"modified":"2026-02-06T13:38:59","modified_gmt":"2026-02-06T12:38:59","slug":"das-zimmer-voyage-reise","status":"publish","type":"page","link":"https:\/\/www.lemasdesfontaines.com\/de\/gaestezimmer\/das-zimmer-voyage-reise\/","title":{"rendered":"Das Zimmer &#8222;Voyage&#8220; (Reise)"},"content":{"rendered":"<div class=\"vc_row wpb_row vc_row-fluid\"  >\n\t<div class=\"vc_col-sm-12 wpb_column vc_column_container \">\n\t\t<div class=\"wpb_wrapper\">\n\t\t\t\n\t<div class=\"wpb_text_column wpb_content_element \">\n\t\t<div class=\"wpb_wrapper\">\n\t\t\t<p style=\"text-align: center;\">Einladung zur Reise&#8230; Gro\u00dfes klimatisiertes Zimmer auf der Gartenseite mit einem 180 cm breiten Bett, ausgestattet mit Fernseher und Wifi.<br \/>\nDas Badezimmer ist klein und komplett ausgestattet. F\u00f6n, Duschgel und Shampoo stehen zur Verf\u00fcgung.<br \/>\nWir stehen Ihnen gerne zur Verf\u00fcgung, um Sie zu empfangen und Ihnen unsere sch\u00f6ne Region vorzustellen und, wenn Sie es w\u00fcnschen, Ihr touristisches Programm mit Ihnen auszuarbeiten. <\/p>\n\n\t\t<\/div> \n\t<\/div> \n\t\t<\/div> \n\t<\/div> \n<\/div>\t<div class=\"vc_row wpb_row vc_row-fluid\"  >\n\t<div class=\"vc_col-sm-6 wpb_column vc_column_container \">\n\t\t<div class=\"wpb_wrapper\">\n\t\t\t\n\t<div class=\"wpb_text_column wpb_content_element \">\n\t\t<div class=\"wpb_wrapper\">\n\t\t\t<h3>Preise<\/h3>\n<p>Preise pro Nacht f\u00fcr eine oder zwei Personen :<\/p>\n<ul>\n<li>Inklusive Fr\u00fchst\u00fcck von 95 bis 105 Euro je nach Saison.<\/li>\n<li>Zus\u00e4tzliche Person 35 Euro.<\/li>\n<li>Kostenlose&#8220; Babys, Leihbett je nach Verf\u00fcgbarkeit, K\u00fcchenbenutzung<br \/>\nKontaktieren Sie uns per E-Mail oder Telefon f\u00fcr die Verf\u00fcgbarkeit der Zimmer.<\/li>\n<li>Degressive Tarife f\u00fcr lange Zeitr\u00e4ume.<\/li>\n<li>Kurtaxe: 1,15 \u20ac pro Tag und pro Person \u00fcber 18 Jahre.<\/li>\n<\/ul>\n\n\t\t<\/div> \n\t<\/div> \n\t\t<\/div> \n\t<\/div> \n\n\t<div class=\"vc_col-sm-6 wpb_column vc_column_container \">\n\t\t<div class=\"wpb_wrapper\">\n\t\t\t\n\t<div class=\"wpb_text_column wpb_content_element \">\n\t\t<div class=\"wpb_wrapper\">\n\t\t\t<h3>Zus\u00e4tzliche Leistungen<\/h3>\n<p>Zus\u00e4tzliche Leistungen, die vor Ort gegen Aufpreis erh\u00e4ltlich sind:<\/p>\n<ul>\n<li>Babysitting<\/li>\n<li>Wein- und Produktprobenabende je nach Saison und Anzahl der Personen<\/li>\n<li>Besuch von Weing\u00fctern<\/li>\n<li>Verzehr vor Ort oder Eis<\/li>\n<li>Paella-Abende, Tapas, Tagines, mediterrane K\u00fcche mit Wein aus dem Languedoc (nur mit Reservierung)<\/li>\n<li>G\u00e4stetische (nur mit Reservierung)<\/li>\n<li>Entdeckung von regionalen Produkten<\/li>\n<\/ul>\n\n\t\t<\/div> \n\t<\/div> \n\t\t<\/div> \n\t<\/div> \n<\/div>\t<div class=\"vc_row wpb_row vc_row-fluid\"  >\n\t<div class=\"vc_col-sm-12 wpb_column vc_column_container \">\n\t\t<div class=\"wpb_wrapper\">\n\t\t\t<!-- Final Tiles Grid Gallery for WordPress v3.6.11 free --><style>#ftg-99 .tile .icon { color:#ffffff; }#ftg-99 .ftg-items .loading-bar i { background:#666; }#ftg-99 .ftg-items .loading-bar { background:#fff; }#ftg-99 .tile .icon { font-size:12px; }#ftg-99 .tile .icon { margin: -6px 0 0 -6px; }#ftg-99 .tile .caption-block .text-wrapper span.text { font-size:12px; }#ftg-99 .tile .caption-outside .text-wrapper span.text { font-size:12px; }#ftg-99 .tile .caption-block .text-wrapper span.title { font-size:14px; }#ftg-99 .tile .caption-outside .text-wrapper span.title { font-size:14px; }#ftg-99 .tile { background-color: transparent; }#ftg-99 .tile .caption-block .text-wrapper span.text { color: #ffffff; }#ftg-99 .tile .caption-block .text-wrapper span.title { color: #ffffff; }#ftg-99 .tile .caption-outside .text-wrapper span.text { color: #ffffff; }#ftg-99 .tile .caption-outside .text-wrapper span.title { color: #ffffff; }#ftg-99 .tile .ftg-social a { color: #ffffff; }#ftg-99 .tile .caption-block { transition-duration:0.25s; }#ftg-99 .tile .tile-inner:before { background-color: #000000; }#ftg-99 .tile .tile-inner:before { background-color: rgba(0, 0, 0, 0.8); }#ftg-99 .tile .caption-block, #ftg-99 .tile .caption-outside { border-color: #ffffff; }#ftg-99 .tile:hover img {-moz-transform: ;-webkit-transform: ;-o-transform: ;-ms-transform: ;transform: ;}<\/style><a name=\"9\"><\/a><div class=\"final-tiles-gallery  ftg-hover-enabled caption-inside caption-frame caption-none caption-middle caption-center\" id=\"ftg-99\" style=\"width: 100%\"><div class='ftg-items'><div class='loading-bar'><i><\/i><\/div><div  class='tile ftg-preload  '><a title=\"Chambre voyage\" data-lightbox='ftg-99' rel='ftg-99'  class=' tile-inner  ftg-lightbox' href='' ><img alt='Chambre voyage' class='item skip-lazy' data-class='item' data-ftg-source='https:\/\/www.lemasdesfontaines.com\/wp-content\/uploads\/2015\/04\/chambre-voyage-larzac.jpg' src='https:\/\/www.lemasdesfontaines.com\/wp-content\/uploads\/2015\/04\/chambre-voyage-larzac.jpg' width='auto' height='auto' \/><div class='caption-block'><div class='text-wrapper'><span class='title'>Chambre voyage<\/span><\/div><\/div><\/a><div class='ftg-social'><\/div><\/div><div  class='tile ftg-preload  '><a title=\"Chambre voyage\" data-lightbox='ftg-99' rel='ftg-99'  class=' tile-inner  ftg-lightbox' href='' ><img alt='Chambre voyage' class='item skip-lazy' data-class='item' data-ftg-source='https:\/\/www.lemasdesfontaines.com\/wp-content\/uploads\/2023\/07\/chambre-voyage2-1024x768.jpg' src='https:\/\/www.lemasdesfontaines.com\/wp-content\/uploads\/2023\/07\/chambre-voyage2-1024x768.jpg' width='auto' height='auto' \/><div class='caption-block'><div class='text-wrapper'><span class='title'>Chambre voyage<\/span><\/div><\/div><\/a><div class='ftg-social'><\/div><\/div><div  class='tile ftg-preload  '><a title=\"Chambre voyage\" data-lightbox='ftg-99' rel='ftg-99'  class=' tile-inner  ftg-lightbox' href='' ><img alt='Chambre voyage' class='item skip-lazy' data-class='item' data-ftg-source='https:\/\/www.lemasdesfontaines.com\/wp-content\/uploads\/2015\/04\/chambre-voyage-montagnac.jpg' src='https:\/\/www.lemasdesfontaines.com\/wp-content\/uploads\/2015\/04\/chambre-voyage-montagnac.jpg' width='auto' height='auto' \/><div class='caption-block'><div class='text-wrapper'><span class='title'>Chambre voyage<\/span><\/div><\/div><\/a><div class='ftg-social'><\/div><\/div><div  class='tile ftg-preload  '><a title=\"Chambre voyage\" data-lightbox='ftg-99' rel='ftg-99'  class=' tile-inner  ftg-lightbox' href='' ><img alt='Chambre voyage' class='item skip-lazy' data-class='item' data-ftg-source='https:\/\/www.lemasdesfontaines.com\/wp-content\/uploads\/2023\/06\/IMG_4060-1024x768.jpg' src='https:\/\/www.lemasdesfontaines.com\/wp-content\/uploads\/2023\/06\/IMG_4060-1024x768.jpg' width='auto' height='auto' \/><div class='caption-block'><div class='text-wrapper'><span class='title'>Chambre voyage<\/span><\/div><\/div><\/a><div class='ftg-social'><\/div><\/div><div  class='tile ftg-preload  '><a title=\"Chambre voyage\" data-lightbox='ftg-99' rel='ftg-99'  class=' tile-inner  ftg-lightbox' href='' ><img alt='Chambre voyage' class='item skip-lazy' data-class='item' data-ftg-source='https:\/\/www.lemasdesfontaines.com\/wp-content\/uploads\/2023\/06\/IMG_4061-1024x768.jpg' src='https:\/\/www.lemasdesfontaines.com\/wp-content\/uploads\/2023\/06\/IMG_4061-1024x768.jpg' width='auto' height='auto' \/><div class='caption-block'><div class='text-wrapper'><span class='title'>Chambre voyage<\/span><\/div><\/div><\/a><div class='ftg-social'><\/div><\/div><\/div><\/div>\n\t\t<\/div> \n\t<\/div> \n<\/div>\n","protected":false},"excerpt":{"rendered":"Einladung zur Reise... Gro\u00dfes klimatisiertes Zimmer auf der Gartenseite mit einem 180 cm breiten Bett, ausgestattet mit Fernseher und Wifi. Das Badezimmer ist klein und komplett ausgestattet. F\u00f6n, Duschgel und Shampoo stehen zur Verf\u00fcgung. Wir stehen Ihnen gerne zur Verf\u00fcgung, um Sie zu empfangen und Ihnen unsere sch\u00f6ne Region vorzustellen und, wenn Sie es w\u00fcnschen, &hellip; <a href=\"https:\/\/www.lemasdesfontaines.com\/de\/gaestezimmer\/das-zimmer-voyage-reise\/\" class=\"excerpt-link\">Read More<\/a>","protected":false},"author":2,"featured_media":725,"parent":1580,"menu_order":0,"comment_status":"closed","ping_status":"closed","template":"page-templates\/full-width-page.php","meta":{"om_disable_all_campaigns":false,"_monsterinsights_skip_tracking":false,"_monsterinsights_sitenote_active":false,"_monsterinsights_sitenote_note":"","_monsterinsights_sitenote_category":0,"_uf_show_specific_survey":0,"_uf_disable_surveys":false,"footnotes":""},"class_list":["post-1621","page","type-page","status-publish","has-post-thumbnail","hentry"],"aioseo_notices":[],"_links":{"self":[{"href":"https:\/\/www.lemasdesfontaines.com\/de\/wp-json\/wp\/v2\/pages\/1621","targetHints":{"allow":["GET"]}}],"collection":[{"href":"https:\/\/www.lemasdesfontaines.com\/de\/wp-json\/wp\/v2\/pages"}],"about":[{"href":"https:\/\/www.lemasdesfontaines.com\/de\/wp-json\/wp\/v2\/types\/page"}],"author":[{"embeddable":true,"href":"https:\/\/www.lemasdesfontaines.com\/de\/wp-json\/wp\/v2\/users\/2"}],"replies":[{"embeddable":true,"href":"https:\/\/www.lemasdesfontaines.com\/de\/wp-json\/wp\/v2\/comments?post=1621"}],"version-history":[{"count":2,"href":"https:\/\/www.lemasdesfontaines.com\/de\/wp-json\/wp\/v2\/pages\/1621\/revisions"}],"predecessor-version":[{"id":1625,"href":"https:\/\/www.lemasdesfontaines.com\/de\/wp-json\/wp\/v2\/pages\/1621\/revisions\/1625"}],"up":[{"embeddable":true,"href":"https:\/\/www.lemasdesfontaines.com\/de\/wp-json\/wp\/v2\/pages\/1580"}],"wp:featuredmedia":[{"embeddable":true,"href":"https:\/\/www.lemasdesfontaines.com\/de\/wp-json\/wp\/v2\/media\/725"}],"wp:attachment":[{"href":"https:\/\/www.lemasdesfontaines.com\/de\/wp-json\/wp\/v2\/media?parent=1621"}],"curies":[{"name":"wp","href":"https:\/\/api.w.org\/{rel}","templated":true}]}}