{"id":1612,"date":"2026-02-06T10:26:27","date_gmt":"2026-02-06T09:26:27","guid":{"rendered":"https:\/\/www.lemasdesfontaines.com\/zu-schoen-um-wahr-zu-sein-2-ferienhaeuser-mit-privatem-pool\/"},"modified":"2026-02-06T12:40:13","modified_gmt":"2026-02-06T11:40:13","slug":"zu-schoen-um-wahr-zu-sein-2-ferienhaeuser-mit-privatem-pool","status":"publish","type":"page","link":"https:\/\/www.lemasdesfontaines.com\/de\/zu-schoen-um-wahr-zu-sein-2-ferienhaeuser-mit-privatem-pool\/","title":{"rendered":"&#8222;Zu sch\u00f6n, um wahr zu sein&#8230;&#8220; 2 Ferienh\u00e4user mit privatem Pool"},"content":{"rendered":"<div class=\"vc_row wpb_row vc_row-fluid\"  ><\/div>\n\t<div class=\"vc_col-sm-12 wpb_column vc_column_container \">\n\t\t<div class=\"wpb_wrapper\">\n\t\t\t\n\t\t<\/div> \n\t<\/div> \n\n\t<div class=\"wpb_text_column wpb_content_element \">\n\t\t<div class=\"wpb_wrapper\">\n\t\t\t\n\t\t<\/div> \n\t<\/div>\n<ul>\n<li>Sie m\u00f6chten einen Pool, der nur f\u00fcr Sie da ist?<\/li>\n<li>Sie verf\u00fcgen \u00fcber 2 unabh\u00e4ngige Ferienh\u00e4user, die nur wenige Meter voneinander entfernt liegen und eine Kapazit\u00e4t von 6 bis 10 Personen (oder mehr) haben, wobei der Pool privatisiert werden kann.<\/li>\n<li>Ideal f\u00fcr mehrere Generationen, f\u00fcr mehrere Familien oder befreundete Paare mit oder ohne Kinder, wobei Raum, Privatsph\u00e4re und Komfort im Vordergrund stehen.<\/li>\n<li>Ich biete Ihnen 4 Schlafzimmer und 4 Badezimmer, den Komfort der Moderne und den Charme des Alten.<\/li>\n<li>Bettw\u00e4sche und Handt\u00fccher werden f\u00fcr die Bewohner der Zimmer bereitgestellt.<\/li>\n<li>G\u00e4rten, Terrassen, BBQs&#8230;<\/li>\n<li>Sicherer Parkplatz im Hof des Anwesens f\u00fcr 2 Fahrzeuge.<\/li>\n<li>Waschk\u00fcche f\u00fcr die W\u00e4sche und die Aufbewahrung von Sachen.<\/li>\n<li>Der Schuppen f\u00fcr Fahrr\u00e4der, Windsurfbretter, Jetski,&#8230;<\/li>\n<li>Selbstverst\u00e4ndlich ist Wifi&#8230;<\/li>\n<li>Und&#8230; ein privater Swimmingpool!<\/li>\n<\/ul>\n<p>Beziehen Sie sich auf die Beschreibung der Villen <a href=\"https:\/\/www.lemasdesfontaines.com\/de\/les-fontaines\/\">&#8222;Les Fontaines&#8220;<\/a> und <a href=\"https:\/\/www.lemasdesfontaines.com\/de\/?page_id=1568\">&#8222;Nova Ra\u00ef&#8220;<\/a> f\u00fcr detaillierte Angaben und Fotos.<\/p>\n\n<div class=\"wp-block-ftg-gallery\"><!-- Final Tiles Grid Gallery for WordPress v3.6.11 free --><style>#ftg-1111 .tile .icon { color:#ffffff; }#ftg-1111 .ftg-items .loading-bar i { background:#666; }#ftg-1111 .ftg-items .loading-bar { background:#fff; }#ftg-1111 .tile .icon { font-size:12px; }#ftg-1111 .tile .icon { margin: -6px 0 0 -6px; }#ftg-1111 .tile .caption-block .text-wrapper span.text { font-size:12px; }#ftg-1111 .tile .caption-outside .text-wrapper span.text { font-size:12px; }#ftg-1111 .tile .caption-block .text-wrapper span.title { font-size:14px; }#ftg-1111 .tile .caption-outside .text-wrapper span.title { font-size:14px; }#ftg-1111 .tile { background-color: transparent; }#ftg-1111 .tile .caption-block .text-wrapper span.text { color: #ffffff; }#ftg-1111 .tile .caption-block .text-wrapper span.title { color: #ffffff; }#ftg-1111 .tile .caption-outside .text-wrapper span.text { color: #ffffff; }#ftg-1111 .tile .caption-outside .text-wrapper span.title { color: #ffffff; }#ftg-1111 .tile .ftg-social a { color: #ffffff; }#ftg-1111 .tile .caption-block { transition-duration:0.25s; }#ftg-1111 .tile .tile-inner:before { background-color: #000000; }#ftg-1111 .tile .tile-inner:before { background-color: rgba(0, 0, 0, 0.8); }#ftg-1111 .tile:hover img {-moz-transform: ;-webkit-transform: ;-o-transform: ;-ms-transform: ;transform: ;}<\/style><a name=\"11\"><\/a><div class=\"final-tiles-gallery  ftg-hover-enabled caption-inside  caption-none caption-middle caption-center\" id=\"ftg-1111\" style=\"width: 100%\"><div class='ftg-items'><div class='loading-bar'><i><\/i><\/div><div  class='tile ftg-preload  '><a title=\"Nova Ra\u00ef\"  rel='ftg-1111'  class=' tile-inner  ' href='\/gite-herault\/nova-rai\/' ><img alt='gite herault montagnac' class='item skip-lazy' data-class='item' data-ftg-source='https:\/\/www.lemasdesfontaines.com\/wp-content\/uploads\/2015\/03\/novaRai_header-1024x439.jpg' src='https:\/\/www.lemasdesfontaines.com\/wp-content\/uploads\/2015\/03\/novaRai_header-1024x439.jpg' width='auto' height='auto' \/><div class='caption-block'><div class='text-wrapper'><span class='title'>Nova Ra\u00ef<\/span><\/div><\/div><\/a><div class='ftg-social'><\/div><\/div><div  class='tile ftg-preload  '><a title=\"Les Fontaines\"  rel='ftg-1111'  class=' tile-inner  ' href='\/gite-herault\/les-fontaines\/' ><img alt='Les Fontaines' class='item skip-lazy' data-class='item' data-ftg-source='https:\/\/www.lemasdesfontaines.com\/wp-content\/uploads\/2015\/03\/gite-fontaine-montagnac-8.jpg' src='https:\/\/www.lemasdesfontaines.com\/wp-content\/uploads\/2015\/03\/gite-fontaine-montagnac-8.jpg' width='auto' height='auto' \/><div class='caption-block'><div class='text-wrapper'><span class='title'>Les Fontaines<\/span><span class='text'>Terrasse<\/span><\/div><\/div><\/a><div class='ftg-social'><\/div><\/div><div  class='tile ftg-preload  '><a title=\"piscine2\" data-lightbox='ftg-1111' rel='ftg-1111'  class=' tile-inner  ftg-lightbox' href='' ><img alt='piscine2' class='item skip-lazy' data-class='item' data-ftg-source='https:\/\/www.lemasdesfontaines.com\/wp-content\/uploads\/2023\/07\/piscine2-1024x768.jpg' src='https:\/\/www.lemasdesfontaines.com\/wp-content\/uploads\/2023\/07\/piscine2-1024x768.jpg' width='auto' height='auto' \/><div class='caption-block'><div class='text-wrapper'><span class='title'>piscine2<\/span><\/div><\/div><\/a><div class='ftg-social'><\/div><\/div><div  class='tile ftg-preload  '><a title=\"piscine1\" data-lightbox='ftg-1111' rel='ftg-1111'  class=' tile-inner  ftg-lightbox' href='' ><img alt='piscine1' class='item skip-lazy' data-class='item' data-ftg-source='https:\/\/www.lemasdesfontaines.com\/wp-content\/uploads\/2023\/07\/piscine1-1024x768.jpg' src='https:\/\/www.lemasdesfontaines.com\/wp-content\/uploads\/2023\/07\/piscine1-1024x768.jpg' width='auto' height='auto' \/><div class='caption-block'><div class='text-wrapper'><span class='title'>piscine1<\/span><\/div><\/div><\/a><div class='ftg-social'><\/div><\/div><\/div><\/div><\/div>\n\n<p>Der Preis h\u00e4ngt von der Anzahl der G\u00e4ste und dem Zeitraum ab + Kurtaxe und Endreinigung.<\/p>\n\n<p>Am einfachsten ist es, wenn Sie mich kontaktieren.<\/p>\n\n<p>Preis ab &#8230; und zwischen 2020 und 2250 \u20ac pro Woche f\u00fcr die Mindestkapazit\u00e4t.<\/p>\n","protected":false},"excerpt":{"rendered":"<p>Sie m\u00f6chten einen Pool, der nur f\u00fcr Sie da ist? Sie verf\u00fcgen \u00fcber 2 unabh\u00e4ngige Ferienh\u00e4user, die nur wenige Meter voneinander entfernt liegen und eine Kapazit\u00e4t von 6 bis 10 Personen (oder mehr) haben, wobei der Pool privatisiert werden kann. Ideal f\u00fcr mehrere Generationen, f\u00fcr mehrere Familien oder befreundete Paare mit oder ohne Kinder, wobei &hellip; <a href=\"https:\/\/www.lemasdesfontaines.com\/de\/zu-schoen-um-wahr-zu-sein-2-ferienhaeuser-mit-privatem-pool\/\" class=\"excerpt-link\">Read More<\/a><\/p>\n","protected":false},"author":2,"featured_media":1445,"parent":0,"menu_order":0,"comment_status":"closed","ping_status":"open","template":"page-templates\/full-width-page.php","meta":{"om_disable_all_campaigns":false,"_monsterinsights_skip_tracking":false,"_monsterinsights_sitenote_active":false,"_monsterinsights_sitenote_note":"","_monsterinsights_sitenote_category":0,"_uf_show_specific_survey":0,"_uf_disable_surveys":false,"footnotes":""},"class_list":["post-1612","page","type-page","status-publish","has-post-thumbnail","hentry"],"aioseo_notices":[],"_links":{"self":[{"href":"https:\/\/www.lemasdesfontaines.com\/de\/wp-json\/wp\/v2\/pages\/1612","targetHints":{"allow":["GET"]}}],"collection":[{"href":"https:\/\/www.lemasdesfontaines.com\/de\/wp-json\/wp\/v2\/pages"}],"about":[{"href":"https:\/\/www.lemasdesfontaines.com\/de\/wp-json\/wp\/v2\/types\/page"}],"author":[{"embeddable":true,"href":"https:\/\/www.lemasdesfontaines.com\/de\/wp-json\/wp\/v2\/users\/2"}],"replies":[{"embeddable":true,"href":"https:\/\/www.lemasdesfontaines.com\/de\/wp-json\/wp\/v2\/comments?post=1612"}],"version-history":[{"count":7,"href":"https:\/\/www.lemasdesfontaines.com\/de\/wp-json\/wp\/v2\/pages\/1612\/revisions"}],"predecessor-version":[{"id":1737,"href":"https:\/\/www.lemasdesfontaines.com\/de\/wp-json\/wp\/v2\/pages\/1612\/revisions\/1737"}],"wp:featuredmedia":[{"embeddable":true,"href":"https:\/\/www.lemasdesfontaines.com\/de\/wp-json\/wp\/v2\/media\/1445"}],"wp:attachment":[{"href":"https:\/\/www.lemasdesfontaines.com\/de\/wp-json\/wp\/v2\/media?parent=1612"}],"curies":[{"name":"wp","href":"https:\/\/api.w.org\/{rel}","templated":true}]}}