{"id":1602,"date":"2026-02-06T13:38:59","date_gmt":"2026-02-06T12:38:59","guid":{"rendered":"https:\/\/www.lemasdesfontaines.com\/gaestezimmer\/das-yin-yang-zimmer\/"},"modified":"2026-02-06T13:50:01","modified_gmt":"2026-02-06T12:50:01","slug":"das-yin-yang-zimmer","status":"publish","type":"page","link":"https:\/\/www.lemasdesfontaines.com\/de\/gaestezimmer\/das-yin-yang-zimmer\/","title":{"rendered":"Das Yin-Yang-Zimmer"},"content":{"rendered":"<div class=\"vc_row wpb_row vc_row-fluid\"  >\n\t<div class=\"vc_col-sm-12 wpb_column vc_column_container \">\n\t\t<div class=\"wpb_wrapper\">\n\t\t\t\n\t<div class=\"wpb_text_column wpb_content_element \">\n\t\t<div class=\"wpb_wrapper\">\n\t\t\t<p style=\"text-align: center;\">Dieses gro\u00dfe, klimatisierte Zimmer zur Gartenseite mit einem Doppelbett (180 cm), einem Sessel als Zusatzbett, Fernseher und Wifi ist mit seinem gro\u00dfen Schrank, seinem Schreibtisch und seiner kleinen Entspannungsecke ideal f\u00fcr l\u00e4ngere Aufenthalte.<br \/>Das Badezimmer ist klein und komplett ausgestattet. F\u00f6n und Duschgel und Shampoo stehen zur Verf\u00fcgung.<br \/>Wir stehen Ihnen zur Verf\u00fcgung, um Sie zu begr\u00fc\u00dfen und Ihnen unsere sch\u00f6ne Region vorzustellen und, wenn Sie es w\u00fcnschen, um mit Ihnen ein touristisches Programm auszuarbeiten.<\/p>\n\n\t\t<\/div> \n\t<\/div> \n\t\t<\/div> \n\t<\/div> \n<\/div>\t<div class=\"vc_row wpb_row vc_row-fluid\"  >\n\t<div class=\"vc_col-sm-6 wpb_column vc_column_container \">\n\t\t<div class=\"wpb_wrapper\">\n\t\t\t\n\t<div class=\"wpb_text_column wpb_content_element \">\n\t\t<div class=\"wpb_wrapper\">\n\t\t\t<h3>Preise<\/h3>\n<p>Preise pro Nacht f\u00fcr eine oder zwei Personen :<\/p>\n<ul>\n<li>Inklusive Fr\u00fchst\u00fcck von 95 bis 105 Euro je nach Saison.<\/li>\n<li>Zus\u00e4tzliche Person 35 Euro.<\/li>\n<li>Kostenlose&#8220; Babys, Leihbett je nach Verf\u00fcgbarkeit, K\u00fcchenbenutzung<br \/>Kontaktieren Sie uns per E-Mail oder Telefon f\u00fcr die Verf\u00fcgbarkeit der Zimmer.<\/li>\n<li>Degressive Tarife f\u00fcr lange Zeitr\u00e4ume.<\/li>\n<li>Kurtaxe: 1,15 \u20ac pro Tag und pro Person \u00fcber 18 Jahre.<\/li>\n<\/ul>\n\n\t\t<\/div> \n\t<\/div> \n\t\t<\/div> \n\t<\/div> \n\n\t<div class=\"vc_col-sm-6 wpb_column vc_column_container \">\n\t\t<div class=\"wpb_wrapper\">\n\t\t\t\n\t<div class=\"wpb_text_column wpb_content_element \">\n\t\t<div class=\"wpb_wrapper\">\n\t\t\t<h3>Zus\u00e4tzliche Leistungen<\/h3>\n<p>Zus\u00e4tzliche Leistungen, die vor Ort gegen Aufpreis erh\u00e4ltlich sind:<\/p>\n<ul>\n<li>Babysitting<\/li>\n<li>Wein- und Produktprobenabende je nach Saison und Anzahl der Personen<\/li>\n<li>Besuch von Weing\u00fctern<\/li>\n<li>Verzehr vor Ort oder Eis<\/li>\n<li>Paella-Abende, Tapas, Tagines, mediterrane K\u00fcche mit Wein aus dem Languedoc (nur mit Reservierung)<\/li>\n<li>G\u00e4stetische (nur mit Reservierung)<\/li>\n<li>Entdeckung von regionalen Produkten<\/li>\n<\/ul>\n\n\t\t<\/div> \n\t<\/div> \n\t\t<\/div> \n\t<\/div> \n<\/div>\t<div class=\"vc_row wpb_row vc_row-fluid\"  ><\/div>\n<p>\u00a0<\/p>\n\n\n<div class=\"wp-block-ftg-gallery\"><!-- Final Tiles Grid Gallery for WordPress v3.6.11 free --><style>#ftg-33 .tile .icon { color:#ffffff; }#ftg-33 .ftg-items .loading-bar i { background:#666; }#ftg-33 .ftg-items .loading-bar { background:#fff; }#ftg-33 .tile .icon { font-size:12px; }#ftg-33 .tile .icon { margin: -6px 0 0 -6px; }#ftg-33 .tile .caption-block .text-wrapper span.text { font-size:12px; }#ftg-33 .tile .caption-outside .text-wrapper span.text { font-size:12px; }#ftg-33 .tile .caption-block .text-wrapper span.title { font-size:14px; }#ftg-33 .tile .caption-outside .text-wrapper span.title { font-size:14px; }#ftg-33 .tile { background-color: transparent; }#ftg-33 .tile .caption-block .text-wrapper span.text { color: #ffffff; }#ftg-33 .tile .caption-block .text-wrapper span.title { color: #ffffff; }#ftg-33 .tile .caption-outside .text-wrapper span.text { color: #ffffff; }#ftg-33 .tile .caption-outside .text-wrapper span.title { color: #ffffff; }#ftg-33 .tile .ftg-social a { color: #ffffff; }#ftg-33 .tile .caption-block { transition-duration:0.25s; }#ftg-33 .tile .tile-inner:before { background-color: #000000; }#ftg-33 .tile .tile-inner:before { background-color: rgba(0, 0, 0, 0.8); }#ftg-33 .tile .caption-block, #ftg-33 .tile .caption-outside { border-color: #ffffff; }#ftg-33 .tile:hover img {-moz-transform: ;-webkit-transform: ;-o-transform: ;-ms-transform: ;transform: ;}<\/style><a name=\"3\"><\/a><div class=\"final-tiles-gallery  ftg-hover-enabled caption-inside caption-frame caption-none caption-middle caption-center\" id=\"ftg-33\" style=\"width: 100%\"><div class='ftg-items'><div class='loading-bar'><i><\/i><\/div><div  class='tile ftg-preload  '><a title=\"Chambre Yin Yang\" data-lightbox='ftg-33' rel='ftg-33'  class=' tile-inner  ftg-lightbox' href='' ><img alt='chambre yin yang h\u00e9rault' class='item skip-lazy' data-class='item' data-ftg-source='https:\/\/www.lemasdesfontaines.com\/wp-content\/uploads\/2015\/04\/chambre-yin-yang-montagnac.jpg' src='https:\/\/www.lemasdesfontaines.com\/wp-content\/uploads\/2015\/04\/chambre-yin-yang-montagnac.jpg' width='auto' height='auto' \/><div class='caption-block'><div class='text-wrapper'><span class='title'>Chambre Yin Yang<\/span><\/div><\/div><\/a><div class='ftg-social'><\/div><\/div><div  class='tile ftg-preload  '><a title=\"Chambre Yin Yang\" data-lightbox='ftg-33' rel='ftg-33'  class=' tile-inner  ftg-lightbox' href='' ><img alt='chambre yin yang larzac' class='item skip-lazy' data-class='item' data-ftg-source='https:\/\/www.lemasdesfontaines.com\/wp-content\/uploads\/2015\/04\/chambre-yin-yang-herault-1024x1024.jpg' src='https:\/\/www.lemasdesfontaines.com\/wp-content\/uploads\/2015\/04\/chambre-yin-yang-herault-1024x1024.jpg' width='auto' height='auto' \/><div class='caption-block'><div class='text-wrapper'><span class='title'>Chambre Yin Yang<\/span><\/div><\/div><\/a><div class='ftg-social'><\/div><\/div><div  class='tile ftg-preload  '><a title=\"Chambre Yin Yang\" data-lightbox='ftg-33' rel='ftg-33'  class=' tile-inner  ftg-lightbox' href='' ><img alt='chambre yin yang montagnac' class='item skip-lazy' data-class='item' data-ftg-source='https:\/\/www.lemasdesfontaines.com\/wp-content\/uploads\/2015\/04\/chambre-yin-yang-larzac-1024x1024.jpg' src='https:\/\/www.lemasdesfontaines.com\/wp-content\/uploads\/2015\/04\/chambre-yin-yang-larzac-1024x1024.jpg' width='auto' height='auto' \/><div class='caption-block'><div class='text-wrapper'><span class='title'>Chambre Yin Yang<\/span><\/div><\/div><\/a><div class='ftg-social'><\/div><\/div><\/div><\/div><\/div>\n","protected":false},"excerpt":{"rendered":"<p>\u00a0<\/p>\n","protected":false},"author":2,"featured_media":754,"parent":1580,"menu_order":0,"comment_status":"closed","ping_status":"closed","template":"page-templates\/full-width-page.php","meta":{"om_disable_all_campaigns":false,"_monsterinsights_skip_tracking":false,"_monsterinsights_sitenote_active":false,"_monsterinsights_sitenote_note":"","_monsterinsights_sitenote_category":0,"_uf_show_specific_survey":0,"_uf_disable_surveys":false,"footnotes":""},"class_list":["post-1602","page","type-page","status-publish","has-post-thumbnail","hentry"],"aioseo_notices":[],"_links":{"self":[{"href":"https:\/\/www.lemasdesfontaines.com\/de\/wp-json\/wp\/v2\/pages\/1602","targetHints":{"allow":["GET"]}}],"collection":[{"href":"https:\/\/www.lemasdesfontaines.com\/de\/wp-json\/wp\/v2\/pages"}],"about":[{"href":"https:\/\/www.lemasdesfontaines.com\/de\/wp-json\/wp\/v2\/types\/page"}],"author":[{"embeddable":true,"href":"https:\/\/www.lemasdesfontaines.com\/de\/wp-json\/wp\/v2\/users\/2"}],"replies":[{"embeddable":true,"href":"https:\/\/www.lemasdesfontaines.com\/de\/wp-json\/wp\/v2\/comments?post=1602"}],"version-history":[{"count":4,"href":"https:\/\/www.lemasdesfontaines.com\/de\/wp-json\/wp\/v2\/pages\/1602\/revisions"}],"predecessor-version":[{"id":1776,"href":"https:\/\/www.lemasdesfontaines.com\/de\/wp-json\/wp\/v2\/pages\/1602\/revisions\/1776"}],"up":[{"embeddable":true,"href":"https:\/\/www.lemasdesfontaines.com\/de\/wp-json\/wp\/v2\/pages\/1580"}],"wp:featuredmedia":[{"embeddable":true,"href":"https:\/\/www.lemasdesfontaines.com\/de\/wp-json\/wp\/v2\/media\/754"}],"wp:attachment":[{"href":"https:\/\/www.lemasdesfontaines.com\/de\/wp-json\/wp\/v2\/media?parent=1602"}],"curies":[{"name":"wp","href":"https:\/\/api.w.org\/{rel}","templated":true}]}}