{"id":1598,"date":"2026-02-06T10:26:23","date_gmt":"2026-02-06T09:26:23","guid":{"rendered":"https:\/\/www.lemasdesfontaines.com\/gaestezimmer\/das-herrenhaus\/"},"modified":"2026-02-06T13:37:01","modified_gmt":"2026-02-06T12:37:01","slug":"das-herrenhaus","status":"publish","type":"page","link":"https:\/\/www.lemasdesfontaines.com\/de\/gaestezimmer\/das-herrenhaus\/","title":{"rendered":"Das Herrenhaus"},"content":{"rendered":"<div class=\"vc_row wpb_row vc_row-fluid\"  >\n\t<div class=\"vc_col-sm-12 wpb_column vc_column_container \">\n\t\t<div class=\"wpb_wrapper\">\n\t\t\t\n\t<div class=\"wpb_text_column wpb_content_element \">\n\t\t<div class=\"wpb_wrapper\">\n\t\t\t<p>Sie haben die M\u00f6glichkeit, das Herrenhaus mit allen G\u00e4stezimmern und der Sommerk\u00fcche zu privatisieren, um sich mit der Familie oder Freunden zum Fr\u00fchst\u00fcck zu treffen (oder um bei einem Glas die Welt zu ver\u00e4ndern!) und den Zierteich, die G\u00e4rten und Terrassen zu genie\u00dfen&#8230;<\/p>\n<p>Wir haben eine Partnerschaft mit Hochzeitss\u00e4len in unmittelbarer N\u00e4he (weniger als 5 km) mit Abbaye de Valmagne, Domaine de la Grangette, Les 7fonts&#8230; seit Jahren.<\/p>\n<p>Wir wohnen im Haus, es handelt sich nicht um eine Vermietung des Herrenhauses, sondern um eine gemeinsame Nutzung in freundlicher und diskreter Atmosph\u00e4re.<\/p>\n<p>F\u00fcr die Buchung ist ein Minimum von 2 \u00dcbernachtungen erforderlich. Bitte kontaktieren Sie mich f\u00fcr die Verf\u00fcgbarkeit und die Preise je nach Saison und Anzahl der Personen. Kapazit\u00e4t zwischen 14 und 18 Personen mit Zusatzbetten. Vergessen Sie nicht, dass wir \u00fcber 2 charmante Villen verf\u00fcgen, die wochenweise gemietet werden k\u00f6nnen, um unsere sch\u00f6ne Region zu vervollst\u00e4ndigen und noch mehr zu genie\u00dfen.<\/p>\n\n\t\t<\/div> \n\t<\/div> \n\t\t<\/div> \n\t<\/div> \n<\/div>\t<div class=\"vc_row wpb_row vc_row-fluid\"  >\n\t<div class=\"vc_col-sm-6 wpb_column vc_column_container \">\n\t\t<div class=\"wpb_wrapper\">\n\t\t\t\n\t<div class=\"wpb_text_column wpb_content_element \">\n\t\t<div class=\"wpb_wrapper\">\n\t\t\t<h3>Preise<\/h3>\n<p>Preise pro Nacht f\u00fcr eine oder zwei Personen :<\/p>\n<ul>\n<li>Fr\u00fchst\u00fcck inbegriffen von 95 bis 105 Euro je nach Saison und gew\u00e4hltem Zimmer.<\/li>\n<li>Zus\u00e4tzliche Person 35 Euro<br \/>Kontaktieren Sie uns per E-Mail oder Telefon f\u00fcr die Verf\u00fcgbarkeit der Zimmer.<\/li>\n<li>Degressive Tarife f\u00fcr lange Zeitr\u00e4ume.<\/li>\n<li>Kurtaxe: 1,15 \u20ac pro Tag und pro Person \u00fcber 18 Jahre.<\/li>\n<\/ul>\n\n\t\t<\/div> \n\t<\/div> \n\t\t<\/div> \n\t<\/div> \n\n\t<div class=\"vc_col-sm-6 wpb_column vc_column_container \">\n\t\t<div class=\"wpb_wrapper\">\n\t\t\t\n\t<div class=\"wpb_text_column wpb_content_element \">\n\t\t<div class=\"wpb_wrapper\">\n\t\t\t<h3>Zus\u00e4tzliche Leistungen<\/h3>\n<p>Leistungen, die vor Ort gegen Aufpreis erh\u00e4ltlich sind:<\/p>\n<ul>\n<li>Babysitting<\/li>\n<li>Wein- und Produktprobenabende je nach Saison und Anzahl der Personen<\/li>\n<li>Besuch von Weing\u00fctern<\/li>\n<li>Paella-Abende, mediterrane K\u00fcche mit Wein aus dem Languedoc (auf Vorbestellung)<\/li>\n<li>G\u00e4stetische (auf Reservierung)<\/li>\n<\/ul>\n\n\t\t<\/div> \n\t<\/div> \n\t\t<\/div> \n\t<\/div> \n<\/div>\n\n\n<div class=\"wp-block-ftg-gallery\"><!-- Final Tiles Grid Gallery for WordPress v3.6.11 free --><style>#ftg-22 .tile .icon { color:#ffffff; }#ftg-22 .ftg-items .loading-bar i { background:#666; }#ftg-22 .ftg-items .loading-bar { background:#fff; }#ftg-22 .tile .icon { font-size:12px; }#ftg-22 .tile .icon { margin: -6px 0 0 -6px; }#ftg-22 .tile .caption-block .text-wrapper span.text { font-size:12px; }#ftg-22 .tile .caption-outside .text-wrapper span.text { font-size:12px; }#ftg-22 .tile .caption-block .text-wrapper span.title { font-size:14px; }#ftg-22 .tile .caption-outside .text-wrapper span.title { font-size:14px; }#ftg-22 .tile { background-color: transparent; }#ftg-22 .tile .caption-block .text-wrapper span.text { color: #ffffff; }#ftg-22 .tile .caption-block .text-wrapper span.title { color: #ffffff; }#ftg-22 .tile .caption-outside .text-wrapper span.text { color: #ffffff; }#ftg-22 .tile .caption-outside .text-wrapper span.title { color: #ffffff; }#ftg-22 .tile .ftg-social a { color: #ffffff; }#ftg-22 .tile .caption-block { transition-duration:0.25s; }#ftg-22 .tile .tile-inner:before { background-color: #000000; }#ftg-22 .tile .tile-inner:before { background-color: rgba(0, 0, 0, 0.8); }#ftg-22 .tile .caption-block, #ftg-22 .tile .caption-outside { border-color: #ffffff; }#ftg-22 .tile:hover img {-moz-transform: ;-webkit-transform: ;-o-transform: ;-ms-transform: ;transform: ;}<\/style><a name=\"2\"><\/a><div class=\"final-tiles-gallery  ftg-hover-enabled caption-inside caption-frame caption-none caption-middle caption-center\" id=\"ftg-22\" style=\"width: 100%\"><div class='ftg-items'><div class='loading-bar'><i><\/i><\/div><div  class='tile ftg-preload  '><a title=\"Coin d\u00e9tente\" data-lightbox='ftg-22' rel='ftg-22'  class=' tile-inner  ftg-lightbox' href='' ><img alt='Coin ap\u00e9ro mas des Fontaines' class='item skip-lazy' data-class='item' data-ftg-source='https:\/\/www.lemasdesfontaines.com\/wp-content\/uploads\/2015\/03\/table-mas-herault.jpg' src='https:\/\/www.lemasdesfontaines.com\/wp-content\/uploads\/2015\/03\/table-mas-herault.jpg' width='auto' height='auto' \/><div class='caption-block'><div class='text-wrapper'><span class='title'>Coin d\u00e9tente<\/span><\/div><\/div><\/a><div class='ftg-social'><\/div><\/div><div  class='tile ftg-preload  '><a title=\"Exterieur\" data-lightbox='ftg-22' rel='ftg-22'  class=' tile-inner  ftg-lightbox' href='' ><img alt='Jardin mas des Fontaines' class='item skip-lazy' data-class='item' data-ftg-source='https:\/\/www.lemasdesfontaines.com\/wp-content\/uploads\/2015\/03\/exterieur-mas-fontaines-1024x1024.jpg' src='https:\/\/www.lemasdesfontaines.com\/wp-content\/uploads\/2015\/03\/exterieur-mas-fontaines-1024x1024.jpg' width='auto' height='auto' \/><div class='caption-block'><div class='text-wrapper'><span class='title'>Exterieur<\/span><\/div><\/div><\/a><div class='ftg-social'><\/div><\/div><div  class='tile ftg-preload  '><a title=\"Le Mas\" data-lightbox='ftg-22' rel='ftg-22'  class=' tile-inner  ftg-lightbox' href='' ><img alt='Facade mas des fonaines' class='item skip-lazy' data-class='item' data-ftg-source='https:\/\/www.lemasdesfontaines.com\/wp-content\/uploads\/2015\/03\/mas-des-fontaines.jpg' src='https:\/\/www.lemasdesfontaines.com\/wp-content\/uploads\/2015\/03\/mas-des-fontaines.jpg' width='auto' height='auto' \/><div class='caption-block'><div class='text-wrapper'><span class='title'>Le Mas<\/span><\/div><\/div><\/a><div class='ftg-social'><\/div><\/div><div  class='tile ftg-preload  '><a title=\"Salon\" data-lightbox='ftg-22' rel='ftg-22'  class=' tile-inner  ftg-lightbox' href='' ><img alt='gite herault montagnac' class='item skip-lazy' data-class='item' data-ftg-source='https:\/\/www.lemasdesfontaines.com\/wp-content\/uploads\/2015\/03\/salon-1024x200.jpg' src='https:\/\/www.lemasdesfontaines.com\/wp-content\/uploads\/2015\/03\/salon-1024x200.jpg' width='auto' height='auto' \/><div class='caption-block'><div class='text-wrapper'><span class='title'>Salon<\/span><\/div><\/div><\/a><div class='ftg-social'><\/div><\/div><\/div><\/div><\/div>\n\n\n\n<p><\/p>\n","protected":false},"excerpt":{"rendered":"Sie haben die M\u00f6glichkeit, das Herrenhaus mit allen G\u00e4stezimmern und der Sommerk\u00fcche zu privatisieren, um sich mit der Familie oder Freunden zum Fr\u00fchst\u00fcck zu treffen (oder um bei einem Glas die Welt zu ver\u00e4ndern!) und den Zierteich, die G\u00e4rten und Terrassen zu genie\u00dfen... Wir haben eine Partnerschaft mit Hochzeitss\u00e4len in unmittelbarer N\u00e4he (weniger als 5 &hellip; <a href=\"https:\/\/www.lemasdesfontaines.com\/de\/gaestezimmer\/das-herrenhaus\/\" class=\"excerpt-link\">Read More<\/a>","protected":false},"author":2,"featured_media":701,"parent":1580,"menu_order":0,"comment_status":"closed","ping_status":"closed","template":"page-templates\/full-width-page.php","meta":{"om_disable_all_campaigns":false,"_monsterinsights_skip_tracking":false,"_monsterinsights_sitenote_active":false,"_monsterinsights_sitenote_note":"","_monsterinsights_sitenote_category":0,"_uf_show_specific_survey":0,"_uf_disable_surveys":false,"footnotes":""},"class_list":["post-1598","page","type-page","status-publish","has-post-thumbnail","hentry"],"aioseo_notices":[],"_links":{"self":[{"href":"https:\/\/www.lemasdesfontaines.com\/de\/wp-json\/wp\/v2\/pages\/1598","targetHints":{"allow":["GET"]}}],"collection":[{"href":"https:\/\/www.lemasdesfontaines.com\/de\/wp-json\/wp\/v2\/pages"}],"about":[{"href":"https:\/\/www.lemasdesfontaines.com\/de\/wp-json\/wp\/v2\/types\/page"}],"author":[{"embeddable":true,"href":"https:\/\/www.lemasdesfontaines.com\/de\/wp-json\/wp\/v2\/users\/2"}],"replies":[{"embeddable":true,"href":"https:\/\/www.lemasdesfontaines.com\/de\/wp-json\/wp\/v2\/comments?post=1598"}],"version-history":[{"count":4,"href":"https:\/\/www.lemasdesfontaines.com\/de\/wp-json\/wp\/v2\/pages\/1598\/revisions"}],"predecessor-version":[{"id":1769,"href":"https:\/\/www.lemasdesfontaines.com\/de\/wp-json\/wp\/v2\/pages\/1598\/revisions\/1769"}],"up":[{"embeddable":true,"href":"https:\/\/www.lemasdesfontaines.com\/de\/wp-json\/wp\/v2\/pages\/1580"}],"wp:featuredmedia":[{"embeddable":true,"href":"https:\/\/www.lemasdesfontaines.com\/de\/wp-json\/wp\/v2\/media\/701"}],"wp:attachment":[{"href":"https:\/\/www.lemasdesfontaines.com\/de\/wp-json\/wp\/v2\/media?parent=1598"}],"curies":[{"name":"wp","href":"https:\/\/api.w.org\/{rel}","templated":true}]}}