{"id":1595,"date":"2026-02-06T13:38:59","date_gmt":"2026-02-06T12:38:59","guid":{"rendered":"https:\/\/www.lemasdesfontaines.com\/gaestezimmer\/das-zimmer-foret\/"},"modified":"2026-02-06T13:47:17","modified_gmt":"2026-02-06T12:47:17","slug":"das-zimmer-foret","status":"publish","type":"page","link":"https:\/\/www.lemasdesfontaines.com\/de\/gaestezimmer\/das-zimmer-foret\/","title":{"rendered":"Das Zimmer For\u00eat"},"content":{"rendered":"<div class=\"vc_row wpb_row vc_row-fluid\"  >\n\t<div class=\"vc_col-sm-12 wpb_column vc_column_container \">\n\t\t<div class=\"wpb_wrapper\">\n\t\t\t\n\t<div class=\"wpb_text_column wpb_content_element \">\n\t\t<div class=\"wpb_wrapper\">\n\t\t\t<p>Gro\u00dfes klimatisiertes Zimmer im Erdgeschoss des Herrenhauses Mas des Fontaines.<br \/>Sie werden die frischen Farben inmitten der gr\u00fcnen Umgebung lieben. Eigenes Badezimmer und WC.<br \/>Flachbildschirm-Fernseher, DVD-Player, Stereoanlage, Bibliothek. Das Haus verf\u00fcgt \u00fcber einen kostenlosen ADSL-Anschluss.  <\/p>\n<p>\u00d6ffnen Sie die Fenster und Sie befinden sich auf Ihrer privaten Terrasse, wo Sie sich ausruhen, die Welt neu ordnen und ein Glas unserer Languedoc-Weine trinken k\u00f6nnen (ein oder mehrere, kein Stockwerk zu \u00fcberwinden). Machen Sie es sich im Schatten in der f\u00fcr Sie reservierten Lounge mit direktem Zugang zu den G\u00e4rten des Mas, dem Zierbecken (und anderen Terrassen) oder einfach nur bei Kerzenlicht gem\u00fctlich&#8230; Ein ganzes Programm&#8230;  <\/p>\n<p>Wenn Sie zus\u00e4tzlich die K\u00fcche neben Ihrer Suite nutzen m\u00f6chten, sind Sie v\u00f6llig unabh\u00e4ngig und k\u00f6nnen Ihren Aufenthalt in der Version eines Ferienhauses verbringen.<\/p>\n<p>Ob f\u00fcr einen kurzen oder l\u00e4ngeren Aufenthalt, Sie werden sich hier zu jeder Jahreszeit wohlf\u00fchlen.<\/p>\n<p>Die Lage im Erdgeschoss macht es ideal f\u00fcr Verliebte, die Ruhe suchen, Paare mit Kleinkindern, Senioren und Personen mit eingeschr\u00e4nkter Mobilit\u00e4t.<\/p>\n<p>Jeder wird davon profitieren.<\/p>\n<p>Wir stehen zu Ihrer Verf\u00fcgung, um Sie zu begr\u00fc\u00dfen und Ihnen unsere sch\u00f6ne Region vorzustellen und, wenn Sie es w\u00fcnschen, Ihr touristisches Programm mit Ihnen auszuarbeiten.<\/p>\n\n\t\t<\/div> \n\t<\/div> \n\t\t<\/div> \n\t<\/div> \n<\/div>\t<div class=\"vc_row wpb_row vc_row-fluid\"  >\n\t<div class=\"vc_col-sm-6 wpb_column vc_column_container \">\n\t\t<div class=\"wpb_wrapper\">\n\t\t\t\n\t<div class=\"wpb_text_column wpb_content_element \">\n\t\t<div class=\"wpb_wrapper\">\n\t\t\t<h3>Preise pro Nacht f\u00fcr eine oder zwei Personen :<\/h3>\n<ul>\n<li><span class=\"stars\">Inklusive Fr\u00fchst\u00fcck von 95 bis 115 Euro je nach Saison.<\/span><\/li>\n<li><span class=\"stars\">Zus\u00e4tzliche Person 35 Euro.<\/span><\/li>\n<li><span class=\"stars\">Kostenlose&#8220; Babys, Leihbett je nach Verf\u00fcgbarkeit, K\u00fcchenbenutzung<br \/>Kontaktieren Sie uns per E-Mail oder Telefon f\u00fcr die Verf\u00fcgbarkeit der Zimmer.<\/span><\/li>\n<li><span class=\"stars\">Degressive Tarife f\u00fcr lange Zeitr\u00e4ume.<\/span><\/li>\n<li><span class=\"stars\">Kurtaxe: 1,15 \u20ac pro Tag und pro Person \u00fcber 18 Jahre.<\/span><\/li>\n<\/ul>\n<p>In der Version als Ferienhaus mit K\u00fcche 100 bis 120 \u20ac je nach Saison und Dauer des Aufenthalts.<\/p>\n\n\t\t<\/div> \n\t<\/div> \n\t\t<\/div> \n\t<\/div> \n\n\t<div class=\"vc_col-sm-6 wpb_column vc_column_container \">\n\t\t<div class=\"wpb_wrapper\">\n\t\t\t\n\t<div class=\"wpb_text_column wpb_content_element \">\n\t\t<div class=\"wpb_wrapper\">\n\t\t\t<h3>Zus\u00e4tzliche Leistungen<\/h3>\n<p>Zus\u00e4tzliche Leistungen, die vor Ort gegen Aufpreis erh\u00e4ltlich sind:<\/p>\n<ul>\n<li>Babysitting<\/li>\n<li>Wein- und Produktprobenabende je nach Saison und Anzahl der Personen<\/li>\n<li>Besuch von Weing\u00fctern<\/li>\n<li>Verzehr vor Ort oder Eis<\/li>\n<li>Paella-Abende, Tapas, Tagines, mediterrane K\u00fcche mit Wein aus dem Languedoc (nur mit Reservierung)<\/li>\n<li>G\u00e4stetische (nur mit Reservierung)<\/li>\n<li>Entdeckung von regionalen Produkten<\/li>\n<\/ul>\n\n\t\t<\/div> \n\t<\/div> \n\t\t<\/div> \n\t<\/div> \n<\/div>\t<div class=\"vc_row wpb_row vc_row-fluid\"  ><\/div>\n\t<div class=\"vc_col-sm-12 wpb_column vc_column_container \">\n\t\t<div class=\"wpb_wrapper\">\n\t\t\t\n\t\t<\/div> \n\t<\/div>\n<\/p>\n\n\n<h3 class=\"wp-block-heading\">F\u00fcr l\u00e4ngere Aufenthalte<\/h3>\n\n\n\n<p><p>F\u00fcr Personen, die f\u00fcr einige Monate einen angenehmen Lebensraum unter optimalen Bedingungen suchen, sind auch Langzeitmieten m\u00f6glich.<\/p><br><\/p>\n\n\n\n<p><p>Ob Sie :<\/p><\/p>\n\n\n\n<ul class=\"wp-block-list\">\n<li>In Zeiten des Wandels<\/li>\n\n\n\n<li>Warten auf die Unterzeichnung eines Immobilienvertrags<\/li>\n\n\n\n<li>Auf der Suche nach einer Immobilie<\/li>\n\n\n\n<li>Auf der Suche nach einem Ort w\u00e4hrend der Bauarbeiten in Ihrem eigenen Haus<\/li>\n\n\n\n<li>Ein Unternehmen auf der Suche nach einer Unterkunft f\u00fcr sein Team oder seine Teams<\/li>\n\n\n\n<li>Ein ausl\u00e4ndischer Lehrer auf der Suche nach einem netten Ort f\u00fcr seine Sch\u00fcler<\/li>\n\n\n\n<li>Ausl\u00e4nder auf der Suche nach einer Familie, um Franz\u00f6sisch und das Leben in S\u00fcdfrankreich zu \u00fcben<\/li>\n\n\n\n<li>Einfach jemand, der Ruhe und Erholung sucht&#8230;<\/li>\n<\/ul>\n\n\n\n<p><p>Sie sind herzlich willkommen, zu sehr wettbewerbsf\u00e4higen Preisen, kontaktieren Sie mich, um mehr zu erfahren!<\/p><\/p>\n\n\n\n<div class=\"wp-block-ftg-gallery\"><!-- Final Tiles Grid Gallery for WordPress v3.6.11 free --><style>#ftg-44 .tile .icon { color:#ffffff; }#ftg-44 .ftg-items .loading-bar i { background:#666; }#ftg-44 .ftg-items .loading-bar { background:#fff; }#ftg-44 .tile .icon { font-size:12px; }#ftg-44 .tile .icon { margin: -6px 0 0 -6px; }#ftg-44 .tile .caption-block .text-wrapper span.text { font-size:12px; }#ftg-44 .tile .caption-outside .text-wrapper span.text { font-size:12px; }#ftg-44 .tile .caption-block .text-wrapper span.title { font-size:14px; }#ftg-44 .tile .caption-outside .text-wrapper span.title { font-size:14px; }#ftg-44 .tile { background-color: transparent; }#ftg-44 .tile .caption-block .text-wrapper span.text { color: #ffffff; }#ftg-44 .tile .caption-block .text-wrapper span.title { color: #ffffff; }#ftg-44 .tile .caption-outside .text-wrapper span.text { color: #ffffff; }#ftg-44 .tile .caption-outside .text-wrapper span.title { color: #ffffff; }#ftg-44 .tile .ftg-social a { color: #ffffff; }#ftg-44 .tile .caption-block { transition-duration:0.25s; }#ftg-44 .tile .tile-inner:before { background-color: #000000; }#ftg-44 .tile .tile-inner:before { background-color: rgba(0, 0, 0, 0.8); }#ftg-44 .tile .caption-block, #ftg-44 .tile .caption-outside { border-color: #ffffff; }#ftg-44 .tile:hover img {-moz-transform: ;-webkit-transform: ;-o-transform: ;-ms-transform: ;transform: ;}<\/style><a name=\"4\"><\/a><div class=\"final-tiles-gallery  ftg-hover-enabled caption-inside caption-frame caption-none caption-middle caption-center\" id=\"ftg-44\" style=\"width: 100%\"><div class='ftg-items'><div class='loading-bar'><i><\/i><\/div><div  class='tile ftg-preload  '><a title=\"Cuisine\" data-lightbox='ftg-44' rel='ftg-44'  class=' tile-inner  ftg-lightbox' href='' ><img alt='Cuisine' class='item skip-lazy' data-class='item' data-ftg-source='https:\/\/www.lemasdesfontaines.com\/wp-content\/uploads\/2017\/07\/Chambre-For\u00eat-5-768x1024.jpg' src='https:\/\/www.lemasdesfontaines.com\/wp-content\/uploads\/2017\/07\/Chambre-For\u00eat-5-768x1024.jpg' width='auto' height='auto' \/><div class='caption-block'><div class='text-wrapper'><span class='title'>Cuisine<\/span><\/div><\/div><\/a><div class='ftg-social'><\/div><\/div><div  class='tile ftg-preload  '><a title=\"Chambre For\u00eat\" data-lightbox='ftg-44' rel='ftg-44'  class=' tile-inner  ftg-lightbox' href='' ><img alt='Chambre For\u00eat' class='item skip-lazy' data-class='item' data-ftg-source='https:\/\/www.lemasdesfontaines.com\/wp-content\/uploads\/2017\/07\/Chambre-For\u00eat-4-1024x768.jpg' src='https:\/\/www.lemasdesfontaines.com\/wp-content\/uploads\/2017\/07\/Chambre-For\u00eat-4-1024x768.jpg' width='auto' height='auto' \/><div class='caption-block'><div class='text-wrapper'><span class='title'>Chambre For\u00eat<\/span><\/div><\/div><\/a><div class='ftg-social'><\/div><\/div><div  class='tile ftg-preload  '><a title=\"Chambre For\u00eat\" data-lightbox='ftg-44' rel='ftg-44'  class=' tile-inner  ftg-lightbox' href='' ><img alt='Chambre For\u00eat' class='item skip-lazy' data-class='item' data-ftg-source='https:\/\/www.lemasdesfontaines.com\/wp-content\/uploads\/2017\/07\/Chambre-For\u00eat-2-1024x767.jpg' src='https:\/\/www.lemasdesfontaines.com\/wp-content\/uploads\/2017\/07\/Chambre-For\u00eat-2-1024x767.jpg' width='auto' height='auto' \/><div class='caption-block'><div class='text-wrapper'><span class='title'>Chambre For\u00eat<\/span><\/div><\/div><\/a><div class='ftg-social'><\/div><\/div><div  class='tile ftg-preload  '><a title=\"Chambre For\u00eat\" data-lightbox='ftg-44' rel='ftg-44'  class=' tile-inner  ftg-lightbox' href='' ><img alt='Chambre For\u00eat' class='item skip-lazy' data-class='item' data-ftg-source='https:\/\/www.lemasdesfontaines.com\/wp-content\/uploads\/2017\/07\/Chambre-For\u00eat-1-1024x768.jpg' src='https:\/\/www.lemasdesfontaines.com\/wp-content\/uploads\/2017\/07\/Chambre-For\u00eat-1-1024x768.jpg' width='auto' height='auto' \/><div class='caption-block'><div class='text-wrapper'><span class='title'>Chambre For\u00eat<\/span><\/div><\/div><\/a><div class='ftg-social'><\/div><\/div><div  class='tile ftg-preload  '><a title=\"Terrasse\" data-lightbox='ftg-44' rel='ftg-44'  class=' tile-inner  ftg-lightbox' href='' ><img alt='Terrasse' class='item skip-lazy' data-class='item' data-ftg-source='https:\/\/www.lemasdesfontaines.com\/wp-content\/uploads\/2017\/07\/bandeau-chambre-foret-1024x267.jpg' src='https:\/\/www.lemasdesfontaines.com\/wp-content\/uploads\/2017\/07\/bandeau-chambre-foret-1024x267.jpg' width='auto' height='auto' \/><div class='caption-block'><div class='text-wrapper'><span class='title'>Terrasse<\/span><\/div><\/div><\/a><div class='ftg-social'><\/div><\/div><div  class='tile ftg-preload  '><a title=\"Terrasse\" data-lightbox='ftg-44' rel='ftg-44'  class=' tile-inner  ftg-lightbox' href='' ><img alt='Terrasse' class='item skip-lazy' data-class='item' data-ftg-source='https:\/\/www.lemasdesfontaines.com\/wp-content\/uploads\/2017\/07\/Chambre-For\u00eat-3-1024x768.jpg' src='https:\/\/www.lemasdesfontaines.com\/wp-content\/uploads\/2017\/07\/Chambre-For\u00eat-3-1024x768.jpg' width='auto' height='auto' \/><div class='caption-block'><div class='text-wrapper'><span class='title'>Terrasse<\/span><\/div><\/div><\/a><div class='ftg-social'><\/div><\/div><div  class='tile ftg-preload  '><a title=\"Salle d\u2019eau\" data-lightbox='ftg-44' rel='ftg-44'  class=' tile-inner  ftg-lightbox' href='' ><img alt='Salle d\u2019eau' class='item skip-lazy' data-class='item' data-ftg-source='https:\/\/www.lemasdesfontaines.com\/wp-content\/uploads\/2017\/07\/Chambre-For\u00eat-7-1024x768.jpg' src='https:\/\/www.lemasdesfontaines.com\/wp-content\/uploads\/2017\/07\/Chambre-For\u00eat-7-1024x768.jpg' width='auto' height='auto' \/><div class='caption-block'><div class='text-wrapper'><span class='title'>Salle d\u2019eau<\/span><\/div><\/div><\/a><div class='ftg-social'><\/div><\/div><div  class='tile ftg-preload  '><a title=\"Couloir\" data-lightbox='ftg-44' rel='ftg-44'  class=' tile-inner  ftg-lightbox' href='' ><img alt='Couloir' class='item skip-lazy' data-class='item' data-ftg-source='https:\/\/www.lemasdesfontaines.com\/wp-content\/uploads\/2017\/07\/Chambre-For\u00eat-6-768x1024.jpg' src='https:\/\/www.lemasdesfontaines.com\/wp-content\/uploads\/2017\/07\/Chambre-For\u00eat-6-768x1024.jpg' width='auto' height='auto' \/><div class='caption-block'><div class='text-wrapper'><span class='title'>Couloir<\/span><\/div><\/div><\/a><div class='ftg-social'><\/div><\/div><\/div><\/div><\/div>\n\n\n\n<p><\/p>\n","protected":false},"excerpt":{"rendered":"<p>F\u00fcr l\u00e4ngere Aufenthalte F\u00fcr Personen, die f\u00fcr einige Monate einen angenehmen Lebensraum unter optimalen Bedingungen suchen, sind auch Langzeitmieten m\u00f6glich. Ob Sie : Sie sind herzlich willkommen, zu sehr wettbewerbsf\u00e4higen Preisen, kontaktieren Sie mich, um mehr zu erfahren!<\/p>\n","protected":false},"author":1,"featured_media":935,"parent":1580,"menu_order":0,"comment_status":"closed","ping_status":"closed","template":"page-templates\/full-width-page.php","meta":{"om_disable_all_campaigns":false,"_monsterinsights_skip_tracking":false,"_monsterinsights_sitenote_active":false,"_monsterinsights_sitenote_note":"","_monsterinsights_sitenote_category":0,"_uf_show_specific_survey":0,"_uf_disable_surveys":false,"footnotes":""},"class_list":["post-1595","page","type-page","status-publish","has-post-thumbnail","hentry"],"aioseo_notices":[],"_links":{"self":[{"href":"https:\/\/www.lemasdesfontaines.com\/de\/wp-json\/wp\/v2\/pages\/1595","targetHints":{"allow":["GET"]}}],"collection":[{"href":"https:\/\/www.lemasdesfontaines.com\/de\/wp-json\/wp\/v2\/pages"}],"about":[{"href":"https:\/\/www.lemasdesfontaines.com\/de\/wp-json\/wp\/v2\/types\/page"}],"author":[{"embeddable":true,"href":"https:\/\/www.lemasdesfontaines.com\/de\/wp-json\/wp\/v2\/users\/1"}],"replies":[{"embeddable":true,"href":"https:\/\/www.lemasdesfontaines.com\/de\/wp-json\/wp\/v2\/comments?post=1595"}],"version-history":[{"count":5,"href":"https:\/\/www.lemasdesfontaines.com\/de\/wp-json\/wp\/v2\/pages\/1595\/revisions"}],"predecessor-version":[{"id":1774,"href":"https:\/\/www.lemasdesfontaines.com\/de\/wp-json\/wp\/v2\/pages\/1595\/revisions\/1774"}],"up":[{"embeddable":true,"href":"https:\/\/www.lemasdesfontaines.com\/de\/wp-json\/wp\/v2\/pages\/1580"}],"wp:featuredmedia":[{"embeddable":true,"href":"https:\/\/www.lemasdesfontaines.com\/de\/wp-json\/wp\/v2\/media\/935"}],"wp:attachment":[{"href":"https:\/\/www.lemasdesfontaines.com\/de\/wp-json\/wp\/v2\/media?parent=1595"}],"curies":[{"name":"wp","href":"https:\/\/api.w.org\/{rel}","templated":true}]}}