{"id":1592,"date":"2026-02-06T10:26:23","date_gmt":"2026-02-06T09:26:23","guid":{"rendered":"https:\/\/www.lemasdesfontaines.com\/zierbecken-und-gaerten\/"},"modified":"2026-02-06T13:09:45","modified_gmt":"2026-02-06T12:09:45","slug":"zierbecken-und-gaerten","status":"publish","type":"page","link":"https:\/\/www.lemasdesfontaines.com\/de\/zierbecken-und-gaerten\/","title":{"rendered":"Zierbecken und G\u00e4rten"},"content":{"rendered":"<h2 style=\"text-align: center;\">\u2022 Ein Erholungsraum \u2022<\/h2>\n<p><img loading=\"lazy\" decoding=\"async\" class=\"alignright wp-image-1177\" src=\"http:\/\/www.lemasdesfontaines.com\/wp-content\/uploads\/2019\/06\/bassin-1-766x1024.jpg\" alt=\"\" width=\"621\" height=\"830\" srcset=\"https:\/\/www.lemasdesfontaines.com\/wp-content\/uploads\/2019\/06\/bassin-1-766x1024.jpg 766w, https:\/\/www.lemasdesfontaines.com\/wp-content\/uploads\/2019\/06\/bassin-1-112x150.jpg 112w, https:\/\/www.lemasdesfontaines.com\/wp-content\/uploads\/2019\/06\/bassin-1-224x300.jpg 224w, https:\/\/www.lemasdesfontaines.com\/wp-content\/uploads\/2019\/06\/bassin-1-768x1026.jpg 768w, https:\/\/www.lemasdesfontaines.com\/wp-content\/uploads\/2019\/06\/bassin-1.jpg 823w\" sizes=\"auto, (max-width: 621px) 100vw, 621px\" \/><\/p>\n<p>Der Zierteich, der wie ein antiker Teich aussieht, unterstreicht den Geist des mediterranen Gartens mit seiner ruhigen und entspannenden Atmosph\u00e4re.<\/p>\n<p>In einer gr\u00fcnen Umgebung, zwischen dem Herrenhaus und der Sommerk\u00fcche, k\u00f6nnen Sie sich auf einer der B\u00e4nke im warmen Salzwasser bei einer entspannenden Massage erholen.<\/p>\n<p>Der Geist des Pools wird durch eine schlichte Umrandung mit dem rohen Aussehen des Steins hervorgehoben, die ohne Strand in der Umgebung des Rasens verlegt wurde, au\u00dfer f\u00fcr die Terrasse mit den schmiedeeisernen Liegest\u00fchlen. Die kleinen gr\u00fcnen, irisierenden Fliesen erzeugen einen Spiegeleffekt, der die Idee des Pools ausl\u00f6scht.<\/p>\n<p>F\u00fcr eine diskrete und \u00e4sthetische Installation &#8211; ohne die Sicherheit zu vernachl\u00e4ssigen &#8211; beherbergt das Becken die Grube f\u00fcr die automatische Abdeckung, deren Gitterrost als Unterwasserstrand dient. Auch die Stufen zum Becken sind teilweise unter Wasser und erm\u00f6glichen ein bequemes Sitzen.<\/p>\n<p>Die Platten auf der Terrasse, die zum Pool f\u00fchrt, sind aus Stein, so dass der Rasen seinen Weg zwischen den verschiedenen Bereichen finden kann.<\/p>\n<p>Trotz seiner geringen Gr\u00f6\u00dfe bietet er Ihnen viele Vorteile, da er mit allen m\u00f6glichen Extras ausgestattet ist: Massaged\u00fcsen, spezielle Beleuchtung, Treppen, Sitze, B\u00e4nke, ideale Temperatur, Sicherheitsabdeckung und vieles mehr. Sie genie\u00dfen den Komfort eines gro\u00dfen Swimmingpools und die Gem\u00fctlichkeit eines sehr, sehr gro\u00dfen Jaccuzi.<\/p>\n<p>Entdecken Sie einen Ort der Entspannung, der exotisch, <span class=\"error-spellcheck\" data-word=\"trendy\" data-suggestion=\"trend-|trennend\">trendy<\/span> und erfrischend ist. Die Einrichtung und die Dekorationselemente sind orientalisch angehaucht und versetzen Sie in eine mediterrane Welt.<\/p>\n<p>Die Steinmauern tragen mit ihren Farben zu einer sanften Atmosph\u00e4re bei. Das Olivgr\u00fcn der Fensterl\u00e4den erg\u00e4nzt die anderen Gr\u00fcnt\u00f6ne des Gartens und der Pflanzen und die Fliesen des Pools zu einem orientalischen Ton, in dem die Frische dominiert.<\/p>\n<p>Die charakteristischen schmiedeeisernen M\u00f6bel, die im gesamten Anwesen zu finden sind, erinnern an unsere mediterranen Wurzeln. Tische mit Zellige-Tischplatten, St\u00fchle, Sessel und Liegest\u00fchle mit weichen Kissen laden Sie zum Ausruhen ein. Es sei denn, Sie bevorzugen B\u00e4nke, St\u00fchle und Tische aus Stein mit klaren Linien. Sie haben die Wahl zwischen verschiedenen Terrassen auf allen Ebenen des Anwesens, auf denen Sie mit Freunden die Welt neu erkunden oder alleine entspannen k\u00f6nnen.<\/p>\n<p style=\"text-align: center;\"><!-- Final Tiles Grid Gallery for WordPress v3.6.11 free --><style>#ftg-88 .tile .icon { color:#ffffff; }#ftg-88 .ftg-items .loading-bar i { background:#666; }#ftg-88 .ftg-items .loading-bar { background:#fff; }#ftg-88 .tile .icon { font-size:12px; }#ftg-88 .tile .icon { margin: -6px 0 0 -6px; }#ftg-88 .tile .caption-block .text-wrapper span.text { font-size:12px; }#ftg-88 .tile .caption-outside .text-wrapper span.text { font-size:12px; }#ftg-88 .tile .caption-block .text-wrapper span.title { font-size:14px; }#ftg-88 .tile .caption-outside .text-wrapper span.title { font-size:14px; }#ftg-88 .tile { background-color: transparent; }#ftg-88 .tile .caption-block .text-wrapper span.text { color: #ffffff; }#ftg-88 .tile .caption-block .text-wrapper span.title { color: #ffffff; }#ftg-88 .tile .caption-outside .text-wrapper span.text { color: #ffffff; }#ftg-88 .tile .caption-outside .text-wrapper span.title { color: #ffffff; }#ftg-88 .tile .ftg-social a { color: #ffffff; }#ftg-88 .tile .caption-block { transition-duration:0.25s; }#ftg-88 .tile .tile-inner:before { background-color: #000000; }#ftg-88 .tile .tile-inner:before { background-color: rgba(0, 0, 0, 0.8); }#ftg-88 .tile .caption-block, #ftg-88 .tile .caption-outside { border-color: #ffffff; }#ftg-88 .tile:hover img {-moz-transform: ;-webkit-transform: ;-o-transform: ;-ms-transform: ;transform: ;}<\/style><a name=\"8\"><\/a><div class=\"final-tiles-gallery  ftg-hover-enabled caption-inside caption-frame caption-none caption-middle caption-center\" id=\"ftg-88\" style=\"width: 100%\"><div class='ftg-items'><div class='loading-bar'><i><\/i><\/div><div  class='tile ftg-preload  '><a title=\"Bassin d\\&#039;agr\u00e9ment\" data-lightbox='ftg-88' rel='ftg-88'  class=' tile-inner  ftg-lightbox' href='' ><img alt='Bassin d\\&#039;agr\u00e9ment' class='item skip-lazy' data-class='item' data-ftg-source='https:\/\/www.lemasdesfontaines.com\/wp-content\/uploads\/2019\/06\/bassin-8-1024x679.jpg' src='https:\/\/www.lemasdesfontaines.com\/wp-content\/uploads\/2019\/06\/bassin-8-1024x679.jpg' width='auto' height='auto' \/><div class='caption-block'><div class='text-wrapper'><span class='title'>Bassin d\\'agr\u00e9ment<\/span><\/div><\/div><\/a><div class='ftg-social'><\/div><\/div><div  class='tile ftg-preload  '><a title=\"Bassin d\\&#039;agr\u00e9ment\" data-lightbox='ftg-88' rel='ftg-88'  class=' tile-inner  ftg-lightbox' href='' ><img alt='Bassin d\\&#039;agr\u00e9ment' class='item skip-lazy' data-class='item' data-ftg-source='https:\/\/www.lemasdesfontaines.com\/wp-content\/uploads\/2019\/06\/bassin-7-1024x765.jpg' src='https:\/\/www.lemasdesfontaines.com\/wp-content\/uploads\/2019\/06\/bassin-7-1024x765.jpg' width='auto' height='auto' \/><div class='caption-block'><div class='text-wrapper'><span class='title'>Bassin d\\'agr\u00e9ment<\/span><\/div><\/div><\/a><div class='ftg-social'><\/div><\/div><div  class='tile ftg-preload  '><a title=\"Bassin d\\&#039;agr\u00e9ment\" data-lightbox='ftg-88' rel='ftg-88'  class=' tile-inner  ftg-lightbox' href='' ><img alt='Bassin d\\&#039;agr\u00e9ment' class='item skip-lazy' data-class='item' data-ftg-source='https:\/\/www.lemasdesfontaines.com\/wp-content\/uploads\/2019\/06\/bassin-6-1024x769.jpg' src='https:\/\/www.lemasdesfontaines.com\/wp-content\/uploads\/2019\/06\/bassin-6-1024x769.jpg' width='auto' height='auto' \/><div class='caption-block'><div class='text-wrapper'><span class='title'>Bassin d\\'agr\u00e9ment<\/span><\/div><\/div><\/a><div class='ftg-social'><\/div><\/div><div  class='tile ftg-preload  '><a title=\"Bassin d\\&#039;agr\u00e9ment\" data-lightbox='ftg-88' rel='ftg-88'  class=' tile-inner  ftg-lightbox' href='' ><img alt='Bassin d\\&#039;agr\u00e9ment' class='item skip-lazy' data-class='item' data-ftg-source='https:\/\/www.lemasdesfontaines.com\/wp-content\/uploads\/2019\/06\/bassin-5-766x1024.jpg' src='https:\/\/www.lemasdesfontaines.com\/wp-content\/uploads\/2019\/06\/bassin-5-766x1024.jpg' width='auto' height='auto' \/><div class='caption-block'><div class='text-wrapper'><span class='title'>Bassin d\\'agr\u00e9ment<\/span><\/div><\/div><\/a><div class='ftg-social'><\/div><\/div><div  class='tile ftg-preload  '><a title=\"Bassin d\\&#039;agr\u00e9ment\" data-lightbox='ftg-88' rel='ftg-88'  class=' tile-inner  ftg-lightbox' href='' ><img alt='Bassin d\\&#039;agr\u00e9ment' class='item skip-lazy' data-class='item' data-ftg-source='https:\/\/www.lemasdesfontaines.com\/wp-content\/uploads\/2019\/06\/bassin-4-1024x685.jpg' src='https:\/\/www.lemasdesfontaines.com\/wp-content\/uploads\/2019\/06\/bassin-4-1024x685.jpg' width='auto' height='auto' \/><div class='caption-block'><div class='text-wrapper'><span class='title'>Bassin d\\'agr\u00e9ment<\/span><\/div><\/div><\/a><div class='ftg-social'><\/div><\/div><div  class='tile ftg-preload  '><a title=\"Bassin d\\&#039;agr\u00e9ment\" data-lightbox='ftg-88' rel='ftg-88'  class=' tile-inner  ftg-lightbox' href='' ><img alt='Bassin d\\&#039;agr\u00e9ment' class='item skip-lazy' data-class='item' data-ftg-source='https:\/\/www.lemasdesfontaines.com\/wp-content\/uploads\/2019\/06\/bassin-3-1024x680.jpg' src='https:\/\/www.lemasdesfontaines.com\/wp-content\/uploads\/2019\/06\/bassin-3-1024x680.jpg' width='auto' height='auto' \/><div class='caption-block'><div class='text-wrapper'><span class='title'>Bassin d\\'agr\u00e9ment<\/span><\/div><\/div><\/a><div class='ftg-social'><\/div><\/div><div  class='tile ftg-preload  '><a title=\"Bassin d\\&#039;agr\u00e9ment\" data-lightbox='ftg-88' rel='ftg-88'  class=' tile-inner  ftg-lightbox' href='' ><img alt='Bassin d\\&#039;agr\u00e9ment' class='item skip-lazy' data-class='item' data-ftg-source='https:\/\/www.lemasdesfontaines.com\/wp-content\/uploads\/2019\/06\/bassin-2-1024x681.jpg' src='https:\/\/www.lemasdesfontaines.com\/wp-content\/uploads\/2019\/06\/bassin-2-1024x681.jpg' width='auto' height='auto' \/><div class='caption-block'><div class='text-wrapper'><span class='title'>Bassin d\\'agr\u00e9ment<\/span><\/div><\/div><\/a><div class='ftg-social'><\/div><\/div><div  class='tile ftg-preload  '><a title=\"Bassin d\\&#039;agr\u00e9ment\" data-lightbox='ftg-88' rel='ftg-88'  class=' tile-inner  ftg-lightbox' href='' ><img alt='Bassin d\\&#039;agr\u00e9ment' class='item skip-lazy' data-class='item' data-ftg-source='https:\/\/www.lemasdesfontaines.com\/wp-content\/uploads\/2019\/06\/fontaine-piscine-1024x767.jpg' src='https:\/\/www.lemasdesfontaines.com\/wp-content\/uploads\/2019\/06\/fontaine-piscine-1024x767.jpg' width='auto' height='auto' \/><div class='caption-block'><div class='text-wrapper'><span class='title'>Bassin d\\'agr\u00e9ment<\/span><\/div><\/div><\/a><div class='ftg-social'><\/div><\/div><div  class='tile ftg-preload  '><a title=\"Bassin d\\&#039;agr\u00e9ment\" data-lightbox='ftg-88' rel='ftg-88'  class=' tile-inner  ftg-lightbox' href='' ><img alt='Bassin d\\&#039;agr\u00e9ment' class='item skip-lazy' data-class='item' data-ftg-source='https:\/\/www.lemasdesfontaines.com\/wp-content\/uploads\/2019\/06\/bassin-bandeau-1024x267.jpg' src='https:\/\/www.lemasdesfontaines.com\/wp-content\/uploads\/2019\/06\/bassin-bandeau-1024x267.jpg' width='auto' height='auto' \/><div class='caption-block'><div class='text-wrapper'><span class='title'>Bassin d\\'agr\u00e9ment<\/span><\/div><\/div><\/a><div class='ftg-social'><\/div><\/div><div  class='tile ftg-preload  '><a title=\"Bassin d\\&#039;agr\u00e9ment\" data-lightbox='ftg-88' rel='ftg-88'  class=' tile-inner  ftg-lightbox' href='' ><img alt='Le Bassin' class='item skip-lazy' data-class='item' data-ftg-source='https:\/\/www.lemasdesfontaines.com\/wp-content\/uploads\/2019\/06\/bassin-1-766x1024.jpg' src='https:\/\/www.lemasdesfontaines.com\/wp-content\/uploads\/2019\/06\/bassin-1-766x1024.jpg' width='auto' height='auto' \/><div class='caption-block'><div class='text-wrapper'><span class='title'>Bassin d\\'agr\u00e9ment<\/span><\/div><\/div><\/a><div class='ftg-social'><\/div><\/div><div  class='tile ftg-preload  '><a title=\"bassin agr\u00e9ment\" data-lightbox='ftg-88' rel='ftg-88'  class=' tile-inner  ftg-lightbox' href='' ><img alt='bassin agr\u00e9ment' class='item skip-lazy' data-class='item' data-ftg-source='https:\/\/www.lemasdesfontaines.com\/wp-content\/uploads\/2023\/06\/bassin1-1024x768.jpg' src='https:\/\/www.lemasdesfontaines.com\/wp-content\/uploads\/2023\/06\/bassin1-1024x768.jpg' width='auto' height='auto' \/><div class='caption-block'><div class='text-wrapper'><span class='title'>bassin agr\u00e9ment<\/span><\/div><\/div><\/a><div class='ftg-social'><\/div><\/div><div  class='tile ftg-preload  '><a title=\"bassin agr\u00e9ment\" data-lightbox='ftg-88' rel='ftg-88'  class=' tile-inner  ftg-lightbox' href='' ><img alt='bassin agr\u00e9ment' class='item skip-lazy' data-class='item' data-ftg-source='https:\/\/www.lemasdesfontaines.com\/wp-content\/uploads\/2023\/06\/bassin2-1024x768.jpg' src='https:\/\/www.lemasdesfontaines.com\/wp-content\/uploads\/2023\/06\/bassin2-1024x768.jpg' width='auto' height='auto' \/><div class='caption-block'><div class='text-wrapper'><span class='title'>bassin agr\u00e9ment<\/span><\/div><\/div><\/a><div class='ftg-social'><\/div><\/div><div  class='tile ftg-preload  '><a title=\"jardins\" data-lightbox='ftg-88' rel='ftg-88'  class=' tile-inner  ftg-lightbox' href='' ><img alt='jardins' class='item skip-lazy' data-class='item' data-ftg-source='https:\/\/www.lemasdesfontaines.com\/wp-content\/uploads\/2023\/06\/jardin5-1024x768.jpg' src='https:\/\/www.lemasdesfontaines.com\/wp-content\/uploads\/2023\/06\/jardin5-1024x768.jpg' width='auto' height='auto' \/><div class='caption-block'><div class='text-wrapper'><span class='title'>jardins<\/span><\/div><\/div><\/a><div class='ftg-social'><\/div><\/div><div  class='tile ftg-preload  '><a title=\"jardins\" data-lightbox='ftg-88' rel='ftg-88'  class=' tile-inner  ftg-lightbox' href='' ><img alt='jardins' class='item skip-lazy' data-class='item' data-ftg-source='https:\/\/www.lemasdesfontaines.com\/wp-content\/uploads\/2023\/06\/jardin-765x1024.jpg' src='https:\/\/www.lemasdesfontaines.com\/wp-content\/uploads\/2023\/06\/jardin-765x1024.jpg' width='auto' height='auto' \/><div class='caption-block'><div class='text-wrapper'><span class='title'>jardins<\/span><\/div><\/div><\/a><div class='ftg-social'><\/div><\/div><div  class='tile ftg-preload  '><a title=\"jardins\" data-lightbox='ftg-88' rel='ftg-88'  class=' tile-inner  ftg-lightbox' href='' ><img alt='jardins' class='item skip-lazy' data-class='item' data-ftg-source='https:\/\/www.lemasdesfontaines.com\/wp-content\/uploads\/2023\/06\/jardin2-1024x765.jpg' src='https:\/\/www.lemasdesfontaines.com\/wp-content\/uploads\/2023\/06\/jardin2-1024x765.jpg' width='auto' height='auto' \/><div class='caption-block'><div class='text-wrapper'><span class='title'>jardins<\/span><\/div><\/div><\/a><div class='ftg-social'><\/div><\/div><div  class='tile ftg-preload  '><a title=\"jardins\" data-lightbox='ftg-88' rel='ftg-88'  class=' tile-inner  ftg-lightbox' href='' ><img alt='jardins' class='item skip-lazy' data-class='item' data-ftg-source='https:\/\/www.lemasdesfontaines.com\/wp-content\/uploads\/2023\/06\/jardin3-765x1024.jpg' src='https:\/\/www.lemasdesfontaines.com\/wp-content\/uploads\/2023\/06\/jardin3-765x1024.jpg' width='auto' height='auto' \/><div class='caption-block'><div class='text-wrapper'><span class='title'>jardins<\/span><\/div><\/div><\/a><div class='ftg-social'><\/div><\/div><div  class='tile ftg-preload  '><a title=\"jardins\" data-lightbox='ftg-88' rel='ftg-88'  class=' tile-inner  ftg-lightbox' href='' ><img alt='jardins' class='item skip-lazy' data-class='item' data-ftg-source='https:\/\/www.lemasdesfontaines.com\/wp-content\/uploads\/2023\/06\/jardin4-1024x768.jpg' src='https:\/\/www.lemasdesfontaines.com\/wp-content\/uploads\/2023\/06\/jardin4-1024x768.jpg' width='auto' height='auto' \/><div class='caption-block'><div class='text-wrapper'><span class='title'>jardins<\/span><\/div><\/div><\/a><div class='ftg-social'><\/div><\/div><\/div><\/div>\n<p>Was k\u00f6nnte besser sein als ein weiterer Brunnen in <span class=\"error-spellcheck\" data-word=\"Mas\" data-suggestion=\"Mac|Mai|Mal|Mao|May|Mus|Maas\">Mas<\/span> des <span class=\"error-spellcheck\" data-word=\"Fontaines\" data-suggestion=\"Fontanes|Fontane|Lafontaines|Lafontaine\">Fontaines<\/span>, um die Atmosph\u00e4re zu vervollst\u00e4ndigen? Und was f\u00fcr ein Brunnen! Ein wundersch\u00f6ner L\u00f6wenkopf, den ich das Vergn\u00fcgen hatte, Tag f\u00fcr Tag zu entdecken und der aus einem Steinblock unter den <span class=\"error-spellcheck\" data-word=\"Mei\u00dfelschl\u00e4gen\" data-suggestion=\"Einschl\u00e4gigen|Schl\u00e4gereien\">Mei\u00dfelschl\u00e4gen<\/span> der erfahrenen H\u00e4nde eines au\u00dfergew\u00f6hnlichen Bildhauers geboren wurde: Jean-Pierre <span class=\"error-spellcheck\" data-word=\"Giraud\" data-suggestion=\"Irmtraud\">Giraud<\/span> de <span class=\"error-spellcheck\" data-word=\"Montagnac\" data-suggestion=\"Montana|Montag|Montagnola|Montagnachts\">Montagnac<\/span>.<\/p>\n<p>Das kanalisierte Wasser flie\u00dft aus seinem Maul in das rechteckige Becken und der Gesang der Zikaden begleitet ihn.<\/p>\n<p>Was die Pflanzen in den G\u00e4rten betrifft&#8230;, so pflegen wir den Geist des S\u00fcdens mit Olivenb\u00e4umen, Jasmin, Orangenb\u00e4umen, Palmen und anderen Obstb\u00e4umen, Rosmarin, Agapanthus, Lavendel, Paradiesv\u00f6geln, Papyrus, Glyzinien, Hortensien und Rosen.<\/p>\n<p>Der <span class=\"sc-jXbUNg hlefgy AT-ate-chip--compact ate-chip--marker ate-chip--strong  ate-chip ate-chip--compact ate-chip--marker ate-chip--strong\" data-segment=\"gid_0\" data-type=\"g\"><span class=\"sc-imWYAI hXteRa\">mediterrane Garten<\/span><\/span> spielt in seiner Vielfalt eine wichtige Rolle in unserem Leben und dem der G\u00e4ste von Mas des Fontaines. Er wird eher als heiliger Ort des Teilens und der Gastfreundschaft angesehen und wurde zu Ihrem Vergn\u00fcgen eingerichtet, um Sie wie Freunde zu empfangen. Das mediterrane Klima sorgt daf\u00fcr, dass Sie hier viel Zeit verbringen und sich vor der Hitze sch\u00fctzen k\u00f6nnen. Eine \u00fcppige Vegetation bl\u00fcht unter den Sonnenstrahlen auf, im Schatten der Glyzinienpergola k\u00f6nnen Sie Tee oder Zitronenlimonade genie\u00dfen oder &#8230;<\/p>\n<p>Sie sind herzlich willkommen!<\/p>\n","protected":false},"excerpt":{"rendered":"<p>\u2022 Ein Erholungsraum \u2022 Der Zierteich, der wie ein antiker Teich aussieht, unterstreicht den Geist des mediterranen Gartens mit seiner ruhigen und entspannenden Atmosph\u00e4re. In einer gr\u00fcnen Umgebung, zwischen dem Herrenhaus und der Sommerk\u00fcche, k\u00f6nnen Sie sich auf einer der B\u00e4nke im warmen Salzwasser bei einer entspannenden Massage erholen. Der Geist des Pools wird durch &hellip; <a href=\"https:\/\/www.lemasdesfontaines.com\/de\/zierbecken-und-gaerten\/\" class=\"excerpt-link\">Read More<\/a><\/p>\n","protected":false},"author":2,"featured_media":1186,"parent":0,"menu_order":0,"comment_status":"closed","ping_status":"closed","template":"page-templates\/full-width-page.php","meta":{"om_disable_all_campaigns":false,"_monsterinsights_skip_tracking":false,"_monsterinsights_sitenote_active":false,"_monsterinsights_sitenote_note":"","_monsterinsights_sitenote_category":0,"_uf_show_specific_survey":0,"_uf_disable_surveys":false,"footnotes":""},"class_list":["post-1592","page","type-page","status-publish","has-post-thumbnail","hentry"],"aioseo_notices":[],"_links":{"self":[{"href":"https:\/\/www.lemasdesfontaines.com\/de\/wp-json\/wp\/v2\/pages\/1592","targetHints":{"allow":["GET"]}}],"collection":[{"href":"https:\/\/www.lemasdesfontaines.com\/de\/wp-json\/wp\/v2\/pages"}],"about":[{"href":"https:\/\/www.lemasdesfontaines.com\/de\/wp-json\/wp\/v2\/types\/page"}],"author":[{"embeddable":true,"href":"https:\/\/www.lemasdesfontaines.com\/de\/wp-json\/wp\/v2\/users\/2"}],"replies":[{"embeddable":true,"href":"https:\/\/www.lemasdesfontaines.com\/de\/wp-json\/wp\/v2\/comments?post=1592"}],"version-history":[{"count":3,"href":"https:\/\/www.lemasdesfontaines.com\/de\/wp-json\/wp\/v2\/pages\/1592\/revisions"}],"predecessor-version":[{"id":1753,"href":"https:\/\/www.lemasdesfontaines.com\/de\/wp-json\/wp\/v2\/pages\/1592\/revisions\/1753"}],"wp:featuredmedia":[{"embeddable":true,"href":"https:\/\/www.lemasdesfontaines.com\/de\/wp-json\/wp\/v2\/media\/1186"}],"wp:attachment":[{"href":"https:\/\/www.lemasdesfontaines.com\/de\/wp-json\/wp\/v2\/media?parent=1592"}],"curies":[{"name":"wp","href":"https:\/\/api.w.org\/{rel}","templated":true}]}}