{"id":1585,"date":"2026-02-06T13:39:00","date_gmt":"2026-02-06T12:39:00","guid":{"rendered":"https:\/\/www.lemasdesfontaines.com\/sommerkueche\/"},"modified":"2026-02-06T13:54:53","modified_gmt":"2026-02-06T12:54:53","slug":"sommerkueche","status":"publish","type":"page","link":"https:\/\/www.lemasdesfontaines.com\/de\/sommerkueche\/","title":{"rendered":"Sommerk\u00fcche"},"content":{"rendered":"<div class=\"vc_row wpb_row vc_row-fluid\"  >\n\t<div class=\"vc_col-sm-12 wpb_column vc_column_container \">\n\t\t<div class=\"wpb_wrapper\">\n\t\t\t\n\t<div class=\"wpb_text_column wpb_content_element \">\n\t\t<div class=\"wpb_wrapper\">\n\t\t\t<div style=\"width: 100%;\">\n<div style=\"width: 48%; float: left; min-width: 390px;\">\n<h2>Die Sommerk\u00fcche<\/h2>\n<p>Die Sommerk\u00fcche bietet Platz f\u00fcr das Fr\u00fchst\u00fcck der G\u00e4stezimmer, Mahlzeiten, Tapas- und Weinabende, improvisierte Aperitifs. Es ist ein privilegierter Ort, um mit Ihnen in aller Gem\u00fctlichkeit &#8222;die Welt neu zu gestalten&#8220; oder nur unter sich, wenn Sie das Herrenhaus f\u00fcr mehrere N\u00e4chte privatisieren:<\/p>\n<p>Die rustikale K\u00fcche mit ihren Steinmauern und dem imposanten Dachstuhl empf\u00e4ngt Sie zum Fr\u00fchst\u00fcck oder zum Abendessen (auf Bestellung).<br \/>Hier, vor dem langen Tisch im Landhausstil, steht der Kamin des Grills, der am Abend entz\u00fcndet werden kann, um Ihre Mahlzeiten auf Bestellung zu braten. Sie k\u00f6nnen die Freuden des Essens mit unseren G\u00e4sten aller Nationalit\u00e4ten teilen und sich mit ihnen sprachlich austauschen, oder bei stimmungsvoller Musik.<\/p>\n<\/div>\n<div style=\"width: 48%; float: right; min-width: 390px;\">\n<h2>G\u00e4stetisch<\/h2>\n<p>Der G\u00e4stetisch ist den G\u00e4sten von Mas des Fontaines vorbehalten, die in einem G\u00e4stehaus oder G\u00e4stezimmer untergebracht sind. Gys kocht f\u00fcr Sie, in der Regel f\u00fcr das Abendessen, typische mediterrane Rezepte (nur auf Reservierung, abh\u00e4ngig von der Anzahl der Personen und der Ankunft der Produkte aus der Region).<\/p>\n<p>F\u00fcr Seminare und Familienfeiern (Cousinaden, Taufen, ganz kleine! Hochzeiten! ruhige Geburtstage!!!) : Je nach Anzahl der Personen k\u00f6nnen Mahlzeiten oder Buffets serviert werden oder ein Caterer kann diesen Service \u00fcbernehmen (Ihr eigener ohne Probleme).<\/p>\n\n\t\t<\/div> \n\t<\/div> \n\t\t<\/div> \n\t<\/div> \n<\/div>\t<div class=\"vc_row wpb_row vc_row-fluid\"  >\n\t<div class=\"vc_col-sm-6 wpb_column vc_column_container \">\n\t\t<div class=\"wpb_wrapper\">\n\t\t\t\n\t<div class=\"wpb_text_column wpb_content_element \">\n\t\t<div class=\"wpb_wrapper\">\n\t\t\t<h3 style=\"text-align: left;\">Preise<\/h3>\n<p>Sehr gutes Preis-Leistungs-Verh\u00e4ltnis der gew\u00e4hlten oder gew\u00fcnschten Mahlzeit f\u00fcr eine hochwertige Hausmannskost mit guten Weinen von lokalen Winzern. Unser Wein &#8222;Les 400 coups&#8220; ist nicht mehr erh\u00e4ltlich, schade!<\/p>\n\n\t\t<\/div> \n\t<\/div> \n\t\t<\/div> \n\t<\/div> \n<\/div>\n<\/div>\n<\/div>\n\n\n<div class=\"wp-block-ftg-gallery\"><!-- Final Tiles Grid Gallery for WordPress v3.6.11 free --><style>#ftg-77 .tile .icon { color:#ffffff; }#ftg-77 .ftg-items .loading-bar i { background:#666; }#ftg-77 .ftg-items .loading-bar { background:#fff; }#ftg-77 .tile .icon { font-size:12px; }#ftg-77 .tile .icon { margin: -6px 0 0 -6px; }#ftg-77 .tile .caption-block .text-wrapper span.text { font-size:12px; }#ftg-77 .tile .caption-outside .text-wrapper span.text { font-size:12px; }#ftg-77 .tile .caption-block .text-wrapper span.title { font-size:14px; }#ftg-77 .tile .caption-outside .text-wrapper span.title { font-size:14px; }#ftg-77 .tile { background-color: transparent; }#ftg-77 .tile .caption-block .text-wrapper span.text { color: #ffffff; }#ftg-77 .tile .caption-block .text-wrapper span.title { color: #ffffff; }#ftg-77 .tile .caption-outside .text-wrapper span.text { color: #ffffff; }#ftg-77 .tile .caption-outside .text-wrapper span.title { color: #ffffff; }#ftg-77 .tile .ftg-social a { color: #ffffff; }#ftg-77 .tile .caption-block { transition-duration:0.25s; }#ftg-77 .tile .tile-inner:before { background-color: #000000; }#ftg-77 .tile .tile-inner:before { background-color: rgba(0, 0, 0, 0.8); }#ftg-77 .tile .caption-block, #ftg-77 .tile .caption-outside { border-color: #ffffff; }#ftg-77 .tile:hover img {-moz-transform: ;-webkit-transform: ;-o-transform: ;-ms-transform: ;transform: ;}<\/style><a name=\"7\"><\/a><div class=\"final-tiles-gallery  ftg-hover-enabled caption-inside caption-frame caption-none caption-middle caption-center\" id=\"ftg-77\" style=\"width: 100%\"><div class='ftg-items'><div class='loading-bar'><i><\/i><\/div><div  class='tile ftg-preload  '><a title=\"Cuisine \u00e9t\u00e9\" data-lightbox='ftg-77' rel='ftg-77'  class=' tile-inner  ftg-lightbox' href='' ><img alt='Cuisine \u00e9t\u00e9' class='item skip-lazy' data-class='item' data-ftg-source='https:\/\/www.lemasdesfontaines.com\/wp-content\/uploads\/2019\/06\/cuisine-ete-2-1024x683.jpg' src='https:\/\/www.lemasdesfontaines.com\/wp-content\/uploads\/2019\/06\/cuisine-ete-2-1024x683.jpg' width='auto' height='auto' \/><div class='caption-block'><div class='text-wrapper'><span class='title'>Cuisine \u00e9t\u00e9<\/span><\/div><\/div><\/a><div class='ftg-social'><\/div><\/div><div  class='tile ftg-preload  '><a title=\"Cuisine \u00e9t\u00e9\" data-lightbox='ftg-77' rel='ftg-77'  class=' tile-inner  ftg-lightbox' href='' ><img alt='Cuisine \u00e9t\u00e9' class='item skip-lazy' data-class='item' data-ftg-source='https:\/\/www.lemasdesfontaines.com\/wp-content\/uploads\/2019\/06\/cuisine-ete-1-1024x684.jpg' src='https:\/\/www.lemasdesfontaines.com\/wp-content\/uploads\/2019\/06\/cuisine-ete-1-1024x684.jpg' width='auto' height='auto' \/><div class='caption-block'><div class='text-wrapper'><span class='title'>Cuisine \u00e9t\u00e9<\/span><\/div><\/div><\/a><div class='ftg-social'><\/div><\/div><div  class='tile ftg-preload  '><a title=\"Cuisine \u00e9t\u00e9\" data-lightbox='ftg-77' rel='ftg-77'  class=' tile-inner  ftg-lightbox' href='' ><img alt='cuisine \u00e9t\u00e9 montagnac' class='item skip-lazy' data-class='item' data-ftg-source='https:\/\/www.lemasdesfontaines.com\/wp-content\/uploads\/2015\/03\/timthumb-5.jpg' src='https:\/\/www.lemasdesfontaines.com\/wp-content\/uploads\/2015\/03\/timthumb-5.jpg' width='auto' height='auto' \/><div class='caption-block'><div class='text-wrapper'><span class='title'>Cuisine \u00e9t\u00e9<\/span><\/div><\/div><\/a><div class='ftg-social'><\/div><\/div><div  class='tile ftg-preload  '><a title=\"Cuisine \u00e9t\u00e9\" data-lightbox='ftg-77' rel='ftg-77'  class=' tile-inner  ftg-lightbox' href='' ><img alt='table h\u00f4te h\u00e9rault' class='item skip-lazy' data-class='item' data-ftg-source='https:\/\/www.lemasdesfontaines.com\/wp-content\/uploads\/2015\/03\/timthumb-6-768x1024.jpg' src='https:\/\/www.lemasdesfontaines.com\/wp-content\/uploads\/2015\/03\/timthumb-6-768x1024.jpg' width='auto' height='auto' \/><div class='caption-block'><div class='text-wrapper'><span class='title'>Cuisine \u00e9t\u00e9<\/span><\/div><\/div><\/a><div class='ftg-social'><\/div><\/div><\/div><\/div><\/div>\n\n\n\n<p><\/p>\n","protected":false},"excerpt":{"rendered":"Die Sommerk\u00fcche Die Sommerk\u00fcche bietet Platz f\u00fcr das Fr\u00fchst\u00fcck der G\u00e4stezimmer, Mahlzeiten, Tapas- und Weinabende, improvisierte Aperitifs. Es ist ein privilegierter Ort, um mit Ihnen in aller Gem\u00fctlichkeit \"die Welt neu zu gestalten\" oder nur unter sich, wenn Sie das Herrenhaus f\u00fcr mehrere N\u00e4chte privatisieren: Die rustikale K\u00fcche mit ihren Steinmauern und dem imposanten Dachstuhl &hellip; <a href=\"https:\/\/www.lemasdesfontaines.com\/de\/sommerkueche\/\" class=\"excerpt-link\">Read More<\/a>","protected":false},"author":2,"featured_media":494,"parent":0,"menu_order":0,"comment_status":"closed","ping_status":"closed","template":"page-templates\/full-width-page.php","meta":{"om_disable_all_campaigns":false,"_monsterinsights_skip_tracking":false,"_monsterinsights_sitenote_active":false,"_monsterinsights_sitenote_note":"","_monsterinsights_sitenote_category":0,"_uf_show_specific_survey":0,"_uf_disable_surveys":false,"footnotes":""},"class_list":["post-1585","page","type-page","status-publish","has-post-thumbnail","hentry"],"aioseo_notices":[],"_links":{"self":[{"href":"https:\/\/www.lemasdesfontaines.com\/de\/wp-json\/wp\/v2\/pages\/1585","targetHints":{"allow":["GET"]}}],"collection":[{"href":"https:\/\/www.lemasdesfontaines.com\/de\/wp-json\/wp\/v2\/pages"}],"about":[{"href":"https:\/\/www.lemasdesfontaines.com\/de\/wp-json\/wp\/v2\/types\/page"}],"author":[{"embeddable":true,"href":"https:\/\/www.lemasdesfontaines.com\/de\/wp-json\/wp\/v2\/users\/2"}],"replies":[{"embeddable":true,"href":"https:\/\/www.lemasdesfontaines.com\/de\/wp-json\/wp\/v2\/comments?post=1585"}],"version-history":[{"count":3,"href":"https:\/\/www.lemasdesfontaines.com\/de\/wp-json\/wp\/v2\/pages\/1585\/revisions"}],"predecessor-version":[{"id":1779,"href":"https:\/\/www.lemasdesfontaines.com\/de\/wp-json\/wp\/v2\/pages\/1585\/revisions\/1779"}],"wp:featuredmedia":[{"embeddable":true,"href":"https:\/\/www.lemasdesfontaines.com\/de\/wp-json\/wp\/v2\/media\/494"}],"wp:attachment":[{"href":"https:\/\/www.lemasdesfontaines.com\/de\/wp-json\/wp\/v2\/media?parent=1585"}],"curies":[{"name":"wp","href":"https:\/\/api.w.org\/{rel}","templated":true}]}}