{"id":1580,"date":"2026-02-06T10:26:19","date_gmt":"2026-02-06T09:26:19","guid":{"rendered":"https:\/\/www.lemasdesfontaines.com\/gaestezimmer\/"},"modified":"2026-02-06T13:33:41","modified_gmt":"2026-02-06T12:33:41","slug":"gaestezimmer","status":"publish","type":"page","link":"https:\/\/www.lemasdesfontaines.com\/de\/gaestezimmer\/","title":{"rendered":"G\u00e4stezimmer"},"content":{"rendered":"<h2>Liste unserer Bed &amp; Breakfasts :<\/h2>\n<p><a title=\"Das Herrenhaus\" href=\"https:\/\/www.lemasdesfontaines.com\/chambre-hote\/la-maison-de-maitre\/\">Das Herrenhaus<br \/>\n<\/a><a title=\"Das Reisezimmer\" href=\"https:\/\/www.lemasdesfontaines.com\/chambre-hote\/chambre-voyage\/\">Das Reisezimmer<br \/>\n<\/a><a title=\"Das Yin-Yang-Zimmer\" href=\"https:\/\/www.lemasdesfontaines.com\/chambre-hote\/la-chambre-yin-yang\/\">Das Yin Yang Zimmer<br \/>\n<\/a><a title=\"Das blaue Zimmer\" href=\"https:\/\/www.lemasdesfontaines.com\/chambre-hote\/la-chambre-bleue\/\">Das blaue Zimmer<br \/>\n<\/a><a title=\"Das G\u00e4stezimmer\" href=\"https:\/\/www.lemasdesfontaines.com\/chambre-hote\/la-chambre-damis\/\">Das G\u00e4stezimmer<\/a><\/p>\n<p>&nbsp;<\/p>\n<h3>Was ist ein Bed and Breakfast?<\/h3>\n<p>Die Angelsachsen sprechen von B&amp;B, was ein Synonym f\u00fcr &#8222;Bed and Breakfast&#8220; ist. Im Wesentlichen erhalten Sie ein Zimmer in einem Haus mit Fr\u00fchst\u00fcck, das im Preis inbegriffen ist. Kleinere B&amp;Bs k\u00f6nnen nur ein G\u00e4stezimmer haben, so dass Sie sich wirklich wie ein Teil der Familie f\u00fchlen, w\u00e4hrend gr\u00f6\u00dfere B&amp;Bs 4 oder 5 Zimmer haben k\u00f6nnen und mehr Einrichtungen und einen ebenso herzlichen Empfang bieten.  <\/p>\n<h3>Was kostet die Unterbringung in einem B&amp;B?<\/h3>\n<p>Die Preise f\u00fcr G\u00e4stezimmer variieren je nach Ort, Jahreszeit und Anzahl der Personen. Sie sind im Allgemeinen billiger als Hotels, aber einige sind luxuri\u00f6ser und die Preise spiegeln dies wider. <\/p>\n<p>Die meisten Unterk\u00fcnfte basieren auf zwei Personen, die sich ein Zimmer teilen. Einzelzimmer sind selten und Alleinreisende m\u00fcssen ein wenig im Voraus planen. Selbst dann k\u00f6nnen Einzelzimmer etwa 20-50% mehr kosten als der \u00fcbliche Preis pro Person f\u00fcr ein geteiltes Doppelzimmer.  <\/p>\n<h3><\/h3>\n","protected":false},"excerpt":{"rendered":"<p>Liste unserer Bed &amp; Breakfasts : Das Herrenhaus Das Reisezimmer Das Yin Yang Zimmer Das blaue Zimmer Das G\u00e4stezimmer &nbsp; Was ist ein Bed and Breakfast? Die Angelsachsen sprechen von B&amp;B, was ein Synonym f\u00fcr &#8222;Bed and Breakfast&#8220; ist. Im Wesentlichen erhalten Sie ein Zimmer in einem Haus mit Fr\u00fchst\u00fcck, das im Preis inbegriffen ist. &hellip; <a href=\"https:\/\/www.lemasdesfontaines.com\/de\/gaestezimmer\/\" class=\"excerpt-link\">Read More<\/a><\/p>\n","protected":false},"author":2,"featured_media":0,"parent":0,"menu_order":0,"comment_status":"closed","ping_status":"closed","template":"page-templates\/full-width-page.php","meta":{"om_disable_all_campaigns":false,"_monsterinsights_skip_tracking":false,"_monsterinsights_sitenote_active":false,"_monsterinsights_sitenote_note":"","_monsterinsights_sitenote_category":0,"_uf_show_specific_survey":0,"_uf_disable_surveys":false,"footnotes":""},"class_list":["post-1580","page","type-page","status-publish","hentry"],"aioseo_notices":[],"_links":{"self":[{"href":"https:\/\/www.lemasdesfontaines.com\/de\/wp-json\/wp\/v2\/pages\/1580","targetHints":{"allow":["GET"]}}],"collection":[{"href":"https:\/\/www.lemasdesfontaines.com\/de\/wp-json\/wp\/v2\/pages"}],"about":[{"href":"https:\/\/www.lemasdesfontaines.com\/de\/wp-json\/wp\/v2\/types\/page"}],"author":[{"embeddable":true,"href":"https:\/\/www.lemasdesfontaines.com\/de\/wp-json\/wp\/v2\/users\/2"}],"replies":[{"embeddable":true,"href":"https:\/\/www.lemasdesfontaines.com\/de\/wp-json\/wp\/v2\/comments?post=1580"}],"version-history":[{"count":1,"href":"https:\/\/www.lemasdesfontaines.com\/de\/wp-json\/wp\/v2\/pages\/1580\/revisions"}],"predecessor-version":[{"id":1583,"href":"https:\/\/www.lemasdesfontaines.com\/de\/wp-json\/wp\/v2\/pages\/1580\/revisions\/1583"}],"wp:attachment":[{"href":"https:\/\/www.lemasdesfontaines.com\/de\/wp-json\/wp\/v2\/media?parent=1580"}],"curies":[{"name":"wp","href":"https:\/\/api.w.org\/{rel}","templated":true}]}}