{"id":1568,"date":"2026-02-06T13:39:00","date_gmt":"2026-02-06T12:39:00","guid":{"rendered":"https:\/\/www.lemasdesfontaines.com\/nova-rai\/"},"modified":"2026-02-06T13:59:09","modified_gmt":"2026-02-06T12:59:09","slug":"nova-rai","status":"publish","type":"page","link":"https:\/\/www.lemasdesfontaines.com\/de\/nova-rai\/","title":{"rendered":"Nova Ra\u00ef"},"content":{"rendered":"<div class=\"vc_row wpb_row vc_row-fluid\"  >\n\t<div class=\"vc_col-sm-12 wpb_column vc_column_container \">\n\t\t<div class=\"wpb_wrapper\">\n\t\t\t\n\t<div class=\"wpb_text_column wpb_content_element \">\n\t\t<div class=\"wpb_wrapper\">\n\t\t\t<h2 style=\"text-align: center;\">&#8211; Villa von 94 m\u00b2 auf 2 Ebenen f\u00fcr 4 bis 6 Personen mit separater Waschk\u00fcche und 2 sicheren Parkpl\u00e4tzen.<\/h2>\n<ul>\n<li><strong> Private Terrasse und Garten -.<\/strong><\/li>\n<\/ul>\n<p><img decoding=\"async\" class=\"alignright\" style=\"margin: 15px auto; display: block;\" src=\"http:\/\/www.lemasdesfontaines.com\/images\/timthumb.php?src=http:\/\/www.lemasdesfontaines.com\/wp-content\/uploads\/2015\/03\/salon2.jpg&amp;h=310&amp;w=610\" alt=\"\" \/><\/p>\n<p><img style=\"margin: 15px auto; display: block;\" alt=\"\" \/><\/p>\n<p>Von der Villa aus haben Sie direkten Zugang zur Terrasse mit Blick auf einen schattigen Garten und den gesicherten Swimmingpool.<\/p>\n<p>Entdecken Sie ein gro\u00dfes Wohn-\/Esszimmer, eine voll ausgestattete K\u00fcche im Erdgeschoss und ein Doppelzimmer (f\u00fcr Personen mit eingeschr\u00e4nkter Mobilit\u00e4t) mit angepasstem Badezimmer und WC, im Obergeschoss 2 Schlafzimmer, 2 Badezimmer, separates WC; im Au\u00dfenbereich eine Waschk\u00fcche von 15 m\u00b2 mit eigener Waschmaschine und Stauraum; Platz unter dem Schuppen, um Fahrr\u00e4der oder andere Dinge zu lagern.<\/p>\n<ul class=\"ulnone\">\n<li><span class=\"stars\"><a class=\"star-1\" href=\"#\">1<\/a><\/span> In der K\u00fcche: Schr\u00e4nke, Geschirrsp\u00fcler, Cerankochfeld und Backofen, Toaster, Senseo Kaffeemaschine, K\u00fchlschrank mit Gefrierfach, Mikrowelle, Dunstabzugshaube&#8230;<\/li>\n<li><span class=\"stars\"><a class=\"star-1\" href=\"#\">1<\/a><\/span> Das Wohn-\/Esszimmer ist mit vielen kleinen Details ausgestattet: Bilder und verschiedene Gegenst\u00e4nde und Nippes. Tische und St\u00fchle f\u00fcr Mahlzeiten im Haus, Buffet&#8230; Im Wohnzimmer gibt es ein Sofa und 2 Sessel, einen Couchtisch und einen gro\u00dfen Fernseher. Umkehrbare Klimaanlage in diesem Raum.<\/li>\n<li><span class=\"stars\"><a class=\"star-1\" href=\"#\">1<\/a><\/span> Ein gro\u00dfes Zimmer mit 140 cm Schlafplatz, Stauraum und Dekoration.<\/li>\n<li><span class=\"stars\"><a class=\"star-1\" href=\"#\">1<\/a><\/span> Ein behindertengerechtes Badezimmer mit Dusche, erh\u00f6hter Toilette und Handwaschbecken<\/li>\n<li><span class=\"stars\"><a class=\"star-1\" href=\"#\">1<\/a><\/span> Im ersten Stock befindet sich ein Korridor mit Kleiderschrank, der zu 2 Schlafzimmern mit jeweils eigenem Badezimmer und einer separaten Toilette f\u00fchrt.<\/li>\n<li><span class=\"stars\"><a class=\"star-1\" href=\"#\">1<\/a><\/span> Zwei Schlafzimmer mit zwei 90 cm breiten Betten, die auch zusammengestellt werden k\u00f6nnen, um einen 180 cm breiten Schlafplatz zu schaffen, sowie Stauraum und Dekoration.<\/li>\n<li><span class=\"stars\"><a class=\"star-1\" href=\"#\">1<\/a><\/span> Zwei Badezimmer mit Duschkabine und Mischbatterie, einem Schrank f\u00fcr Handt\u00fccher und Toilettenartikel (Haartrockner vorhanden) mit grauem Marmorwaschbecken, einem gro\u00dfen Spiegel mit Spots, etc.<\/li>\n<li><span class=\"stars\"><a class=\"star-1\" href=\"#\">1<\/a><\/span> Es gibt eine separate Toilette.<\/li>\n<li><span class=\"stars\"><a class=\"star-1\" href=\"#\">1<\/a><\/span> Waschk\u00fcche mit privater Waschmaschine, B\u00fcgeleisen und B\u00fcgelbrett, Staubsauger und Reinigungsmaterial.<\/li>\n<li><span class=\"stars\"><a class=\"star-1\" href=\"#\">1<\/a><\/span> Ein Teil eines Hangars f\u00fcr die Lagerung von Fahrr\u00e4dern&#8230;<\/li>\n<li><span class=\"stars\"><a class=\"star-1\" href=\"#\">1<\/a><\/span> Private Au\u00dfenbereiche: eine private Terrasse mit einem Tisch aus Zellige, schmiedeeisernen St\u00fchlen und einem Sonnenschirm&#8230; mit Blick auf einen privaten Garten mit einem wundersch\u00f6nen Olivenbaum, eine weitere kleine Holzterrasse mit einer Sitzgruppe und einem Sessel als Leseecke.<\/li>\n<li><span class=\"stars\"><a class=\"star-1\" href=\"#\">1<\/a><\/span> Ein Holzkohlegrill f\u00fcr Ihr Grillfest!<\/li>\n<\/ul>\n<p>\u00a0<\/p>\n<h3>Zugang zum Zierfischteich unter bestimmten Bedingungen<\/h3>\n<p>Die Nutzung des Zierteiches ist unter der Bedingung m\u00f6glich, dass keine G\u00e4ste in den G\u00e4stezimmern des Herrenhauses \u00fcbernachten und dass eine Hausordnung f\u00fcr die Sicherheit und Ruhe aller eingehalten wird.<\/p>\n<h3>Zugang zum Swimmingpool<\/h3>\n<p>Die G\u00e4ste des Ferienhauses k\u00f6nnen den Pool benutzen (unterhalb des Anwesens, Pool 7 x 4, gemeinsam mit einem anderen Ferienhaus). Die Nutzung des Pools unterliegt einer Hausordnung, um die Sicherheit und Ruhe aller zu gew\u00e4hrleisten.<\/p>\n<h3>Kostenloser WiFi-Zugang<\/h3>\n\n\t\t<\/div> \n\t<\/div> \n\t\t<\/div> \n\t<\/div> \n<\/div>\t<div class=\"vc_row wpb_row vc_row-fluid\"  ><\/div>\n\t<div class=\"vc_col-sm-6 wpb_column vc_column_container \">\n\t\t<div class=\"wpb_wrapper\">\n\t\t\t\n\t<div class=\"wpb_text_column wpb_content_element \">\n\t\t<div class=\"wpb_wrapper\">\n\t\t\t<h3>Preise<\/h3>\n<p>Preise pro Woche (in Euro) auf der Grundlage von 4 bis 6 Personen, je nach Saison.<\/p>\n<ul class=\"ulnone\">\n<li><span class=\"stars\"><span class=\"stars\"><a class=\"star-1\" href=\"#\">1<\/a><strong style=\"font-size: inherit;\"><em>Winter<\/em><\/strong><em style=\"font-size: inherit;\"> November bis M\u00e4rz : <\/em><span style=\"font-size: inherit;\">800\u20ac<\/span><\/span><\/span><\/li>\n<li><span class=\"stars\"><a class=\"star-1\" href=\"#\">1<\/a><\/span><em><strong>Herbst &amp; Fr\u00fchling :<\/strong> <\/em>April bis Juni und Sept. bis Oktober 880\u20ac.<\/li>\n<li><span class=\"stars\"><a class=\"star-1\" href=\"#\">1<\/a><\/span><span class=\"stars\"><em><strong>Sommer :<\/strong><\/em> 1. Juliwoche &amp; letzte Augustwoche: 1.000 \u20ac.<\/span><\/li>\n<li><span class=\"stars\"><a class=\"star-1\" href=\"#\">1<\/a><\/span><span class=\"stars\"><em><strong>Sommer &#8211; Hochsaison : <\/strong><\/em>Juli &amp; August 1250\u20ac.<\/span><\/li>\n<li><span class=\"stars\"><a class=\"star-1\" href=\"#\">1Kurtaxe<\/a>: % des Mietpreises, der von der Gemeinde Agde festgelegt wird pro Erwachsener \/ Anzahl der Bewohner<br \/><\/span><\/li>\n<li><span class=\"stars\"><a class=\"star-1\" href=\"#\">1Endreinigung<\/a>(80 \u20ac)<\/span><\/li>\n<li><span class=\"stars\"><a class=\"star-1\" href=\"#\">1<\/a><\/span><span class=\"stars\">Strom\/Wasser nach Ablesung der individuellen Z\u00e4hler f\u00fcr l\u00e4ngere Zeit oder au\u00dferhalb der Sommerpauschale bei Missbrauch<\/span><\/li>\n<li><span class=\"stars\"><a class=\"star-1\" href=\"#\">11<\/a>oder 2 private und gesicherte Parkpl\u00e4tze im Hof der Domaine vor dem Ferienhaus<\/span><\/li>\n<li><span class=\"stars\"><a class=\"star-1\" href=\"#\">1Die<\/a>Bettw\u00e4sche wird kostenlos zur Verf\u00fcgung gestellt: Bettw\u00e4sche \/ Handt\u00fccher \/ Geschirrt\u00fccher (keine Handt\u00fccher f\u00fcr den Pool oder den Strand, k\u00f6nnen aber vor Ort gemietet werden).<br \/><\/span><\/li>\n<li><span class=\"stars\"><a class=\"star-1\" href=\"#\">1Ein<\/a>&#8222;Baby-Set&#8220; wird kostenlos zur Verf\u00fcgung gestellt: Babybett, Kinderwagen, Hochstuhl, Badewanne (je nach Verf\u00fcgbarkeit). Bettw\u00e4sche wird aufgrund von m\u00f6glichen Allergien nicht zur Verf\u00fcgung gestellt. <\/span><\/li>\n<\/ul>\n\n\t\t<\/div> \n\t<\/div> \n\t\t<\/div> \n\t<\/div> \n\n\t<div class=\"vc_col-sm-6 wpb_column vc_column_container \">\n\t\t<div class=\"wpb_wrapper\">\n\t\t\t\n\t\t<\/div> \n\t<\/div> \n\n\t<div class=\"wpb_text_column wpb_content_element \">\n\t\t<div class=\"wpb_wrapper\">\n\t\t\t\n\t\t<\/div> \n\t<\/div>\n<h3>Zus\u00e4tzliche Leistungen<\/h3>\n<p>Leistungen, die vor Ort gegen Aufpreis erh\u00e4ltlich sind:<\/p>\n<ul class=\"ulnone\">\n<li><span class=\"stars\"><a class=\"star-1\" href=\"#\">1Baby-Sitting<\/a><\/span><\/li>\n<li><span class=\"stars\"><a class=\"star-1\" href=\"#\">1Abendliche<\/a>Wein- und Produktproben je nach Saison und Anzahl der Personen<\/span><\/li>\n<li><span class=\"stars\"><a class=\"star-1\" href=\"#\">1Besuch<\/a>von Weing\u00fctern<\/span><\/li>\n<li><span class=\"stars\"><a class=\"star-1\" href=\"#\">1Abend<\/a>Paella, Tapas, mediterrane K\u00fcche mit Wein aus dem Languedoc <\/span>(nur mit Reservierung)<\/li>\n<li><span class=\"stars\"><a class=\"star-1\" href=\"#\">1Tables<\/a> <\/span> d<span class=\"stars\">&#8218;h\u00f4tes <\/span>(nur mit Reservierung)<\/li>\n<li><span class=\"stars\"><a class=\"star-1\" href=\"#\">1Entdeckung<\/a>der regionalen Produkte<\/span><\/li>\n<\/ul>\n\n\n<div class=\"wp-block-ftg-gallery\"><!-- Final Tiles Grid Gallery for WordPress v3.6.11 free --><style>#ftg-1010 .tile .icon { color:#ffffff; }#ftg-1010 .ftg-items .loading-bar i { background:#666; }#ftg-1010 .ftg-items .loading-bar { background:#fff; }#ftg-1010 .tile .icon { font-size:12px; }#ftg-1010 .tile .icon { margin: -6px 0 0 -6px; }#ftg-1010 .tile .caption-block .text-wrapper span.text { font-size:12px; }#ftg-1010 .tile .caption-outside .text-wrapper span.text { font-size:12px; }#ftg-1010 .tile .caption-block .text-wrapper span.title { font-size:14px; }#ftg-1010 .tile .caption-outside .text-wrapper span.title { font-size:14px; }#ftg-1010 .tile { background-color: transparent; }#ftg-1010 .tile .caption-block .text-wrapper span.text { color: #ffffff; }#ftg-1010 .tile .caption-block .text-wrapper span.title { color: #ffffff; }#ftg-1010 .tile .caption-outside .text-wrapper span.text { color: #ffffff; }#ftg-1010 .tile .caption-outside .text-wrapper span.title { color: #ffffff; }#ftg-1010 .tile .ftg-social a { color: #ffffff; }#ftg-1010 .tile .caption-block { transition-duration:0.25s; }#ftg-1010 .tile .tile-inner:before { background-color: #000000; }#ftg-1010 .tile .tile-inner:before { background-color: rgba(0, 0, 0, 0.8); }#ftg-1010 .tile .caption-block, #ftg-1010 .tile .caption-outside { border-color: #ffffff; }#ftg-1010 .tile:hover img {-moz-transform: ;-webkit-transform: ;-o-transform: ;-ms-transform: ;transform: ;}<\/style><a name=\"10\"><\/a><div class=\"final-tiles-gallery  ftg-hover-enabled caption-inside caption-frame caption-none caption-middle caption-center\" id=\"ftg-1010\" style=\"width: 100%\"><div class='ftg-items'><div class='loading-bar'><i><\/i><\/div><div  class='tile ftg-preload  '><a title=\"vue ext\u00e9rieure\" data-lightbox='ftg-1010' rel='ftg-1010'  class=' tile-inner  ftg-lightbox' href='' ><img alt='gite herault montagnac' class='item skip-lazy' data-class='item' data-ftg-source='https:\/\/www.lemasdesfontaines.com\/wp-content\/uploads\/2015\/03\/novaRai_header-1024x439.jpg' src='https:\/\/www.lemasdesfontaines.com\/wp-content\/uploads\/2015\/03\/novaRai_header-1024x439.jpg' width='auto' height='auto' \/><div class='caption-block'><div class='text-wrapper'><span class='title'>vue ext\u00e9rieure<\/span><\/div><\/div><\/a><div class='ftg-social'><\/div><\/div><div  class='tile ftg-preload  '><a title=\"chambre 3\" data-lightbox='ftg-1010' rel='ftg-1010'  class=' tile-inner  ftg-lightbox' href='' ><img alt='gite herault montagnac' class='item skip-lazy' data-class='item' data-ftg-source='https:\/\/www.lemasdesfontaines.com\/wp-content\/uploads\/2015\/03\/chambre3.jpg' src='https:\/\/www.lemasdesfontaines.com\/wp-content\/uploads\/2015\/03\/chambre3.jpg' width='auto' height='auto' \/><div class='caption-block'><div class='text-wrapper'><span class='title'>chambre 3<\/span><\/div><\/div><\/a><div class='ftg-social'><\/div><\/div><div  class='tile ftg-preload  '><a title=\"vue du salon par le hublot\" data-lightbox='ftg-1010' rel='ftg-1010'  class=' tile-inner  ftg-lightbox' href='' ><img alt='gite herault montagnac' class='item skip-lazy' data-class='item' data-ftg-source='https:\/\/www.lemasdesfontaines.com\/wp-content\/uploads\/2015\/03\/salon2-1024x768.jpg' src='https:\/\/www.lemasdesfontaines.com\/wp-content\/uploads\/2015\/03\/salon2-1024x768.jpg' width='auto' height='auto' \/><div class='caption-block'><div class='text-wrapper'><span class='title'>vue du salon par le hublot<\/span><\/div><\/div><\/a><div class='ftg-social'><\/div><\/div><div  class='tile ftg-preload  '><a title=\"chambre 2\" data-lightbox='ftg-1010' rel='ftg-1010'  class=' tile-inner  ftg-lightbox' href='' ><img alt='gite herault montagnac' class='item skip-lazy' data-class='item' data-ftg-source='https:\/\/www.lemasdesfontaines.com\/wp-content\/uploads\/2015\/03\/chambre2.jpg' src='https:\/\/www.lemasdesfontaines.com\/wp-content\/uploads\/2015\/03\/chambre2.jpg' width='auto' height='auto' \/><div class='caption-block'><div class='text-wrapper'><span class='title'>chambre 2<\/span><\/div><\/div><\/a><div class='ftg-social'><\/div><\/div><div  class='tile ftg-preload  '><a title=\"vue panoramique du salon\" data-lightbox='ftg-1010' rel='ftg-1010'  class=' tile-inner  ftg-lightbox' href='' ><img alt='gite herault montagnac' class='item skip-lazy' data-class='item' data-ftg-source='https:\/\/www.lemasdesfontaines.com\/wp-content\/uploads\/2015\/03\/salon-1024x200.jpg' src='https:\/\/www.lemasdesfontaines.com\/wp-content\/uploads\/2015\/03\/salon-1024x200.jpg' width='auto' height='auto' \/><div class='caption-block'><div class='text-wrapper'><span class='title'>vue panoramique du salon<\/span><\/div><\/div><\/a><div class='ftg-social'><\/div><\/div><div  class='tile ftg-preload  '><a title=\"chambre 1\" data-lightbox='ftg-1010' rel='ftg-1010'  class=' tile-inner  ftg-lightbox' href='' ><img alt='gite herault montagnac' class='item skip-lazy' data-class='item' data-ftg-source='https:\/\/www.lemasdesfontaines.com\/wp-content\/uploads\/2015\/03\/chambre1.jpg' src='https:\/\/www.lemasdesfontaines.com\/wp-content\/uploads\/2015\/03\/chambre1.jpg' width='auto' height='auto' \/><div class='caption-block'><div class='text-wrapper'><span class='title'>chambre 1<\/span><\/div><\/div><\/a><div class='ftg-social'><\/div><\/div><\/div><\/div><\/div>\n","protected":false},"excerpt":{"rendered":"<p>Zus\u00e4tzliche Leistungen Leistungen, die vor Ort gegen Aufpreis erh\u00e4ltlich sind: 1Baby-Sitting 1AbendlicheWein- und Produktproben je nach Saison und Anzahl der Personen 1Besuchvon Weing\u00fctern 1AbendPaella, Tapas, mediterrane K\u00fcche mit Wein aus dem Languedoc (nur mit Reservierung) 1Tables d&#8218;h\u00f4tes (nur mit Reservierung) 1Entdeckungder regionalen Produkte<\/p>\n","protected":false},"author":2,"featured_media":417,"parent":0,"menu_order":0,"comment_status":"closed","ping_status":"closed","template":"page-templates\/full-with-page-fontaines.php","meta":{"om_disable_all_campaigns":false,"_monsterinsights_skip_tracking":false,"_monsterinsights_sitenote_active":false,"_monsterinsights_sitenote_note":"","_monsterinsights_sitenote_category":0,"_uf_show_specific_survey":0,"_uf_disable_surveys":false,"footnotes":""},"class_list":["post-1568","page","type-page","status-publish","has-post-thumbnail","hentry"],"aioseo_notices":[],"_links":{"self":[{"href":"https:\/\/www.lemasdesfontaines.com\/de\/wp-json\/wp\/v2\/pages\/1568","targetHints":{"allow":["GET"]}}],"collection":[{"href":"https:\/\/www.lemasdesfontaines.com\/de\/wp-json\/wp\/v2\/pages"}],"about":[{"href":"https:\/\/www.lemasdesfontaines.com\/de\/wp-json\/wp\/v2\/types\/page"}],"author":[{"embeddable":true,"href":"https:\/\/www.lemasdesfontaines.com\/de\/wp-json\/wp\/v2\/users\/2"}],"replies":[{"embeddable":true,"href":"https:\/\/www.lemasdesfontaines.com\/de\/wp-json\/wp\/v2\/comments?post=1568"}],"version-history":[{"count":4,"href":"https:\/\/www.lemasdesfontaines.com\/de\/wp-json\/wp\/v2\/pages\/1568\/revisions"}],"predecessor-version":[{"id":1782,"href":"https:\/\/www.lemasdesfontaines.com\/de\/wp-json\/wp\/v2\/pages\/1568\/revisions\/1782"}],"wp:featuredmedia":[{"embeddable":true,"href":"https:\/\/www.lemasdesfontaines.com\/de\/wp-json\/wp\/v2\/media\/417"}],"wp:attachment":[{"href":"https:\/\/www.lemasdesfontaines.com\/de\/wp-json\/wp\/v2\/media?parent=1568"}],"curies":[{"name":"wp","href":"https:\/\/api.w.org\/{rel}","templated":true}]}}